{"id":16876,"date":"2024-10-21T13:29:07","date_gmt":"2024-10-21T09:29:07","guid":{"rendered":"https:\/\/aixgroup.ch\/?page_id=16876"},"modified":"2024-10-21T13:34:01","modified_gmt":"2024-10-21T09:34:01","slug":"risk-warning","status":"publish","type":"page","link":"https:\/\/aixgroup.ch\/it\/risk-warning\/","title":{"rendered":"Informativa Sul Rischio"},"content":{"rendered":"<h2>INFORMAZIONI GENERALI SUI RISCHI<\/h2>\n<p>Ogni investimento comporta un certo grado di rischio. I termini e le condizioni di ogni strumento finanziario sono esclusivamente quelli indicati nel prospetto ufficiale (se applicabile) o nel term sheet (se applicabile). Prima di decidere un investimento, leggere attentamente le avvertenze sui rischi contenute nei documenti legali e\/o consultare un esperto finanziario di fiducia in caso di dubbi.<\/p>\n<p>Si noti che le informazioni sui risultati storici o proiettati non sono un indicatore affidabile di guadagni o perdite futuri. Nessun consiglio sugli investimenti: le spiegazioni citate non costituiscono n\u00e9 una consulenza sugli investimenti n\u00e9 una raccomandazione ad acquistare o vendere strumenti finanziari. L&#8217;elenco dei rischi non \u00e8 esaustivo.<\/p>\n<h2>PERDITA POTENZIALE<\/h2>\n<p>Un titolo a reddito fisso pu\u00f2 essere scambiato al di sotto del suo valore nominale effettivo prima della scadenza. Si potrebbe subire una perdita se l&#8217;emittente, cio\u00e8 il mutuatario, non rispetta i suoi obblighi di pagamento.<\/p>\n<h2>RISCHIO DI TASSO DI INTERESSE<\/h2>\n<p>I tassi di interesse possono influenzare il valore di un titolo a reddito fisso, facendolo diminuire. Il rischio \u00e8 a carico dell&#8217;investitore obbligazionario.<\/p>\n<h2>RISCHIO EMITTENTE E RISCHIO DI CREDITO<\/h2>\n<p>L&#8217;investitore si assume il rischio di credito associato all&#8217;emittente di un titolo a reddito fisso. Il rischio di credito si riferisce al pericolo che il debitore non riesca a effettuare i pagamenti.<\/p>\n<h2>RISCHIO DEL GARANTE<\/h2>\n<p>Un garante promette di pagare tutto o parte del valore nominale dell&#8217;obbligazione se l&#8217;emittente dichiara fallimento. L&#8217;investitore in obbligazioni si assume il rischio che il garante non adempia a tale obbligo.<\/p>\n<h2>RISCHIO DI LIQUIDIT\u00c0<\/h2>\n<p>\u00c8 possibile vendere le obbligazioni prima della scadenza solo se si trova un acquirente disposto a farlo. Di conseguenza, ci si assume il rischio di dover tenere l&#8217;obbligazione fino alla scadenza o di venderla in perdita prima della scadenza.<\/p>\n<h2>RISCHIO DI CAMBIO<\/h2>\n<p>Le fluttuazioni dei tassi di cambio possono influenzare il valore di un titolo a reddito fisso denominato in una valuta estera. Tale rischio ricade sull&#8217;investitore.<\/p>\n<h2>RISCHIO DI CONCENTRAZIONE<\/h2>\n<p>Se si acquistano molte obbligazioni di un unico emittente, si potrebbero subire grosse perdite in caso di fallimento dell&#8217;emittente. \u00c8 possibile evitare questo rischio attraverso la diversificazione.<\/p>\n","protected":false},"excerpt":{"rendered":"<p>INFORMAZIONI GENERALI SUI RISCHI Ogni investimento comporta un certo grado di rischio. I termini e le condizioni di ogni strumento finanziario sono esclusivamente quelli indicati nel prospetto ufficiale (se applicabile) o nel term sheet (se applicabile). Prima di decidere un&#8230;<\/p>\n","protected":false},"author":3,"featured_media":12893,"parent":0,"menu_order":192,"comment_status":"closed","ping_status":"closed","template":"","meta":{"inline_featured_image":false,"footnotes":""},"acf":[],"yoast_head":"<!-- This site is optimized with the Yoast SEO Premium plugin v22.6 (Yoast SEO v22.6) - https:\/\/yoast.com\/wordpress\/plugins\/seo\/ -->\n<title>Risk Warning | AIX Group AG<\/title>\n<meta name=\"description\" content=\"This website\u2019s standard terms and conditions written on this web page shall manage your use of our website.\" \/>\n<meta name=\"robots\" content=\"noindex, follow, max-snippet:-1, max-image-preview:large, max-video-preview:-1\" \/>\n<meta property=\"og:locale\" content=\"it_IT\" \/>\n<meta property=\"og:type\" content=\"article\" \/>\n<meta property=\"og:title\" content=\"Informativa Sul Rischio\" \/>\n<meta property=\"og:description\" content=\"This website\u2019s standard terms and conditions written on this web page shall manage your use of our website.\" \/>\n<meta property=\"og:url\" content=\"https:\/\/aixgroup.ch\/it\/risk-warning\/\" \/>\n<meta property=\"og:site_name\" content=\"AIX Group AG\" \/>\n<meta property=\"article:modified_time\" content=\"2024-10-21T09:34:01+00:00\" \/>\n<meta property=\"og:image\" content=\"https:\/\/aixgroup.ch\/wp-content\/uploads\/2020\/02\/insight-banner-1200x162.jpg\" \/>\n\t<meta property=\"og:image:width\" content=\"1700\" \/>\n\t<meta property=\"og:image:height\" content=\"230\" \/>\n\t<meta property=\"og:image:type\" content=\"image\/jpeg\" \/>\n<meta name=\"twitter:card\" content=\"summary_large_image\" \/>\n<meta name=\"twitter:label1\" content=\"Tempo di lettura stimato\" \/>\n\t<meta name=\"twitter:data1\" content=\"2 minuti\" \/>\n<!-- \/ Yoast SEO Premium plugin. -->","yoast_head_json":{"title":"Risk Warning | AIX Group AG","description":"This website\u2019s standard terms and conditions written on this web page shall manage your use of our website.","robots":{"index":"noindex","follow":"follow","max-snippet":"max-snippet:-1","max-image-preview":"max-image-preview:large","max-video-preview":"max-video-preview:-1"},"og_locale":"it_IT","og_type":"article","og_title":"Informativa Sul Rischio","og_description":"This website\u2019s standard terms and conditions written on this web page shall manage your use of our website.","og_url":"https:\/\/aixgroup.ch\/it\/risk-warning\/","og_site_name":"AIX Group AG","article_modified_time":"2024-10-21T09:34:01+00:00","og_image":[{"width":1700,"height":230,"url":"https:\/\/aixgroup.ch\/wp-content\/uploads\/2020\/02\/insight-banner-1200x162.jpg","type":"image\/jpeg"}],"twitter_card":"summary_large_image","twitter_misc":{"Tempo di lettura stimato":"2 minuti"},"schema":{"@context":"https:\/\/schema.org","@graph":[{"@type":"WebPage","@id":"https:\/\/aixgroup.ch\/it\/risk-warning\/","url":"https:\/\/aixgroup.ch\/it\/risk-warning\/","name":"Risk Warning | AIX Group AG","isPartOf":{"@id":"https:\/\/aixgroup.ch\/#website"},"primaryImageOfPage":{"@id":"https:\/\/aixgroup.ch\/it\/risk-warning\/#primaryimage"},"image":{"@id":"https:\/\/aixgroup.ch\/it\/risk-warning\/#primaryimage"},"thumbnailUrl":"https:\/\/aixgroup.ch\/wp-content\/uploads\/2020\/02\/insight-banner.jpg","datePublished":"2024-10-21T09:29:07+00:00","dateModified":"2024-10-21T09:34:01+00:00","description":"This website\u2019s standard terms and conditions written on this web page shall manage your use of our website.","breadcrumb":{"@id":"https:\/\/aixgroup.ch\/it\/risk-warning\/#breadcrumb"},"inLanguage":"it-IT","potentialAction":[{"@type":"ReadAction","target":["https:\/\/aixgroup.ch\/it\/risk-warning\/"]}]},{"@type":"ImageObject","inLanguage":"it-IT","@id":"https:\/\/aixgroup.ch\/it\/risk-warning\/#primaryimage","url":"https:\/\/aixgroup.ch\/wp-content\/uploads\/2020\/02\/insight-banner.jpg","contentUrl":"https:\/\/aixgroup.ch\/wp-content\/uploads\/2020\/02\/insight-banner.jpg","width":1700,"height":230},{"@type":"BreadcrumbList","@id":"https:\/\/aixgroup.ch\/it\/risk-warning\/#breadcrumb","itemListElement":[{"@type":"ListItem","position":1,"name":"Home","item":"https:\/\/aixgroup.ch\/"},{"@type":"ListItem","position":2,"name":"Informativa Sul Rischio"}]},{"@type":"WebSite","@id":"https:\/\/aixgroup.ch\/#website","url":"https:\/\/aixgroup.ch\/","name":"AIX Group AG","description":"Our proven track record allows us to offer investors fixed returns via AIX BOND, while minimizing the risk and helping them invest in a safe way.","publisher":{"@id":"https:\/\/aixgroup.ch\/#organization"},"potentialAction":[{"@type":"SearchAction","target":{"@type":"EntryPoint","urlTemplate":"https:\/\/aixgroup.ch\/?s={search_term_string}"},"query-input":"required name=search_term_string"}],"inLanguage":"it-IT"},{"@type":"Organization","@id":"https:\/\/aixgroup.ch\/#organization","name":"AIX Group AG","url":"https:\/\/aixgroup.ch\/","logo":{"@type":"ImageObject","inLanguage":"it-IT","@id":"https:\/\/aixgroup.ch\/#\/schema\/logo\/image\/","url":"https:\/\/aixgroup.ch\/wp-content\/uploads\/2024\/05\/aix-group-logo.png","contentUrl":"https:\/\/aixgroup.ch\/wp-content\/uploads\/2024\/05\/aix-group-logo.png","width":549,"height":304,"caption":"AIX Group AG"},"image":{"@id":"https:\/\/aixgroup.ch\/#\/schema\/logo\/image\/"}}]}},"_links":{"self":[{"href":"https:\/\/aixgroup.ch\/it\/wp-json\/wp\/v2\/pages\/16876"}],"collection":[{"href":"https:\/\/aixgroup.ch\/it\/wp-json\/wp\/v2\/pages"}],"about":[{"href":"https:\/\/aixgroup.ch\/it\/wp-json\/wp\/v2\/types\/page"}],"author":[{"embeddable":true,"href":"https:\/\/aixgroup.ch\/it\/wp-json\/wp\/v2\/users\/3"}],"replies":[{"embeddable":true,"href":"https:\/\/aixgroup.ch\/it\/wp-json\/wp\/v2\/comments?post=16876"}],"version-history":[{"count":4,"href":"https:\/\/aixgroup.ch\/it\/wp-json\/wp\/v2\/pages\/16876\/revisions"}],"predecessor-version":[{"id":17685,"href":"https:\/\/aixgroup.ch\/it\/wp-json\/wp\/v2\/pages\/16876\/revisions\/17685"}],"wp:featuredmedia":[{"embeddable":true,"href":"https:\/\/aixgroup.ch\/it\/wp-json\/wp\/v2\/media\/12893"}],"wp:attachment":[{"href":"https:\/\/aixgroup.ch\/it\/wp-json\/wp\/v2\/media?parent=16876"}],"curies":[{"name":"wp","href":"https:\/\/api.w.org\/{rel}","templated":true}]}}