{"id":16107,"date":"2024-11-18T12:50:01","date_gmt":"2024-11-18T08:50:01","guid":{"rendered":"https:\/\/aixgroup.ch\/?page_id=16107"},"modified":"2024-11-18T13:23:33","modified_gmt":"2024-11-18T09:23:33","slug":"fixed-rate-bonds","status":"publish","type":"page","link":"https:\/\/aixgroup.ch\/it\/fixed-rate-bonds\/","title":{"rendered":"What are Fixed Rate Bonds? Guides\u00a0To\u00a0Investing"},"content":{"rendered":"<h3 id=\"what-bonds\" class=\"link-header\">Cosa sono le obbligazioni a tasso fisso? Guide all&#8217;investimento<\/h3>\n<p>Le obbligazioni sono da sempre l&#8217;opzione preferita dagli investitori che cercano titoli a reddito fisso stabili e sicuri in periodi di incertezza. Eventi recenti, come la recessione economica globale e le tensioni geopolitiche, hanno accresciuto l&#8217;apprezzamento e la preferenza per le obbligazioni, facendone una classe di asset oggi molto ricercata.<\/p>\n<p><img decoding=\"async\" src=\"https:\/\/aixgroup.ch\/wp-content\/uploads\/2024\/01\/real-estate-maon-image.jpg\" width=\"100%\" \/><\/p>\n<div class=\"\">\n<h3><\/h3>\n<h3 id=\"bond-concept\" class=\"link-header\">Il semplice concetto di obbligazioni e il suo funzionamento<\/h3>\n<p>Per obbligazione si intende uno strumento finanziario a reddito fisso che ricalca lo stesso concetto del prestito. Si tratta di un accordo formale tra un investitore noto come &#8220;prestatore&#8221; e un&#8217;entit\u00e0 mutuataria nota come &#8220;emittente&#8221;.<\/p>\n<p>L&#8217;emittente delle obbligazioni pu\u00f2 essere un governo, una societ\u00e0, una citt\u00e0 o un comune. In genere, le obbligazioni sono emesse per raccogliere fondi da destinare a progetti specifici. Se decidi di investire in obbligazioni, di fatto presti denaro in qualit\u00e0 di creditore.<\/p>\n<p>Le obbligazioni presentano terminologie specifiche che ne definiscono la struttura e le caratteristiche. Conoscerle permette di comprendere appieno le complessit\u00e0 associate a questo strumento finanziario e il suo funzionamento.<\/p>\n<p>Ecco alcune terminologie chiave associate al concetto di obbligazioni.<\/p>\n<ul>\n<li>\n<div><strong>Valore nominale o capitale<\/strong> &#8211; Si riferisce all&#8217;importo iniziale pagato dall&#8217;obbligazionista all&#8217;emittente per acquistare l&#8217;obbligazione. Il valore nominale o capitale sar\u00e0 rimborsato alla fine del periodo obbligazionario (scadenza).<\/div>\n<\/li>\n<li>\n<div><strong>Data di scadenza<\/strong> &#8211; Le obbligazioni sono emesse per un determinato periodo. La fine di questa durata o periodo \u00e8 nota come data di scadenza, alla quale l&#8217;emittente \u00e8 obbligato a rimborsare l&#8217;importo principale o il valore nominale all&#8217;obbligazionista.<\/div>\n<\/li>\n<li>\n<div><strong>Tasso cedolare\u00a0<\/strong> &#8211; Si riferisce al tasso d&#8217;interesse periodico che l&#8217;emittente deve pagare all&#8217;obbligazionista durante il periodo dell&#8217;obbligazione. \u00c8 escluso l&#8217;importo principale che sar\u00e0 da rimborsare alla scadenza. Le cedole sono espresse in percentuale sul valore nominale dell&#8217;obbligazione e sono corrisposte su base semestrale o annuale.<\/div>\n<\/li>\n<li>\n<div><strong>Rendimento<\/strong> &#8211; Si riferisce al rendimento totale dell&#8217;investimento obbligazionario, che tiene conto del pagamento degli interessi e di eventuali guadagni o perdite in conto capitale.<\/div>\n<\/li>\n<li>\n<div><strong>Prezzo di mercato<\/strong> &#8211; Il prezzo corrente dell&#8217;obbligazione sul mercato secondario. Spesso il prezzo fluttua in base alle condizioni di mercato.<\/div>\n<\/li>\n<li>\n<div><strong>Rating creditizio<\/strong> &#8211; \u00c8 il rating assegnato a un&#8217;obbligazione dalle agenzie di rating, che consente agli investitori di farsi un&#8217;idea della solvibilit\u00e0 e della probabilit\u00e0 di rimborso puntuale da parte dell&#8217;emittente.<\/div>\n<\/li>\n<li>\n<div><strong>Opzione call<\/strong> &#8211; Una clausola che consente all&#8217;emittente di &#8220;riscattare&#8221; o ritirare le obbligazioni emesse prima della scadenza.<\/div>\n<\/li>\n<li>\n<div><strong>Opzione put<\/strong> &#8211; Una clausola che consente all&#8217;obbligazionista di rivendere le obbligazioni all&#8217;emittente prima della scadenza.<\/div>\n<\/li>\n<\/ul>\n<p>Il concetto alla base delle obbligazioni \u00e8 che gli investitori prestano denaro all&#8217;emittente dell&#8217;obbligazione in cambio del pagamento regolare di interessi (tasso cedolare) per un determinato periodo e viene loro restituito il capitale alla scadenza.<\/p>\n<h3><\/h3>\n<h3 id=\"bond-type\" class=\"link-header\">Tipi di obbligazioni<\/h3>\n<p>Le obbligazioni sono principalmente di due tipi:<\/p>\n<h5>Titoli di Stato<\/h5>\n<p>Si tratta di obbligazioni emesse esclusivamente dal governo di un determinato Paese. Sono a basso rischio perch\u00e9 sono garantite dal credito sovrano di un governo nazionale. Inoltre, assicurano la stabilit\u00e0 dell&#8217;investimento in quanto la probabilit\u00e0 di default \u00e8 notevolmente ridotta.<\/p>\n<p>Tuttavia, sono fortemente condizionati dalle politiche economiche e fiscali del governo. I titoli di Stato comportano anche il costo opportunit\u00e0 di rendimenti pi\u00f9 elevati offerti dalle obbligazioni societarie e dalle classi di asset pi\u00f9 rischiose.<\/p>\n<h5>Obbligazioni societarie<\/h5>\n<p>Le obbligazioni emesse da aziende od organizzazioni per raccogliere fondi per le loro iniziative, quali espansione, ricerca e sviluppo, sono chiamate obbligazioni societarie. Offrono un rendimento pi\u00f9 elevato rispetto ai titoli di Stato per compensare l&#8217;alto profilo di rischio. \u00c8 questo uno dei motivi principali per cui molti investitori scelgono di investire in obbligazioni societarie.<\/p>\n<p>Le obbligazioni societarie abbracciano un&#8217;ampia gamma di settori, consentendo agli investitori di diversificare il proprio portafoglio. Dato che la performance di mercato dei diversi settori varia, questa diversificazione garantisce una maggiore mitigazione del rischio.<\/p>\n<p>Inoltre, le obbligazioni societarie consentono una rivalutazione del capitale a seconda delle condizioni di mercato e della performance della societ\u00e0 emittente. Il risultato \u00e8 una portata pi\u00f9 ampia del rendimento complessivo dell&#8217;investimento.<\/p>\n<h3><\/h3>\n<h3 id=\"bond-second\" class=\"link-header\">Obbligazioni nel mercato secondario<\/h3>\n<p>\u00c8 possibile negoziare le obbligazioni sul mercato secondario e il rendimento \u00e8 un parametro chiave della loro domanda. In altre parole, il rendimento \u00e8 il ritorno sull&#8217;investimento che un obbligazionista pu\u00f2 ottenere detenendo una determinata obbligazione fino alla scadenza. Sono inclusi i pagamenti di cedole o interessi, il prezzo di mercato corrente e il tempo rimanente fino alla scadenza dell&#8217;obbligazione. Si calcola dividendo il tasso cedolare per il prezzo corrente (cedola \u00f7 prezzo corrente = rendimento).<\/p>\n<p>I tassi di interesse presentano una relazione inversa rispetto al valore delle obbligazioni. Se i tassi d&#8217;interesse attuali scendono, le obbligazioni pi\u00f9 vecchie saranno pi\u00f9 allettanti (domanda elevata), dato che sono state vendute in precedenza a un tasso d&#8217;interesse pi\u00f9 elevato e, quindi, hanno cedole pi\u00f9 alte. In queste condizioni di mercato, gli investitori con obbligazioni pi\u00f9 vecchie possono richiedere un &#8220;sovrapprezzo&#8221; per venderle sul mercato secondario.<\/p>\n<p>Al contrario, quando i tassi d&#8217;interesse aumentano, le obbligazioni pi\u00f9 vecchie perdono valore (minore domanda), poich\u00e9 le cedole hanno un tasso relativamente basso rispetto alla data di acquisto. Ci\u00f2 consente di negoziare le obbligazioni pi\u00f9 vecchie a un tasso &#8220;scontato&#8221;.<\/p>\n<p>A prescindere dalla situazione, \u00e8 sempre fondamentale adottare una prospettiva di lungo termine. Quando i prezzi delle obbligazioni sono scontati, gli investitori possono beneficiare di rendimenti pi\u00f9 elevati alla scadenza delle obbligazioni. Il ribilanciamento dei portafogli durante le fasi di ribasso dei mercati consente di acquistare obbligazioni a prezzi inferiori.<\/p>\n<h3><\/h3>\n<h3 id=\"bond-stable\" class=\"link-header\">Perch\u00e9 le obbligazioni sono un&#8217;opzione di investimento stabile<\/h3>\n<h5>1. Conservazione del capitale<\/h5>\n<p>Le obbligazioni sono un investimento fisso che garantisce la restituzione del capitale alla scadenza. Perci\u00f2 assicurano la conservazione del valore nominale dell&#8217;investimento e sono un&#8217;ottima scelta per gli investitori con minore tolleranza al rischio.<\/p>\n<h5>2. Reddito stabile e regolare<\/h5>\n<p>Oltre al capitale garantito alla scadenza, le obbligazioni generano un reddito fisso grazie al pagamento di cedole a intervalli regolari. Il tasso cedolare non \u00e8 influenzato dalle condizioni di mercato e garantisce un reddito stabile e regolare.<\/p>\n<h5>3. Diversificazione del portafoglio<\/h5>\n<p>Investire in diverse obbligazioni e in altre classi di asset, in generale, contribuisce a diversificare il portafoglio e a mantenerlo stabile in qualsiasi condizione di mercato. Cos\u00ec \u00e8 possibile adottare la strategia, ormai consolidata, di non mettere tutte le uova nello stesso paniere. Perci\u00f2, anche se una categoria di obbligazioni non dovesse registrare un buon rendimento, le altre possono mantenere un andamento stabile o favorevole.<\/p>\n<h5>4. Gestione del rischio<\/h5>\n<p>\u00c8 generalmente noto che gli investimenti a reddito fisso sono meno rischiosi di molte altre classi di investimenti. Questo perch\u00e9 rischi macroeconomici come crisi economiche ed eventi geopolitici in genere sono meno rilevanti per gli asset a reddito fisso.<\/p>\n<h5>5. Ricavi prevedibili<\/h5>\n<p>Grazie alla scadenza predeterminata e al pagamento di cedole fisse (interessi), i ricavi obbligazionari sono pi\u00f9 prevedibili rispetto ad altre opzioni di investimento dinamiche. Inoltre, la garanzia del ritorno del capitale alla scadenza aiuta a pianificare meglio finanze e strategie di investimento.<\/p>\n<h3><\/h3>\n<h3 id=\"bond-risk\" class=\"link-header\">Rischi comuni legati alle obbligazioni<\/h3>\n<h5>Tasso di interesse<\/h5>\n<p>I valori di mercato delle obbligazioni sul mercato secondario sono influenzati dalle fluttuazioni dei tassi di interesse. In genere, i tassi di interesse e il prezzo delle obbligazioni presentano una relazione inversa.<\/p>\n<h5>Inflazione<\/h5>\n<p>Dato che con l&#8217;inflazione il potere d&#8217;acquisto diminuisce, le obbligazioni a tasso fisso potrebbero non essere in grado di stare al passo con il crescente costo della vita, riducendo cos\u00ec i profitti effettivi degli investitori.<\/p>\n<h5>Rischio creditizio<\/h5>\n<p>\u00c8 il rischio associato alla possibilit\u00e0 che l&#8217;emittente di un&#8217;obbligazione smetta di pagare gli interessi o non rimborsi il capitale.<\/p>\n<h5>Liquidit\u00e0<\/h5>\n<p>A seconda delle condizioni di mercato, talvolta le obbligazioni possono perdere la liquidit\u00e0, ostacolandone la vendita ai prezzi previsti. La scarsa commerciabilit\u00e0 pu\u00f2 impedire di convertire le obbligazioni in contanti in caso di emergenza.<\/p>\n<h5>Obbligazione callable<\/h5>\n<p>Le obbligazioni con caratteristiche callable consentono all&#8217;emittente di rimborsare le obbligazioni prima della scadenza. Il rischio \u00e8 che gli investitori debbano reinvestire quando i tassi d&#8217;interesse scendono e le condizioni di mercato appaiono sfavorevoli nel lungo periodo.<\/p>\n<h3><\/h3>\n<h3 id=\"checklist\" class=\"link-header\">Lista di controllo pre-investimento<\/h3>\n<h5>Valuta la tua attuale situazione finanziaria<\/h5>\n<p>Fai una valutazione dettagliata della tua attuale situazione finanziaria. Considera il tuo reddito, le spese, le attivit\u00e0 e le passivit\u00e0. Conoscere la tua situazione finanziaria ti offre informazioni utili sulle risorse che puoi reinvestire e ti aiuta a fissare obiettivi realistici.<\/p>\n<h5>Definisci i tuoi obiettivi e le tempistiche<\/h5>\n<p>Stabilisci chiaramente i tuoi obiettivi finanziari a lungo e a breve termine. Ti stai preparando alla pensione, stai risparmiando per un acquisto importante o accumulando un fondo d&#8217;emergenza? In ogni caso, \u00e8 importante stabilire obiettivi finanziari in linea con un orizzonte temporale.<\/p>\n<h5>Comprendi la tua tolleranza al rischio<\/h5>\n<p>Valuta la tua propensione al rischio o la tua tolleranza alle oscillazioni e all&#8217;eventuale volatilit\u00e0 del mercato. Cos\u00ec puoi stabilire un quadro affidabile per sviluppare un piano d&#8217;investimento specifico per i tuoi obiettivi finanziari.<\/p>\n<h5>Verifica la solvibilit\u00e0<\/h5>\n<p>Il rating di un&#8217;obbligazione indica la sua solvibilit\u00e0. Pi\u00f9 basso \u00e8 il rating, maggiore \u00e8 la probabilit\u00e0 che l&#8217;obbligazione vada in default e tu perda l&#8217;investimento. In base al sistema di rating di Standard &#038; Poor&#8217;s, il rating pi\u00f9 alto per un&#8217;obbligazione \u00e8 AAA. Il rischio di insolvenza pi\u00f9 elevato \u00e8 associato alle obbligazioni di bassa qualit\u00e0 o &#8220;spazzatura&#8221;, ovvero tutte le obbligazioni con un rating C o inferiore.<\/p>\n<h5>Tieni conto dei rischi macroeconomici<\/h5>\n<p>Le obbligazioni perdono valore man mano che i tassi di interesse aumentano. La possibilit\u00e0 che i tassi di interesse cambino prima dello scadere dell&#8217;obbligazione \u00e8 nota come rischio di tasso di interesse. Tuttavia, \u00e8 difficile prevedere per tempo l&#8217;andamento del mercato. Pertanto, quando si esaminano le condizioni economiche o di mercato, bisogna sempre tenere conto dei propri obiettivi finanziari a lungo termine.<\/p>\n<h3><\/h3>\n<p>Scopri il nostro <a href=\"https:\/\/aixgroup.ch\/it\" class=\"promoted-pdt-link\">prodotto in promozione<\/a> che alloca i fondi in classi di asset ad alto rendimento e ti aiuta a costruire un portafoglio d&#8217;investimento perfettamente in linea con i tuoi obiettivi finanziari. Rivolgiti a uno dei nostri associati per una consulenza personalizzata, che ti aiuter\u00e0 a fare scelte consapevoli e informate nel tuo percorso verso la libert\u00e0 finanziaria.<\/p>\n<p><a href=\"https:\/\/aixgroup.ch\/it\/contact-us\/#contact-form-main\" class=\"sched-meet-btn\">FISSA UN APPUNTAMENTO <\/a><\/p>\n<\/div>\n","protected":false},"excerpt":{"rendered":"<p>Cosa sono le obbligazioni a tasso fisso? Guide all&#8217;investimento Le obbligazioni sono da sempre l&#8217;opzione preferita dagli investitori che cercano titoli a reddito fisso stabili e sicuri in periodi di incertezza. Eventi recenti, come la recessione economica globale e le&#8230;<\/p>\n","protected":false},"author":3,"featured_media":16242,"parent":0,"menu_order":64,"comment_status":"closed","ping_status":"closed","template":"page-fixed-rate-bonds-sight-nav.php","meta":{"inline_featured_image":false,"footnotes":""},"acf":[],"yoast_head":"<!-- This site is optimized with the Yoast SEO Premium plugin v22.6 (Yoast SEO v22.6) - https:\/\/yoast.com\/wordpress\/plugins\/seo\/ -->\n<title>What are Fixed Rate Bonds? Guides\u00a0To\u00a0Investing | AIX Group AG<\/title>\n<meta name=\"description\" content=\"Navigate the bond investment market confidently with AIX. Here is a simple guide to help you make informed decisions and achieve financial freedom.\" \/>\n<meta name=\"robots\" content=\"noindex, follow, max-snippet:-1, max-image-preview:large, max-video-preview:-1\" \/>\n<meta property=\"og:locale\" content=\"it_IT\" \/>\n<meta property=\"og:type\" content=\"article\" \/>\n<meta property=\"og:title\" content=\"What are Fixed Rate Bonds? Guides\u00a0To\u00a0Investing\" \/>\n<meta property=\"og:description\" content=\"Navigate the bond investment market confidently with AIX. Here is a simple guide to help you make informed decisions and achieve financial freedom.\" \/>\n<meta property=\"og:url\" content=\"https:\/\/aixgroup.ch\/it\/fixed-rate-bonds\/\" \/>\n<meta property=\"og:site_name\" content=\"AIX Group AG\" \/>\n<meta property=\"article:modified_time\" content=\"2024-11-18T09:23:33+00:00\" \/>\n<meta property=\"og:image\" content=\"https:\/\/aixgroup.ch\/wp-content\/uploads\/2024\/01\/real-estate-maon-image.jpg\" \/>\n\t<meta property=\"og:image:width\" content=\"1140\" \/>\n\t<meta property=\"og:image:height\" content=\"530\" \/>\n\t<meta property=\"og:image:type\" content=\"image\/jpeg\" \/>\n<meta name=\"twitter:card\" content=\"summary_large_image\" \/>\n<meta name=\"twitter:image\" content=\"https:\/\/aixgroup.ch\/wp-content\/uploads\/2023\/12\/4-copy.jpg\" \/>\n<meta name=\"twitter:label1\" content=\"Tempo di lettura stimato\" \/>\n\t<meta name=\"twitter:data1\" content=\"8 minuti\" \/>\n<!-- \/ Yoast SEO Premium plugin. -->","yoast_head_json":{"title":"What are Fixed Rate Bonds? Guides\u00a0To\u00a0Investing | AIX Group AG","description":"Navigate the bond investment market confidently with AIX. Here is a simple guide to help you make informed decisions and achieve financial freedom.","robots":{"index":"noindex","follow":"follow","max-snippet":"max-snippet:-1","max-image-preview":"max-image-preview:large","max-video-preview":"max-video-preview:-1"},"og_locale":"it_IT","og_type":"article","og_title":"What are Fixed Rate Bonds? Guides\u00a0To\u00a0Investing","og_description":"Navigate the bond investment market confidently with AIX. Here is a simple guide to help you make informed decisions and achieve financial freedom.","og_url":"https:\/\/aixgroup.ch\/it\/fixed-rate-bonds\/","og_site_name":"AIX Group AG","article_modified_time":"2024-11-18T09:23:33+00:00","og_image":[{"width":1140,"height":530,"url":"https:\/\/aixgroup.ch\/wp-content\/uploads\/2024\/01\/real-estate-maon-image.jpg","type":"image\/jpeg"}],"twitter_card":"summary_large_image","twitter_image":"https:\/\/aixgroup.ch\/wp-content\/uploads\/2023\/12\/4-copy.jpg","twitter_misc":{"Tempo di lettura stimato":"8 minuti"},"schema":{"@context":"https:\/\/schema.org","@graph":[{"@type":"WebPage","@id":"https:\/\/aixgroup.ch\/it\/fixed-rate-bonds\/","url":"https:\/\/aixgroup.ch\/it\/fixed-rate-bonds\/","name":"Bond Investments with AIX: A Simple Guide","isPartOf":{"@id":"https:\/\/aixgroup.ch\/#website"},"primaryImageOfPage":{"@id":"https:\/\/aixgroup.ch\/it\/fixed-rate-bonds\/#primaryimage"},"image":{"@id":"https:\/\/aixgroup.ch\/it\/fixed-rate-bonds\/#primaryimage"},"thumbnailUrl":"https:\/\/aixgroup.ch\/wp-content\/uploads\/2024\/01\/real-estate-maon-image.jpg","datePublished":"2024-11-18T08:50:01+00:00","dateModified":"2024-11-18T09:23:33+00:00","description":"Navigate the bond investment market confidently with AIX. Here is a simple guide to help you make informed decisions and achieve financial freedom.","breadcrumb":{"@id":"https:\/\/aixgroup.ch\/it\/fixed-rate-bonds\/#breadcrumb"},"inLanguage":"it-IT","potentialAction":[{"@type":"ReadAction","target":["https:\/\/aixgroup.ch\/it\/fixed-rate-bonds\/"]}]},{"@type":"ImageObject","inLanguage":"it-IT","@id":"https:\/\/aixgroup.ch\/it\/fixed-rate-bonds\/#primaryimage","url":"https:\/\/aixgroup.ch\/wp-content\/uploads\/2024\/01\/real-estate-maon-image.jpg","contentUrl":"https:\/\/aixgroup.ch\/wp-content\/uploads\/2024\/01\/real-estate-maon-image.jpg","width":1142,"height":530},{"@type":"BreadcrumbList","@id":"https:\/\/aixgroup.ch\/it\/fixed-rate-bonds\/#breadcrumb","itemListElement":[{"@type":"ListItem","position":1,"name":"Home","item":"https:\/\/aixgroup.ch\/"},{"@type":"ListItem","position":2,"name":"What are Fixed Rate Bonds? Guides\u00a0To\u00a0Investing"}]},{"@type":"WebSite","@id":"https:\/\/aixgroup.ch\/#website","url":"https:\/\/aixgroup.ch\/","name":"AIX Group AG","description":"Our proven track record allows us to offer investors fixed returns via AIX BOND, while minimizing the risk and helping them invest in a safe way.","publisher":{"@id":"https:\/\/aixgroup.ch\/#organization"},"potentialAction":[{"@type":"SearchAction","target":{"@type":"EntryPoint","urlTemplate":"https:\/\/aixgroup.ch\/?s={search_term_string}"},"query-input":"required name=search_term_string"}],"inLanguage":"it-IT"},{"@type":"Organization","@id":"https:\/\/aixgroup.ch\/#organization","name":"AIX Group AG","url":"https:\/\/aixgroup.ch\/","logo":{"@type":"ImageObject","inLanguage":"it-IT","@id":"https:\/\/aixgroup.ch\/#\/schema\/logo\/image\/","url":"https:\/\/aixgroup.ch\/wp-content\/uploads\/2024\/05\/aix-group-logo.png","contentUrl":"https:\/\/aixgroup.ch\/wp-content\/uploads\/2024\/05\/aix-group-logo.png","width":549,"height":304,"caption":"AIX Group AG"},"image":{"@id":"https:\/\/aixgroup.ch\/#\/schema\/logo\/image\/"}}]}},"_links":{"self":[{"href":"https:\/\/aixgroup.ch\/it\/wp-json\/wp\/v2\/pages\/16107"}],"collection":[{"href":"https:\/\/aixgroup.ch\/it\/wp-json\/wp\/v2\/pages"}],"about":[{"href":"https:\/\/aixgroup.ch\/it\/wp-json\/wp\/v2\/types\/page"}],"author":[{"embeddable":true,"href":"https:\/\/aixgroup.ch\/it\/wp-json\/wp\/v2\/users\/3"}],"replies":[{"embeddable":true,"href":"https:\/\/aixgroup.ch\/it\/wp-json\/wp\/v2\/comments?post=16107"}],"version-history":[{"count":7,"href":"https:\/\/aixgroup.ch\/it\/wp-json\/wp\/v2\/pages\/16107\/revisions"}],"predecessor-version":[{"id":17775,"href":"https:\/\/aixgroup.ch\/it\/wp-json\/wp\/v2\/pages\/16107\/revisions\/17775"}],"wp:featuredmedia":[{"embeddable":true,"href":"https:\/\/aixgroup.ch\/it\/wp-json\/wp\/v2\/media\/16242"}],"wp:attachment":[{"href":"https:\/\/aixgroup.ch\/it\/wp-json\/wp\/v2\/media?parent=16107"}],"curies":[{"name":"wp","href":"https:\/\/api.w.org\/{rel}","templated":true}]}}