{"id":12932,"date":"2020-01-21T13:12:23","date_gmt":"2020-01-21T13:12:23","guid":{"rendered":"https:\/\/aixgroup.ch\/privacy-policy\/"},"modified":"2024-10-21T11:07:01","modified_gmt":"2024-10-21T07:07:01","slug":"privacy-policy","status":"publish","type":"page","link":"https:\/\/aixgroup.ch\/it\/privacy-policy\/","title":{"rendered":"Informativa Sulla Privacy"},"content":{"rendered":"<h2>INFORMATIVA SULLA PRIVACY<\/h2>\n<p>AIX Group AG con le sue affiliate e consociate (collettivamente denominate \u201cAIX\u201d, \u201cnoi\u201d, \u201cci\u201d o \u201cnostro\u201d) possiede e gestisce <a href=\"https:\/\/aixgroup.ch\/it\/\">https:\/\/aixgroup.ch\/<\/a> e i relativi sottodomini, siti, applicazioni online, servizi e strumenti (\u201cPiattaforma\u201d). La Piattaforma e i servizi per i membri (\u201cServizi\u201d) sono forniti come servizio agli utenti (\u201cUtente\u201d o \u201cSuo\u201d).<\/p>\n<p>La presente Informativa sulla privacy comunica all&#8217;utente le nostre politiche relative alla raccolta, all&#8217;utilizzo e alla divulgazione dei suoi dati personali quando utilizza i nostri Servizi.<\/p>\n<p>Utilizzando i nostri Servizi, l&#8217;utente accetta la raccolta e l&#8217;utilizzo dei propri dati personali in conformit\u00e0 alla presente Informativa sulla privacy. Salvo diversa definizione indicata nella presente Informativa sulla privacy, i termini ivi utilizzati hanno lo stesso significato riportato nei nostri <a href=\"https:\/\/aixgroup.ch\/it\/terms-and-conditions\/\" target=\"_blank\" rel=\"noopener\">Termini e Condizioni<\/a>.<\/p>\n<p>La presente Informativa sulla privacy pu\u00f2 essere periodicamente modificata. Consultare questa pagina.<\/p>\n<p>In caso di modifiche sostanziali alla nostra Informativa sulla privacy e al trattamento dei dati personali, ne daremo avviso tramite e-mail e potremmo chiedere all&#8217;utente di prestare il consenso.<\/p>\n<h2>CONSENSO<\/h2>\n<p>Utilizzando i nostri Servizi, l&#8217;utente accetta e presta il consenso al trattamento dei suoi dati personali in conformit\u00e0 alla presente Informativa sulla privacy.<\/p>\n<h2>TIPI DI DATI RACCOLTI<\/h2>\n<p>Raccogliamo diversi tipi di informazioni per vari scopi, al fine di fornire e migliorare i nostri servizi all&#8217;utente.<\/p>\n<h2>Dati personali<\/h2>\n<p>Durante l&#8217;utilizzo dei nostri Servizi, potremmo chiedere all&#8217;utente di fornirci alcune informazioni di identificazione personale che possono essere utilizzate per contattarlo o identificarlo (\u201cdati personali\u201d). I dati personali che raccogliamo possono riguardare, a titolo esemplificativo e non esaustivo:<\/p>\n<ul class=\"disc-ul\">\n<li>il nome utente<\/li>\n<li>l&#8217;indirizzo e-mail<\/li>\n<li>il numero di telefono e<\/li>\n<li>l&#8217;ubicazione<\/li>\n<\/ul>\n<p>La nostra piattaforma contiene link ad altri siti web in tutto il mondo. Le politiche sulla privacy di questi siti web non sono sotto il nostro controllo. Una volta lasciati i nostri server, l&#8217;uso delle informazioni fornite \u00e8 regolato dalla politica sulla privacy dell&#8217;operatore del sito che si sta visitando. Si consiglia di leggere le loro informative sulla privacy per ulteriori informazioni.<\/p>\n<h2>Dati di utilizzo<\/h2>\n<p>Possiamo anche raccogliere informazioni sulle modalit\u00e0 di accesso e utilizzo del servizio (\u201cDati di utilizzo\u201d). Questi Dati di utilizzo possono includere informazioni quali l&#8217;indirizzo del protocollo Internet del computer (ad esempio, l&#8217;indirizzo IP), il tipo di browser, la versione del browser, le pagine del nostro servizio visitate, l&#8217;ora e la data della visita, il tempo trascorso su tali pagine, gli identificatori unici del dispositivo e altri dati diagnostici.<\/p>\n<h2>Cookie e dati di tracciamento<\/h2>\n<p>Quando forniamo i nostri Servizi, utilizziamo cookie e tecnologie di tracciamento simili per migliorare l&#8217;esperienza utente.<\/p>\n<p>I cookie sono file contenenti piccole quantit\u00e0 di dati che possono includere un identificatore unico anonimo. I cookie vengono inviati da un sito web al browser dell&#8217;utente e memorizzati sul suo dispositivo. Le tecnologie di tracciamento utilizzate sono beacon, tag e script per raccogliere e tracciare informazioni e per migliorare e analizzare i nostri Servizi.<\/p>\n<p>\u00c8 possibile indicare al proprio browser di rifiutare tutti i cookie o di segnalare l&#8217;invio di un cookie. Tuttavia, se l&#8217;utente non accetta i cookie, potrebbe non essere in grado di utilizzare alcune parti dei nostri Servizi. <\/p>\n<p>I tipi di cookie che utilizziamo sono:<\/p>\n<ul class=\"disc-ul\">\n<li>Cookie necessari \u2013 Cookie richiesti per fornire, far funzionare e accedere ai nostri Servizi.<\/li>\n<li>Cookie funzionali e analitici \u2013 Utilizziamo questi cookie per ricordare le preferenze e le varie impostazioni dell&#8217;utente, per fornire contenuti e raccomandazioni personalizzate e per scopi analitici.<\/li>\n<li>Cookie pubblicitari \u2013 Noi o i prestatori di terze parti utilizziamo questi cookie per creare un profilo degli interessi dell&#8217;utente e visualizzare annunci pertinenti sulla nostra Piattaforma.<\/li>\n<\/ul>\n<h2>UTILIZZO DEI DATI<\/h2>\n<p>Ai sensi della legislazione sulla protezione dei dati, possiamo utilizzare i dati personali dell&#8217;utente solo se sussiste un motivo valido, come nelle seguenti circostanze:<\/p>\n<ul class=\"disc-ul\">\n<li>se l&#8217;utente ha dato il proprio consenso;<\/li>\n<li>per ottemperare ai nostri obblighi legali e normativi; oppure<\/li>\n<li>per l&#8217;esecuzione di un contratto con l&#8217;utente o, su sua richiesta, per prendere provvedimenti prima di stipulare un contratto.<\/li>\n<\/ul>\n<p>Utilizziamo i dati personali dell&#8217;utente per i seguenti scopi:<\/p>\n<ul class=\"disc-ul\">\n<li>Per erogare e mantenere i nostri Servizi.<\/li>\n<li>Per notificare all&#8217;utente le modifiche apportate ai nostri Servizi.<\/li>\n<li>Per consentire all&#8217;utente di partecipare alle funzioni interattive dei nostri Servizi quando sceglie di farlo.<\/li>\n<li>Per fornire servizio e assistenza clienti.<\/li>\n<li>Per fornire analisi o informazioni utili a migliorare i nostri servizi.<\/li>\n<li>Per monitorare l&#8217;utilizzo dei Servizi.<\/li>\n<li>Per rilevare, prevenire e risolvere i problemi tecnici.<\/li>\n<\/ul>\n<h2>SICUREZZA DEI DATI<\/h2>\n<p>All&#8217;interno della nostra organizzazione, abbiamo implementato misure organizzative e tecniche complete per salvaguardare i dati personali contro la perdita, l&#8217;uso improprio o l&#8217;accesso, la divulgazione, l&#8217;alterazione o la distruzione non autorizzati. Queste misure riguardano valutazioni interne approfondite delle nostre pratiche di raccolta, archiviazione ed elaborazione dei dati e dei protocolli di sicurezza, integrate con metodi di crittografia e protezioni fisiche adeguate per impedire l&#8217;accesso non autorizzato ai sistemi contenenti dati personali.<\/p>\n<p>Tutti i dati raccolti attraverso la Piattaforma AIX sono archiviati in modo sicuro in un database criptato, ospitato su server firewalled e accessibile solo attraverso canali protetti da password e strettamente controllati.<\/p>\n<p>Pur mantenendo solide misure di sicurezza, \u00e8 essenziale riconoscere che nessun sistema di sicurezza \u00e8 del tutto impermeabile. Non possiamo garantire l&#8217;assoluta sicurezza dei database, n\u00e9 possiamo assicurare che le informazioni trasmesse via Internet rimangano inaccessibili alle intercettazioni. Inoltre, tutte le informazioni condivise nelle aree interattive possono essere consultate da persone dotate di connessione a Internet.<\/p>\n<h2>TRASFERIMENTO E CONDIVISIONE DEI DATI<\/h2>\n<h2>Trasferimento<\/h2>\n<p>A volte \u00e8 necessario trasferire i dati personali dell&#8217;utente in paesi diversi dagli Emirati Arabi Uniti. In questi casi ci atterremo alle leggi vigenti in materia di protezione dei dati, volte a garantire la privacy dei dati personali.<\/p>\n<p>In base alle leggi sulla protezione dei dati, possiamo trasferire i dati personali dell&#8217;utente in un paese al di fuori degli Emirati Arabi Uniti solo se:<\/p>\n<ul class=\"disc-ul\">\n<li>il paese in questione garantisce un livello adeguato di protezione dei dati personali;<\/li>\n<li>esistono adeguate misure di salvaguardia, nonch\u00e9 diritti azionabili e rimedi legali efficaci per l&#8217;utente; oppure<\/li>\n<li>si applica un&#8217;eccezione specifica ai sensi della legge sulla protezione dei dati.<\/li>\n<\/ul>\n<p>Qualsiasi modifica delle destinazioni a cui inviamo i dati personali o dei meccanismi di trasferimento a cui ci affidiamo per trasferire i dati personali a livello internazionale sar\u00e0 notificata all&#8217;interessato.<\/p>\n<h2>Condivisione<\/h2>\n<p>Condividiamo abitualmente i dati personali dell&#8217;utente con:<\/p>\n<ul class=\"disc-ul\">\n<li>le nostre affiliate, le nostre consociate e i nostri prestatori di terze parti che collaborano all&#8217;erogazione dei nostri Servizi; e<\/li>\n<li>altre terze parti a cui ci rivolgiamo per la gestione della nostra attivit\u00e0, ad esempio agenzie di marketing o host di siti web.<\/li>\n<\/ul>\n<p>Consentiamo a queste organizzazioni di trattare i dati personali solo se siamo certi che adottino misure adeguate per proteggerli. Inoltre, imponiamo loro obblighi contrattuali per garantire che possano utilizzare i dati personali solo per fornire servizi a noi e agli utenti.<\/p>\n<p>Periodicamente potremmo aver bisogno di divulgare determinate informazioni, che possono riguardare i dati personali dell&#8217;utente, ai nostri consulenti legali e professionali, per ottemperare a un obbligo di legge o in risposta a una richiesta delle forze dell&#8217;ordine.<\/p>\n<p>In caso di modifica dell&#8217;assetto di controllo della nostra azienda (per fusione, vendita, trasferimento di attivit\u00e0 o altro), le informazioni sui clienti, che possono riguardare i dati personali dell&#8217;utente, potrebbero essere trasferite a un acquirente in base a un accordo di riservatezza. Divulgheremmo i dati personali solo in buona fede e se necessario nelle circostanze sopra descritte.<\/p>\n<h2>ARCHIVIAZIONE DEI DATI<\/h2>\n<p>I dati personali sono conservati e protetti in sistemi sicuri forniti da prestatori di terze parti di fiducia. Questa misura viene attuata per prevenire qualsiasi uso o accesso non autorizzato, garantendo la riservatezza e l&#8217;integrit\u00e0 dei dati personali.<\/p>\n<p>Conserviamo i dati personali per la durata necessaria a fornire i nostri Servizi all&#8217;utente stesso e per ottemperare agli obblighi di legge, affrontare le controversie e applicare efficacemente i nostri accordi.<\/p>\n<p>In caso di violazione della sicurezza che comprometta i dati personali, ci impegniamo a informare l&#8217;utente tempestivamente in conformit\u00e0 alle leggi sulla protezione dei dati.<\/p>\n<p>Nell&#8217;ambito del nostro impegno costante per la privacy, seguiamo pratiche di gestione responsabile dei dati. Tutti i dati personali non pi\u00f9 necessari vengono distrutti o de-identificati, ove possibile, per garantire la continua protezione della privacy.<\/p>\n<h2>DIRITTI DELL&#8217;UTENTE<\/h2>\n<p>Riconosciamo e sosteniamo i diritti concessi alle persone ai sensi della legislazione vigente in materia di protezione dei dati. Se del caso, l&#8217;utente pu\u00f2 esercitare tali diritti sui propri dati personali contattandoci all&#8217;indirizzo indicato. Tra questi diritti figurano:<\/p>\n<ul class=\"number-ul\">\n<li>Il diritto di revocare il proprio consenso per finalit\u00e0 di marketing. Se ha prestato il consenso all&#8217;utilizzo dei propri dati personali, l&#8217;utente ha il diritto di revocarlo facilmente in qualsiasi momento. La revoca del consenso non pregiudica la liceit\u00e0 dell&#8217;utilizzo dei dati personali da parte nostra in base al consenso prestato prima della revoca.<\/li>\n<li>Il diritto di accedere ai dati personali che raccogliamo dall&#8217;utente.<\/li>\n<li>Il diritto di rettificare o cancellare i propri dati personali inesatti o incompleti.<\/li>\n<li>Il diritto di limitare l&#8217;uso dei propri dati personali.<\/li>\n<li>Il diritto di esercitare i diritti di portabilit\u00e0 dei dati.<\/li>\n<li>Il diritto di opporsi al trattamento dei dati personali in determinate situazioni.<\/li>\n<li>Il diritto di opporsi o di richiedere l&#8217;intervento umano nelle decisioni automatizzate.<\/li>\n<li>Il diritto di presentare un reclamo all&#8217;organismo locale di regolamentazione della protezione dei dati.<\/li>\n<\/ul>\n<p>Se si desidera esercitare uno di questi diritti, inviare una e-mail o contattarci telefonicamente.<\/p>\n<h2>LINK AD ALTRI SITI<\/h2>\n<p>I nostri Servizi possono contenere link ad altri siti che non sono gestiti da noi. Se si clicca su un link di terze parti, si viene indirizzati al sito di questi ultimi. Consigliamo vivamente di consultare l&#8217;informativa sulla privacy di ogni sito visitato.<\/p>\n<p>Non abbiamo alcun controllo e non ci assumiamo alcuna responsabilit\u00e0 per il contenuto, le politiche sulla privacy o le pratiche di siti o servizi di terzi.<\/p>\n<h2>CONTATTI<\/h2>\n<p>In caso di domande sulla presente Informativa sulla privacy, contattarci via email:\u00a0<a href=\"mailto:info@aixgroup.ch\">info@aixgroup.ch<\/a><\/p>\n","protected":false},"excerpt":{"rendered":"<p>INFORMATIVA SULLA PRIVACY AIX Group AG con le sue affiliate e consociate (collettivamente denominate \u201cAIX\u201d, \u201cnoi\u201d, \u201cci\u201d o \u201cnostro\u201d) possiede e gestisce https:\/\/aixgroup.ch\/ e i relativi sottodomini, siti, applicazioni online, servizi e strumenti (\u201cPiattaforma\u201d). La Piattaforma e i servizi per&#8230;<\/p>\n","protected":false},"author":1,"featured_media":12893,"parent":0,"menu_order":169,"comment_status":"closed","ping_status":"closed","template":"","meta":{"inline_featured_image":false,"footnotes":""},"acf":[],"yoast_head":"<!-- This site is optimized with the Yoast SEO Premium plugin v22.6 (Yoast SEO v22.6) - https:\/\/yoast.com\/wordpress\/plugins\/seo\/ -->\n<title>Privacy Policy | AIX Group AG<\/title>\n<meta name=\"description\" content=\"This Privacy Policy informs you of our policies regarding the collection, use, and disclosure of your personal data when you use our Services.\" \/>\n<meta name=\"robots\" content=\"noindex, follow, max-snippet:-1, max-image-preview:large, max-video-preview:-1\" \/>\n<meta property=\"og:locale\" content=\"it_IT\" \/>\n<meta property=\"og:type\" content=\"article\" \/>\n<meta property=\"og:title\" content=\"Informativa Sulla Privacy\" \/>\n<meta property=\"og:description\" content=\"This Privacy Policy informs you of our policies regarding the collection, use, and disclosure of your personal data when you use our Services.\" \/>\n<meta property=\"og:url\" content=\"https:\/\/aixgroup.ch\/it\/privacy-policy\/\" \/>\n<meta property=\"og:site_name\" content=\"AIX Group AG\" \/>\n<meta property=\"article:modified_time\" content=\"2024-10-21T07:07:01+00:00\" \/>\n<meta property=\"og:image\" content=\"https:\/\/aixgroup.ch\/wp-content\/uploads\/2020\/02\/insight-banner-1200x162.jpg\" \/>\n\t<meta property=\"og:image:width\" content=\"1700\" \/>\n\t<meta property=\"og:image:height\" content=\"230\" \/>\n\t<meta property=\"og:image:type\" content=\"image\/jpeg\" \/>\n<meta name=\"twitter:card\" content=\"summary_large_image\" \/>\n<meta name=\"twitter:label1\" content=\"Tempo di lettura stimato\" \/>\n\t<meta name=\"twitter:data1\" content=\"8 minuti\" \/>\n<!-- \/ Yoast SEO Premium plugin. -->","yoast_head_json":{"title":"Privacy Policy | AIX Group AG","description":"This Privacy Policy informs you of our policies regarding the collection, use, and disclosure of your personal data when you use our Services.","robots":{"index":"noindex","follow":"follow","max-snippet":"max-snippet:-1","max-image-preview":"max-image-preview:large","max-video-preview":"max-video-preview:-1"},"og_locale":"it_IT","og_type":"article","og_title":"Informativa Sulla Privacy","og_description":"This Privacy Policy informs you of our policies regarding the collection, use, and disclosure of your personal data when you use our Services.","og_url":"https:\/\/aixgroup.ch\/it\/privacy-policy\/","og_site_name":"AIX Group AG","article_modified_time":"2024-10-21T07:07:01+00:00","og_image":[{"width":1700,"height":230,"url":"https:\/\/aixgroup.ch\/wp-content\/uploads\/2020\/02\/insight-banner-1200x162.jpg","type":"image\/jpeg"}],"twitter_card":"summary_large_image","twitter_misc":{"Tempo di lettura stimato":"8 minuti"},"schema":{"@context":"https:\/\/schema.org","@graph":[{"@type":"WebPage","@id":"https:\/\/aixgroup.ch\/it\/privacy-policy\/","url":"https:\/\/aixgroup.ch\/it\/privacy-policy\/","name":"Privacy Policy | AIX Group AG","isPartOf":{"@id":"https:\/\/aixgroup.ch\/#website"},"primaryImageOfPage":{"@id":"https:\/\/aixgroup.ch\/it\/privacy-policy\/#primaryimage"},"image":{"@id":"https:\/\/aixgroup.ch\/it\/privacy-policy\/#primaryimage"},"thumbnailUrl":"https:\/\/aixgroup.ch\/wp-content\/uploads\/2020\/02\/insight-banner.jpg","datePublished":"2020-01-21T13:12:23+00:00","dateModified":"2024-10-21T07:07:01+00:00","description":"This Privacy Policy informs you of our policies regarding the collection, use, and disclosure of your personal data when you use our Services.","breadcrumb":{"@id":"https:\/\/aixgroup.ch\/it\/privacy-policy\/#breadcrumb"},"inLanguage":"it-IT","potentialAction":[{"@type":"ReadAction","target":["https:\/\/aixgroup.ch\/it\/privacy-policy\/"]}]},{"@type":"ImageObject","inLanguage":"it-IT","@id":"https:\/\/aixgroup.ch\/it\/privacy-policy\/#primaryimage","url":"https:\/\/aixgroup.ch\/wp-content\/uploads\/2020\/02\/insight-banner.jpg","contentUrl":"https:\/\/aixgroup.ch\/wp-content\/uploads\/2020\/02\/insight-banner.jpg","width":1700,"height":230},{"@type":"BreadcrumbList","@id":"https:\/\/aixgroup.ch\/it\/privacy-policy\/#breadcrumb","itemListElement":[{"@type":"ListItem","position":1,"name":"Home","item":"https:\/\/aixgroup.ch\/"},{"@type":"ListItem","position":2,"name":"Informativa Sulla Privacy"}]},{"@type":"WebSite","@id":"https:\/\/aixgroup.ch\/#website","url":"https:\/\/aixgroup.ch\/","name":"AIX Group AG","description":"Our proven track record allows us to offer investors fixed returns via AIX BOND, while minimizing the risk and helping them invest in a safe way.","publisher":{"@id":"https:\/\/aixgroup.ch\/#organization"},"potentialAction":[{"@type":"SearchAction","target":{"@type":"EntryPoint","urlTemplate":"https:\/\/aixgroup.ch\/?s={search_term_string}"},"query-input":"required name=search_term_string"}],"inLanguage":"it-IT"},{"@type":"Organization","@id":"https:\/\/aixgroup.ch\/#organization","name":"AIX Group AG","url":"https:\/\/aixgroup.ch\/","logo":{"@type":"ImageObject","inLanguage":"it-IT","@id":"https:\/\/aixgroup.ch\/#\/schema\/logo\/image\/","url":"https:\/\/aixgroup.ch\/wp-content\/uploads\/2024\/05\/aix-group-logo.png","contentUrl":"https:\/\/aixgroup.ch\/wp-content\/uploads\/2024\/05\/aix-group-logo.png","width":549,"height":304,"caption":"AIX Group AG"},"image":{"@id":"https:\/\/aixgroup.ch\/#\/schema\/logo\/image\/"}}]}},"_links":{"self":[{"href":"https:\/\/aixgroup.ch\/it\/wp-json\/wp\/v2\/pages\/12932"}],"collection":[{"href":"https:\/\/aixgroup.ch\/it\/wp-json\/wp\/v2\/pages"}],"about":[{"href":"https:\/\/aixgroup.ch\/it\/wp-json\/wp\/v2\/types\/page"}],"author":[{"embeddable":true,"href":"https:\/\/aixgroup.ch\/it\/wp-json\/wp\/v2\/users\/1"}],"replies":[{"embeddable":true,"href":"https:\/\/aixgroup.ch\/it\/wp-json\/wp\/v2\/comments?post=12932"}],"version-history":[{"count":9,"href":"https:\/\/aixgroup.ch\/it\/wp-json\/wp\/v2\/pages\/12932\/revisions"}],"predecessor-version":[{"id":17671,"href":"https:\/\/aixgroup.ch\/it\/wp-json\/wp\/v2\/pages\/12932\/revisions\/17671"}],"wp:featuredmedia":[{"embeddable":true,"href":"https:\/\/aixgroup.ch\/it\/wp-json\/wp\/v2\/media\/12893"}],"wp:attachment":[{"href":"https:\/\/aixgroup.ch\/it\/wp-json\/wp\/v2\/media?parent=12932"}],"curies":[{"name":"wp","href":"https:\/\/api.w.org\/{rel}","templated":true}]}}