{"id":12904,"date":"2020-02-12T05:02:24","date_gmt":"2020-02-12T05:02:24","guid":{"rendered":"https:\/\/aixgroup.ch\/terms-and-conditions\/"},"modified":"2024-10-21T17:30:10","modified_gmt":"2024-10-21T13:30:10","slug":"terms-and-conditions","status":"publish","type":"page","link":"https:\/\/aixgroup.ch\/it\/terms-and-conditions\/","title":{"rendered":"Termini e Condizioni"},"content":{"rendered":"<div class=\"terms-and-conditions\">\n<p class=\"sub-title\">1. Applicabilit\u00e0<\/p>\n<ul class=\"sub-content\">\n<li><span class=\"sub-content-number\">1.1<\/span><span>I presenti Termini e Condizioni Generali (TCG) si applicano alla registrazione sul nostro sito web <a class=\"brand-link\" href=\"https:\/\/aixgroup.ch\/it\/\">&#8220;https:\/\/aixgroup.ch\/&#8221;<\/a> (sito web) e a tutti i servizi erogati dalla societ\u00e0 AIX Group AG Svizzera, con numero di iscrizione CHE-308.054.834, per i membri della sua rete.<\/span><\/li>\n<li><span class=\"sub-content-number\">1.2<\/span><span>La rete \u00e8 riservata ai clienti professionali domiciliati in Svizzera ai sensi dell&#8217;art. 4 comma 3 \u2013 5 o ai sensi dell&#8217;art. 5 comma 1 e 4 della Legge sui servizi finanziari (LSerFi). Ai sensi dell&#8217;art. 4 comma 3 lett. a della LSerFi, in particolare, sono clienti professionali gli intermediari finanziari previsti dalla Legge sulle banche, dalla Legge sugli investimenti collettivi di capitale (LICol) nonch\u00e9 i clienti della gestione patrimoniale e della consulenza sugli investimenti definiti nella LSerFi. Inoltre, i soggetti con un elevato patrimonio netto possono dichiarare per iscritto di voler essere considerati clienti professionali a norma della LSerFi. Al momento della registrazione, ci assicuriamo che tutti i membri siano clienti professionali, fornendo alcune informazioni obbligatorie. Ci riserviamo il diritto di negare l&#8217;accesso all&#8217;area riservata ai membri che non soddisfano i requisiti richiesti.<\/span><\/li>\n<\/ul>\n<p><\/p>\n<p class=\"sub-title\">2. Riserve in base alla legge sui mercati finanziari<\/p>\n<ul class=\"sub-content\">\n<li><span class=\"sub-content-number\">2.1<\/span><span>Nessuno degli strumenti finanziari menzionati sul sito web \u00e8 messo a disposizione di persone residenti in un paese, uno stato o una giurisdizione in cui l&#8217;offerta, la commercializzazione e\/o la distribuzione di tali strumenti finanziari sia in conflitto con le leggi o i regolamenti ivi applicabili, n\u00e9 sono distribuiti i relativi term sheet, prospetti o altri documenti informativi. I soggetti, nei confronti dei quali si applicano tali restrizioni, non devono accedere al Sito. Gli utenti del Sito sono tenuti a garantire di essere legalmente autorizzati ad accedere al Sito. Nessuno degli strumenti finanziari a cui si fa riferimento sul sito web \u00e8 o sar\u00e0 registrato negli Stati Uniti d&#8217;America ai sensi del Securities Act del 1933, e successive modifiche. Pertanto, nessuno degli strumenti finanziari \u00e8 destinato a essere offerto, direttamente o indirettamente, negli Stati Uniti d&#8217;America (compresi i relativi territori e colonie), a cittadini e residenti degli Stati Uniti d&#8217;America, a soggetti normalmente residenti negli Stati Uniti d&#8217;America o a soggetti presenti a beneficio o in relazione a persone statunitensi (come definite nella Regulation S del Securities Act del 1933). I soggetti, nei confronti dei quali si applicano tali restrizioni, non devono accedere al Sito.<\/span><\/li>\n<li><span class=\"sub-content-number\">2.2<\/span><span>Le informazioni fornite sul sito web e in particolare nell&#8217;area riservata ai membri costituiscono pubblicit\u00e0 per gli strumenti finanziari ai sensi dell&#8217;art. 68 della Legge sui servizi finanziari. Sono a scopo puramente divulgativo e non costituiscono consigli di investimento, sollecitazioni o raccomandazioni all&#8217;acquisto o alla vendita di strumenti finanziari, n\u00e9 raccomandazioni o aiuti decisionale per l&#8217;investimento e non sono il risultato di una ricerca obiettiva o indipendente. Il contenuto del sito web non pretende di essere completo e presenta solo alcune caratteristiche dello strumento descritto. Si basano su informazioni e dati forniti dall&#8217;emittente del rispettivo strumento finanziario. Sebbene AIX Group AG abbia compiuto sforzi ragionevoli per garantire che le informazioni contenute nel sito web siano aggiornate e precise, e sebbene AIX Group AG abbia adottato ogni ragionevole cura nella compilazione e nell&#8217;aggiornamento delle informazioni presenti sul sito web, AIX Group AG non ha verificato e non pu\u00f2 garantire l&#8217;accuratezza e la completezza delle informazioni presentate sul sito web.<\/span><\/li>\n<\/ul>\n<p><\/p>\n<p class=\"sub-title\">3. Servizi<\/p>\n<ul class=\"sub-content\">\n<li><span class=\"sub-content-number\">3.1<\/span><span>Con la registrazione, i membri ottengono l&#8217;accesso a contenuti aggiuntivi e diventano parte della rete. Ci\u00f2 consente ai membri di accedere agli strumenti finanziari presentati sul sito web.<\/span><\/li>\n<li><span class=\"sub-content-number\">3.2<\/span><span>L&#8217;accesso agli strumenti finanziari sul sito web \u00e8 determinato da circostanze, fatti e informazioni comunicate dal membro e accettate da AIX Group AG. Il membro si impegna a far pervenire tempestivamente ad AIX Group AG tutte le informazioni che AIX Group AG richiede per l&#8217;intermediazione degli strumenti finanziari presentati sul sito web e per la qualificazione del membro come cliente professionale o che sono essenziali per tale attivit\u00e0 di intermediazione o qualificazione. AIX Group AG pu\u00f2 presumere che le circostanze, i fatti e le informazioni fornite dal membro siano corrette e complete e che AIX Group AG sar\u00e0 informata tempestivamente dal membro di circostanze, fatti o informazioni mutevoli che hanno un&#8217;influenza sull&#8217;attivit\u00e0 di intermediazione di AIX Group AG o sulla qualificazione del membro come cliente professionale.<\/span><\/li>\n<li><span class=\"sub-content-number\">3.3<\/span><span>AIX Group AG non verificher\u00e0 o esaminer\u00e0 le informazioni o le istruzioni fornite ad AIX Group AG dal Membro o da altri per conto del Membro senza ragionevole motivo, e il Membro riconosce che AIX Group AG ha il diritto di fare affidamento su tali informazioni e istruzioni nell&#8217;esecuzione delle istruzioni del membro.<\/span><\/li>\n<\/ul>\n<p><\/p>\n<p class=\"sub-title\">4. Riservatezza<\/p>\n<ul class=\"sub-content\">\n<li><span class=\"sub-content-number\">4.1<\/span><span>Con la registrazione, il membro accetta che tutte le informazioni scambiate tra AIX Group AG e il membro &#8211; in relazione all&#8217;accesso ai contenuti dell&#8217;area riservata, il cui accesso deve essere approvato da AIX Group AG prima di qualsiasi autodichiarazione da parte del soggetto o dell&#8217;entit\u00e0 interessata sul sito web &#8211; e\/o che riceve da AIX Group AG e\/o dai suoi rappresentanti e\/o consulenti in relazione all&#8217;attivit\u00e0 e al funzionamento della Piattaforma, siano mantenute strettamente riservate da AIX Group AG (compresi i rispettivi rappresentanti o consulenti) da un lato e dalla persona o dall&#8217;entit\u00e0 interessata (compresi i rispettivi rappresentanti o consulenti) dall&#8217;altro. Il Membro non potr\u00e0 utilizzare informazioni riservate in alcuna forma o divulgarle a terzi se non espressamente autorizzato da AIX Group AG. Il Membro dovr\u00e0 garantire che i suoi dipendenti, direttori e altri rappresentanti, nonch\u00e9 i suoi consulenti a cui sono affidate tali informazioni riservate, rispettino tali restrizioni.<\/span><\/li>\n<li><span class=\"sub-content-number\">4.2<\/span><span>Fermo restando quanto alla Sezione 4.1, il termine Informazioni riservate comprende, senza limitazione alcuna,\n<ul class=\"sub-content\">\n<li><span class=\"sub-content-number\">i.<\/span><span> tutte le informazioni rese disponibili da AIX Group AG al membro, tra cui le informazioni, i dati o il know-how, le informazioni commerciali e finanziarie, i termini materiali nei term sheet, le bozze di contratto e documenti simili, che AIX Group AG ha reso disponibili al membro (i) per iscritto (comprese le e-mail) o per via elettronica e che sono contrassegnate come \u201criservate\u201d, o (ii) oralmente; e<\/span><\/li>\n<li><span class=\"sub-content-number\">ii.<\/span><span>  in particolare, tutte le informazioni relative agli strumenti finanziari presentati e ai termini e alle condizioni degli strumenti finanziari presentati; e<\/span><\/li>\n<li><span class=\"sub-content-number\">iii.<\/span><span> qualsiasi altro segreto commerciale, informazione finanziaria o riservata del Sito Web e in particolare dell&#8217;Area Membri.<\/span><\/li>\n<\/ul>\n<p>        <\/span>\n    <\/li>\n<li><span class=\"sub-content-number\">4.3<\/span><span>Le informazioni non saranno considerate riservate se il Membro pu\u00f2 dimostrare che:\n<ul class=\"sub-content\">\n<li><span class=\"sub-content-number\">i.<\/span><span>siano gi\u00e0 note al pubblico al momento della comunicazione o lo diventino in seguito, senza che il Membro abbia violato i presenti TCG;<\/span><\/li>\n<li><span class=\"sub-content-number\">ii.<\/span><span>erano gi\u00e0 note al Socio al momento della notifica da parte di AIX Group AG;<\/span><\/li>\n<li><span class=\"sub-content-number\">iii.<\/span><span>sono state o vengono comunicate al socio da una terza parte, a meno che la terza parte non abbia violato un obbligo di riservatezza assunto nei confronti di AIX Group AG con la comunicazione;<\/span><\/li>\n<li><span class=\"sub-content-number\">iv. <\/span><span>sviluppate o acquisite dal Socio indipendentemente dalle informazioni riservate ricevute ai sensi dei presenti TCG; oppure<\/span><\/li>\n<li><span class=\"sub-content-number\">v.<\/span><span>sia prevista la divulgazione a terzi per legge, per ordine governativo o giudiziario, a condizione che il Membro ne informi immediatamente AIX Group AG (in nessun caso meno di 3 giorni lavorativi prima di essere obbligato a divulgare le Informazioni riservate in base a tale ordine), nella misura consentita dalla legge applicabile. Tali informazioni rimarranno soggette a riservatezza ai sensi dei presenti TCG per tutti gli altri scopi.<\/span><\/li>\n<\/ul>\n<p>        <\/span>\n    <\/li>\n<li><span class=\"sub-content-number\">4.4<\/span><span>Se la divulgazione di Informazioni riservate \u00e8 richiesta da leggi o regolamenti (inclusi, a titolo esemplificativo ma non esaustivo, per scopi fiscali, di revisione contabile o normativi), il Membro dovr\u00e0 compiere ogni ragionevole sforzo per mantenere la riservatezza dei materiali e delle informazioni cos\u00ec divulgate.<\/span><\/li>\n<li><span class=\"sub-content-number\">4.5<\/span><span>Il Membro pu\u00f2 utilizzare le Informazioni riservate in conformit\u00e0 al presente Impegno di Riservatezza. In base alle disposizioni dei presenti TCG, il Membro riconosce e accetta che le Informazioni riservate fornitegli da AIX Group AG o da qualsiasi altra parte (compresi i suoi agenti o consulenti) ai sensi dei presenti TCG possono essere da lui utilizzate solo come segue:\n<ul class=\"sub-content\">\n<li><span class=\"sub-content-number\">i.<\/span><span>come consentito dai presenti TCG;<\/span><\/li>\n<li><span class=\"sub-content-number\">ii.<\/span><span>a beneficio di AIX Group AG; o<\/span><\/li>\n<li><span class=\"sub-content-number\">iii.<\/span><span>per la valutazione del Sito web da parte del Membro.<\/span><\/li>\n<\/ul>\n<p>        <\/span>\n    <\/li>\n<li><span class=\"sub-content-number\">4.6<\/span><span>Nulla impedisce ad AIX Group AG di concedere a terzi l&#8217;accesso al Sito web e per scopi di transazioni finanziarie, commerciali, strategiche o simili con la dovuta diligenza, se del caso, sulla base di un accordo di riservatezza e di non utilizzo.<\/span><\/li>\n<li><span class=\"sub-content-number\">4.7<\/span><span>In caso di violazione degli obblighi derivanti dal presente obbligo di riservatezza, il Membro \u00e8 tenuto a versare ad AIX Group AG una penale pari a 50.000 franchi svizzeri per ogni caso di violazione e, in caso di violazione continuata, per ogni mese solare in cui la violazione si protrae, indipendentemente dal fatto che la violazione si riferisca solo a una parte o all&#8217;intero mese solare. Per la richiesta di pagamento dei danni contrattuali, non \u00e8 prevista la prova del danno effettivo.<\/span><\/li>\n<li><span class=\"sub-content-number\">4.8<\/span><span>Il pagamento dei danni liquidati non costituir\u00e0 rinuncia a qualsiasi richiesta di pagamento di danni effettivi o a qualsiasi obbligo del Membro ai sensi del presente Contratto.<\/span><\/li>\n<\/ul>\n<p><\/p>\n<p class=\"sub-title\">5. Esclusiva e penali<\/p>\n<ul class=\"sub-content\">\n<li><span class=\"sub-content-number\">5.1<\/span><span>Il Membro si impegna irrevocabilmente e incondizionatamente a effettuare investimenti nei vari strumenti finanziari presentati sul sito web esclusivamente attraverso i canali messi a disposizione sul sito di AIX Group AG.<\/span><\/li>\n<\/ul>\n<p><\/p>\n<p class=\"sub-title\">6. Compensi e spese<\/p>\n<ul class=\"sub-content\">\n<li><span class=\"sub-content-number\">6.1<\/span><span>Gli eventuali compensi e le spese sono regolati dalle disposizioni pubblicate nell&#8217;area riservata ai membri.<\/span><\/li>\n<li><span class=\"sub-content-number\">6.2<\/span><span>Il Membro dichiara che non richieder\u00e0 alcuna prestazione ad AIX Group AG se le disposizioni in materia di indennizzo e spese non gli sono chiare.<\/span><\/li>\n<\/ul>\n<p><\/p>\n<p class=\"sub-title\">7. Limitazione di responsabilit\u00e0<\/p>\n<ul class=\"sub-content\">\n<li><span class=\"sub-content-number\">7.1<\/span><span>AIX Group AG non si assume alcuna garanzia esplicita, legale o implicita per le informazioni contenute nel sito web e nell&#8217;area riservata ai membri, per parti di esse e per i risultati ottenuti. Le informazioni fornite sul Sito web e in particolare nell&#8217;Area riservata ai Membri sono state preparate senza tener conto degli obiettivi, della situazione finanziaria, delle circostanze personali o delle esigenze di un particolare Membro.<\/span><\/li>\n<li><span class=\"sub-content-number\">7.2<\/span><span>In particolare, i rendimenti passati non sono una garanzia o un&#8217;indicazione dei rendimenti futuri, n\u00e9 vi \u00e8 alcuna garanzia che il capitale di un Azionista sia protetto o che il valore del capitale investito o degli strumenti finanziari acquistati sia uguale o superiore all&#8217;investimento iniziale dell&#8217;Azionista, qualora quest&#8217;ultimo venda i propri strumenti finanziari o ritiri il proprio capitale.<\/span><\/li>\n<li><span class=\"sub-content-number\">7.3<\/span><span>I Membri interessati sono caldamente invitati a esaminare attentamente tutte le informazioni pertinenti sugli investimenti fornite sul Sito web, ma devono in ogni caso consultare il proprio consulente finanziario e fiscale in merito ai rischi e ai benefici degli strumenti finanziari presentati sul Sito web prima di prendere qualsiasi decisione di investimento.<\/span><\/li>\n<li><span class=\"sub-content-number\">7.4<\/span><span>Il Membro \u00e8 consapevole e riconosce che AIX Group AG non fornisce alcuna consulenza fiscale o legale o di altro tipo in relazione agli strumenti finanziari presentati.<\/span><\/li>\n<li><span class=\"sub-content-number\">7.5<\/span><span>AIX Group AG e i suoi partner contrattuali declinano ogni responsabilit\u00e0 (compresa la negligenza e la responsabilit\u00e0) per danni diretti, indiretti o conseguenti derivanti dall&#8217;affidamento su questo sito web, in relazione alle informazioni, ai dati sulle prestazioni e ad altre informazioni, link o altre comunicazioni contenute nel sito web e in particolare nell&#8217;area riservata ai membri o in relazione ai rischi degli strumenti finanziari presentati sul sito web o ai rischi dei mercati finanziari.<\/span><\/li>\n<\/ul>\n<p><\/p>\n<p class=\"sub-title\">8. Recesso<\/p>\n<ul class=\"sub-content\">\n<li><span class=\"sub-content-number\">8.1<\/span><span>Sia l&#8217;Iscritto che AIX Group AG hanno il diritto di recedere unilateralmente dai presenti TCG in qualsiasi momento.<\/span><\/li>\n<li><span class=\"sub-content-number\">8.2<\/span><span>Le sezioni 4 (Riservatezza), 7 (Limitazione di responsabilit\u00e0), 9 (Disposizioni varie) e 10 (Legge applicabile e foro competente) dei presenti Termini e condizioni rimangono valide anche dopo la risoluzione di questi Termini e condizioni.<\/span><\/li>\n<\/ul>\n<p><\/p>\n<p class=\"sub-title\">9. Disposizioni varie<\/p>\n<ul class=\"sub-content\">\n<li><span class=\"sub-content-number\">9.1<\/span><span>Tutte le comunicazioni di AIX Group AG possono essere effettuate a sua discrezione tramite e-mail, posta o qualsiasi altro mezzo di comunicazione che ritenga opportuno. Le comunicazioni per posta o per e-mail si considerano consegnate non appena sono state inviate da AIX Group AG all&#8217;ultimo indirizzo indicato dal membro o depositate sul relativo conto del membro. Il membro si assume il rischio di ritardo, perdita e falsificazione dei messaggi inviati.<\/span><\/li>\n<li><span class=\"sub-content-number\">9.2<\/span><span>Tutte le disposizioni di legge esistenti e future, i regolamenti amministrativi e le altre norme applicabili nel campo dei servizi del mercato finanziario, della protezione dei dati, del riciclaggio di denaro, del funzionamento e dell&#8217;utilizzo di Internet, nonch\u00e9 qualsiasi altra norma che riguardi i servizi di AIX Group AG, sono riservati e si applicano alla fornitura di servizi di AIX Group AG a partire dalla loro entrata in vigore.<\/span><\/li>\n<li><span class=\"sub-content-number\">9.3<\/span><span>AIX Group AG pu\u00f2 modificare i presenti TCG in qualsiasi momento. Le modifiche saranno annunciate in anticipo ai membri in modo appropriato. Se il membro non \u00e8 d&#8217;accordo con le modifiche, pu\u00f2 richiedere la cancellazione del proprio account. I presenti TCG sono stati modificati l&#8217;ultima volta il 02.02.2024.<\/span><\/li>\n<li><span class=\"sub-content-number\">9.4<\/span><span>AIX Group AG pu\u00f2 modificare, aggiornare o sviluppare i propri servizi in qualsiasi momento. Allo stesso modo, AIX Group AG pu\u00f2, in qualsiasi momento e senza preavviso, interrompere completamente o parzialmente il funzionamento dei conti dei membri o l&#8217;accesso dei membri (ad esempio se il membro non soddisfa pi\u00f9 i requisiti di un investitore qualificato) o pu\u00f2 limitarne la disponibilit\u00e0 per motivi tecnici o legali (ad esempio a causa di requisiti legali o normativi, su ordine ufficiale o per motivi di sicurezza).<\/span><\/li>\n<li><span class=\"sub-content-number\">9.5<\/span><span>Ogni disposizione dei presenti TCG deve essere interpretata in modo tale da essere valida e applicabile ai sensi della normativa vigente. Se una qualsiasi disposizione sostanziale dei presenti TCG \u00e8 inapplicabile o non valida ai sensi della normativa vigente, tale disposizione sar\u00e0 considerata separabile solo nella misura della sua inapplicabilit\u00e0 o invalidit\u00e0 e sar\u00e0 sostituita in tutti gli altri aspetti da una disposizione valida e applicabile che rifletta il pi\u00f9 possibile l&#8217;intento legale ed economico della disposizione non valida. Le restanti disposizioni del presente contratto rimarranno vincolanti e in vigore. Lo stesso vale per le lacune del contratto.<\/span><\/li>\n<li><span class=\"sub-content-number\">9.6<\/span><span>\u00c8 vietato ai membri, senza il previo consenso scritto di AIX Group AG, cedere o trasferire a terzi, in tutto o in parte, i presenti TCG o i diritti e gli obblighi derivanti dagli stessi. Qualsiasi cessione o trasferimento senza previo consenso scritto \u00e8 nullo.<\/span><\/li>\n<\/ul>\n<p><\/p>\n<p class=\"sub-title\">10. Legge applicabile e foro competente<\/p>\n<ul class=\"sub-content\">\n<li><span class=\"sub-content-number\">10.1<\/span><span>Sia il Membro che AIX Group AG hanno il diritto di recedere unilateralmente dai presenti TCG in qualsiasi momento. Il rapporto tra AIX Group AG e il Membro \u00e8 disciplinato esclusivamente dal diritto svizzero, con esclusione dei conflitti di legge e di eventuali trattati internazionali.<\/span><\/li>\n<li><span class=\"sub-content-number\">10.2<\/span><span>Per tutte le controversie derivanti da o in relazione al rapporto tra il Membro e AIX Group AG, se non diversamente previsto, sono competenti in via esclusiva i tribunali della sede di AIX Group AG in Svizzera.<\/span><\/li>\n<\/ul>\n<\/ul>\n<\/div>\n","protected":false},"excerpt":{"rendered":"<p>1. Applicabilit\u00e0 1.1I presenti Termini e Condizioni Generali (TCG) si applicano alla registrazione sul nostro sito web &#8220;https:\/\/aixgroup.ch\/&#8221; (sito web) e a tutti i servizi erogati dalla societ\u00e0 AIX Group AG Svizzera, con numero di iscrizione CHE-308.054.834, per i membri&#8230;<\/p>\n","protected":false},"author":1,"featured_media":12893,"parent":0,"menu_order":183,"comment_status":"closed","ping_status":"closed","template":"","meta":{"inline_featured_image":false,"footnotes":""},"acf":[],"yoast_head":"<!-- This site is optimized with the Yoast SEO Premium plugin v22.6 (Yoast SEO v22.6) - https:\/\/yoast.com\/wordpress\/plugins\/seo\/ -->\n<title>Terms &amp; Conditions | AIX Group AG<\/title>\n<meta name=\"description\" content=\"This website\u2019s standard terms and conditions written on this web page shall manage your use of our website.\" \/>\n<meta name=\"robots\" content=\"noindex, follow, max-snippet:-1, max-image-preview:large, max-video-preview:-1\" \/>\n<meta property=\"og:locale\" content=\"it_IT\" \/>\n<meta property=\"og:type\" content=\"article\" \/>\n<meta property=\"og:title\" content=\"Termini e Condizioni\" \/>\n<meta property=\"og:description\" content=\"This website\u2019s standard terms and conditions written on this web page shall manage your use of our website.\" \/>\n<meta property=\"og:url\" content=\"https:\/\/aixgroup.ch\/it\/terms-and-conditions\/\" \/>\n<meta property=\"og:site_name\" content=\"AIX Group AG\" \/>\n<meta property=\"article:modified_time\" content=\"2024-10-21T13:30:10+00:00\" \/>\n<meta property=\"og:image\" content=\"https:\/\/aixgroup.ch\/wp-content\/uploads\/2020\/02\/insight-banner-1200x162.jpg\" \/>\n\t<meta property=\"og:image:width\" content=\"1700\" \/>\n\t<meta property=\"og:image:height\" content=\"230\" \/>\n\t<meta property=\"og:image:type\" content=\"image\/jpeg\" \/>\n<meta name=\"twitter:card\" content=\"summary_large_image\" \/>\n<meta name=\"twitter:label1\" content=\"Tempo di lettura stimato\" \/>\n\t<meta name=\"twitter:data1\" content=\"11 minuti\" \/>\n<!-- \/ Yoast SEO Premium plugin. -->","yoast_head_json":{"title":"Terms & Conditions | AIX Group AG","description":"This website\u2019s standard terms and conditions written on this web page shall manage your use of our website.","robots":{"index":"noindex","follow":"follow","max-snippet":"max-snippet:-1","max-image-preview":"max-image-preview:large","max-video-preview":"max-video-preview:-1"},"og_locale":"it_IT","og_type":"article","og_title":"Termini e Condizioni","og_description":"This website\u2019s standard terms and conditions written on this web page shall manage your use of our website.","og_url":"https:\/\/aixgroup.ch\/it\/terms-and-conditions\/","og_site_name":"AIX Group AG","article_modified_time":"2024-10-21T13:30:10+00:00","og_image":[{"width":1700,"height":230,"url":"https:\/\/aixgroup.ch\/wp-content\/uploads\/2020\/02\/insight-banner-1200x162.jpg","type":"image\/jpeg"}],"twitter_card":"summary_large_image","twitter_misc":{"Tempo di lettura stimato":"11 minuti"},"schema":{"@context":"https:\/\/schema.org","@graph":[{"@type":"WebPage","@id":"https:\/\/aixgroup.ch\/it\/terms-and-conditions\/","url":"https:\/\/aixgroup.ch\/it\/terms-and-conditions\/","name":"Terms & Conditions | AIX Group AG","isPartOf":{"@id":"https:\/\/aixgroup.ch\/#website"},"primaryImageOfPage":{"@id":"https:\/\/aixgroup.ch\/it\/terms-and-conditions\/#primaryimage"},"image":{"@id":"https:\/\/aixgroup.ch\/it\/terms-and-conditions\/#primaryimage"},"thumbnailUrl":"https:\/\/aixgroup.ch\/wp-content\/uploads\/2020\/02\/insight-banner.jpg","datePublished":"2020-02-12T05:02:24+00:00","dateModified":"2024-10-21T13:30:10+00:00","description":"This website\u2019s standard terms and conditions written on this web page shall manage your use of our website.","breadcrumb":{"@id":"https:\/\/aixgroup.ch\/it\/terms-and-conditions\/#breadcrumb"},"inLanguage":"it-IT","potentialAction":[{"@type":"ReadAction","target":["https:\/\/aixgroup.ch\/it\/terms-and-conditions\/"]}]},{"@type":"ImageObject","inLanguage":"it-IT","@id":"https:\/\/aixgroup.ch\/it\/terms-and-conditions\/#primaryimage","url":"https:\/\/aixgroup.ch\/wp-content\/uploads\/2020\/02\/insight-banner.jpg","contentUrl":"https:\/\/aixgroup.ch\/wp-content\/uploads\/2020\/02\/insight-banner.jpg","width":1700,"height":230},{"@type":"BreadcrumbList","@id":"https:\/\/aixgroup.ch\/it\/terms-and-conditions\/#breadcrumb","itemListElement":[{"@type":"ListItem","position":1,"name":"Home","item":"https:\/\/aixgroup.ch\/"},{"@type":"ListItem","position":2,"name":"Termini e Condizioni"}]},{"@type":"WebSite","@id":"https:\/\/aixgroup.ch\/#website","url":"https:\/\/aixgroup.ch\/","name":"AIX Group AG","description":"Our proven track record allows us to offer investors fixed returns via AIX BOND, while minimizing the risk and helping them invest in a safe way.","publisher":{"@id":"https:\/\/aixgroup.ch\/#organization"},"potentialAction":[{"@type":"SearchAction","target":{"@type":"EntryPoint","urlTemplate":"https:\/\/aixgroup.ch\/?s={search_term_string}"},"query-input":"required name=search_term_string"}],"inLanguage":"it-IT"},{"@type":"Organization","@id":"https:\/\/aixgroup.ch\/#organization","name":"AIX Group AG","url":"https:\/\/aixgroup.ch\/","logo":{"@type":"ImageObject","inLanguage":"it-IT","@id":"https:\/\/aixgroup.ch\/#\/schema\/logo\/image\/","url":"https:\/\/aixgroup.ch\/wp-content\/uploads\/2024\/05\/aix-group-logo.png","contentUrl":"https:\/\/aixgroup.ch\/wp-content\/uploads\/2024\/05\/aix-group-logo.png","width":549,"height":304,"caption":"AIX Group AG"},"image":{"@id":"https:\/\/aixgroup.ch\/#\/schema\/logo\/image\/"}}]}},"_links":{"self":[{"href":"https:\/\/aixgroup.ch\/it\/wp-json\/wp\/v2\/pages\/12904"}],"collection":[{"href":"https:\/\/aixgroup.ch\/it\/wp-json\/wp\/v2\/pages"}],"about":[{"href":"https:\/\/aixgroup.ch\/it\/wp-json\/wp\/v2\/types\/page"}],"author":[{"embeddable":true,"href":"https:\/\/aixgroup.ch\/it\/wp-json\/wp\/v2\/users\/1"}],"replies":[{"embeddable":true,"href":"https:\/\/aixgroup.ch\/it\/wp-json\/wp\/v2\/comments?post=12904"}],"version-history":[{"count":7,"href":"https:\/\/aixgroup.ch\/it\/wp-json\/wp\/v2\/pages\/12904\/revisions"}],"predecessor-version":[{"id":17717,"href":"https:\/\/aixgroup.ch\/it\/wp-json\/wp\/v2\/pages\/12904\/revisions\/17717"}],"wp:featuredmedia":[{"embeddable":true,"href":"https:\/\/aixgroup.ch\/it\/wp-json\/wp\/v2\/media\/12893"}],"wp:attachment":[{"href":"https:\/\/aixgroup.ch\/it\/wp-json\/wp\/v2\/media?parent=12904"}],"curies":[{"name":"wp","href":"https:\/\/api.w.org\/{rel}","templated":true}]}}