{"id":17554,"date":"2024-05-24T13:29:20","date_gmt":"2024-05-24T09:29:20","guid":{"rendered":"https:\/\/aixgroup.ch\/risk-warning\/"},"modified":"2024-10-21T17:10:03","modified_gmt":"2024-10-21T13:10:03","slug":"risk-warning","status":"publish","type":"page","link":"https:\/\/aixgroup.ch\/fr\/risk-warning\/","title":{"rendered":"Avertissement Concernant Les Risques"},"content":{"rendered":"<h2>INFORMATIONS G\u00c9N\u00c9RALES SUR LES RISQUES<\/h2>\n<p>Tout investissement comporte un certain degr\u00e9 de risque. Les conditions g\u00e9n\u00e9rales de chaque instrument financier sont exclusivement conformes au prospectus officiel (le cas \u00e9ch\u00e9ant) ou au term sheet (le cas \u00e9ch\u00e9ant). Avant de choisir un investissement, lisez attentivement les avertissements sur les risques figurant dans les documents juridiques et\/ou consultez un expert financier de confiance en cas de doute.<\/p>\n<p>Veuillez noter que les informations sur les performances historiques ou projet\u00e9es ne constituent pas un indicateur fiable des gains ou des pertes futurs. Aucun conseil d&#8217;investissement\u00a0: Les explications mentionn\u00e9es ne constituent ni un conseil en investissement ni une recommandation d&#8217;achat ou de vente d&#8217;instruments financiers. La liste des risques n&#8217;est pas exhaustive.<\/p>\n<h2>PERTES POTENTIELLES<\/h2>\n<p>Au cours de sa dur\u00e9e, la valeur v\u00e9nale d\u2019un placement \u00e0 revenu fixe peut \u00eatre inf\u00e9rieure au prix de rachat \u00e0 l\u2019\u00e9ch\u00e9ance. Si un \u00e9metteur ne respecte pas ses obligations de paiement, appara\u00eet alors un risque de perte.<\/p>\n<h2>RISQUE DE L\u2019\u00c9VOLUTION DES TAUX<\/h2>\n<p>Le niveau des taux peut avoir un impact sur la valeur d\u2019un placement \u00e0 revenu fixe, qui peut baisser au cours de la dur\u00e9e de placement. En tant qu\u2019investisseur, c\u2019est vous qui en assumez le risque.<\/p>\n<h2>RISQUE \u00c9METTEUR ET DE CR\u00c9DIT<\/h2>\n<p>En tant qu\u2019investisseur, c\u2019est vous qui assumez le risque de cr\u00e9dit de l\u2019\u00e9metteur d\u2019un placement \u00e0 revenu fixe. Par &#8220;risque de cr\u00e9dit&#8221;, nous entendons le risque d\u2019insolvabilit\u00e9 du d\u00e9biteur.<\/p>\n<h2>RISQUE LI\u00c9 AU GARANT<\/h2>\n<p>Un garant garantit le versement total ou partiel du prix de rachat en cas d\u2019insolvabilit\u00e9. En tant qu\u2019investisseur, vous assumez le risque que le garant ne remplisse pas ses obligations.<\/p>\n<h2>RISQUE DE LIQUIDIT\u00c9<\/h2>\n<p>Vous pouvez vendre des obligations de fa\u00e7on anticip\u00e9e uniquement si vous trouvez un acheteur. Vous assumez donc le risque de devoir continuer de d\u00e9tenir l\u2019obligation jusqu\u2019\u00e0 son \u00e9ch\u00e9ance ou de la vendre avant \u00e0 un cours d\u00e9favorable.<\/p>\n<h2>RISQUE DE CHANGE<\/h2>\n<p>Lorsqu\u2019un placement \u00e0 revenu fixe est cot\u00e9 dans une monnaie \u00e9trang\u00e8re, un taux de change fluctuant peut avoir un impact sur sa valeur. C\u2019est l\u2019investisseur qui en assume le risque.<\/p>\n<h2>GROS RISQUE<\/h2>\n<p>Lorsque vous achetez beaucoup d\u2019obligations d\u2019un \u00e9metteur, le risque de pertes importantes est disproportionn\u00e9 en cas d\u2019insolvabilit\u00e9. Vous pouvez \u00e9viter ce risque gr\u00e2ce \u00e0 la diversification.<\/p>\n","protected":false},"excerpt":{"rendered":"<p>INFORMATIONS G\u00c9N\u00c9RALES SUR LES RISQUES Tout investissement comporte un certain degr\u00e9 de risque. Les conditions g\u00e9n\u00e9rales de chaque instrument financier sont exclusivement conformes au prospectus officiel (le cas \u00e9ch\u00e9ant) ou au term sheet (le cas \u00e9ch\u00e9ant). Avant de choisir un&#8230;<\/p>\n","protected":false},"author":3,"featured_media":17545,"parent":0,"menu_order":189,"comment_status":"closed","ping_status":"closed","template":"","meta":{"inline_featured_image":false,"footnotes":""},"acf":[],"yoast_head":"<!-- This site is optimized with the Yoast SEO Premium plugin v22.6 (Yoast SEO v22.6) - https:\/\/yoast.com\/wordpress\/plugins\/seo\/ -->\n<title>Risk Warning | AIX Group AG<\/title>\n<meta name=\"description\" content=\"This website\u2019s standard terms and conditions written on this web page shall manage your use of our website.\" \/>\n<meta name=\"robots\" content=\"noindex, follow, max-snippet:-1, max-image-preview:large, max-video-preview:-1\" \/>\n<meta property=\"og:locale\" content=\"fr_FR\" \/>\n<meta property=\"og:type\" content=\"article\" \/>\n<meta property=\"og:title\" content=\"Avertissement Concernant Les Risques\" \/>\n<meta property=\"og:description\" content=\"This website\u2019s standard terms and conditions written on this web page shall manage your use of our website.\" \/>\n<meta property=\"og:url\" content=\"https:\/\/aixgroup.ch\/fr\/risk-warning\/\" \/>\n<meta property=\"og:site_name\" content=\"AIX Group AG\" \/>\n<meta property=\"article:modified_time\" content=\"2024-10-21T13:10:03+00:00\" \/>\n<meta property=\"og:image\" content=\"https:\/\/aixgroup.ch\/wp-content\/uploads\/2020\/02\/insight-banner-1200x162.jpg\" \/>\n\t<meta property=\"og:image:width\" content=\"1700\" \/>\n\t<meta property=\"og:image:height\" content=\"230\" \/>\n\t<meta property=\"og:image:type\" content=\"image\/jpeg\" \/>\n<meta name=\"twitter:card\" content=\"summary_large_image\" \/>\n<meta name=\"twitter:label1\" content=\"Dur\u00e9e de lecture estim\u00e9e\" \/>\n\t<meta name=\"twitter:data1\" content=\"2 minutes\" \/>\n<!-- \/ Yoast SEO Premium plugin. -->","yoast_head_json":{"title":"Risk Warning | AIX Group AG","description":"This website\u2019s standard terms and conditions written on this web page shall manage your use of our website.","robots":{"index":"noindex","follow":"follow","max-snippet":"max-snippet:-1","max-image-preview":"max-image-preview:large","max-video-preview":"max-video-preview:-1"},"og_locale":"fr_FR","og_type":"article","og_title":"Avertissement Concernant Les Risques","og_description":"This website\u2019s standard terms and conditions written on this web page shall manage your use of our website.","og_url":"https:\/\/aixgroup.ch\/fr\/risk-warning\/","og_site_name":"AIX Group AG","article_modified_time":"2024-10-21T13:10:03+00:00","og_image":[{"width":1700,"height":230,"url":"https:\/\/aixgroup.ch\/wp-content\/uploads\/2020\/02\/insight-banner-1200x162.jpg","type":"image\/jpeg"}],"twitter_card":"summary_large_image","twitter_misc":{"Dur\u00e9e de lecture estim\u00e9e":"2 minutes"},"schema":{"@context":"https:\/\/schema.org","@graph":[{"@type":"WebPage","@id":"https:\/\/aixgroup.ch\/fr\/risk-warning\/","url":"https:\/\/aixgroup.ch\/fr\/risk-warning\/","name":"Risk Warning | AIX Group AG","isPartOf":{"@id":"https:\/\/aixgroup.ch\/#website"},"primaryImageOfPage":{"@id":"https:\/\/aixgroup.ch\/fr\/risk-warning\/#primaryimage"},"image":{"@id":"https:\/\/aixgroup.ch\/fr\/risk-warning\/#primaryimage"},"thumbnailUrl":"https:\/\/aixgroup.ch\/wp-content\/uploads\/2020\/02\/insight-banner.jpg","datePublished":"2024-05-24T09:29:20+00:00","dateModified":"2024-10-21T13:10:03+00:00","description":"This website\u2019s standard terms and conditions written on this web page shall manage your use of our website.","breadcrumb":{"@id":"https:\/\/aixgroup.ch\/fr\/risk-warning\/#breadcrumb"},"inLanguage":"fr-FR","potentialAction":[{"@type":"ReadAction","target":["https:\/\/aixgroup.ch\/fr\/risk-warning\/"]}]},{"@type":"ImageObject","inLanguage":"fr-FR","@id":"https:\/\/aixgroup.ch\/fr\/risk-warning\/#primaryimage","url":"https:\/\/aixgroup.ch\/wp-content\/uploads\/2020\/02\/insight-banner.jpg","contentUrl":"https:\/\/aixgroup.ch\/wp-content\/uploads\/2020\/02\/insight-banner.jpg","width":1700,"height":230},{"@type":"BreadcrumbList","@id":"https:\/\/aixgroup.ch\/fr\/risk-warning\/#breadcrumb","itemListElement":[{"@type":"ListItem","position":1,"name":"Home","item":"https:\/\/aixgroup.ch\/"},{"@type":"ListItem","position":2,"name":"Avertissement Concernant Les Risques"}]},{"@type":"WebSite","@id":"https:\/\/aixgroup.ch\/#website","url":"https:\/\/aixgroup.ch\/","name":"AIX Group AG","description":"Our proven track record allows us to offer investors fixed returns via AIX BOND, while minimizing the risk and helping them invest in a safe way.","publisher":{"@id":"https:\/\/aixgroup.ch\/#organization"},"potentialAction":[{"@type":"SearchAction","target":{"@type":"EntryPoint","urlTemplate":"https:\/\/aixgroup.ch\/?s={search_term_string}"},"query-input":"required name=search_term_string"}],"inLanguage":"fr-FR"},{"@type":"Organization","@id":"https:\/\/aixgroup.ch\/#organization","name":"AIX Group AG","url":"https:\/\/aixgroup.ch\/","logo":{"@type":"ImageObject","inLanguage":"fr-FR","@id":"https:\/\/aixgroup.ch\/#\/schema\/logo\/image\/","url":"https:\/\/aixgroup.ch\/wp-content\/uploads\/2024\/05\/aix-group-logo.png","contentUrl":"https:\/\/aixgroup.ch\/wp-content\/uploads\/2024\/05\/aix-group-logo.png","width":549,"height":304,"caption":"AIX Group AG"},"image":{"@id":"https:\/\/aixgroup.ch\/#\/schema\/logo\/image\/"}}]}},"_links":{"self":[{"href":"https:\/\/aixgroup.ch\/fr\/wp-json\/wp\/v2\/pages\/17554"}],"collection":[{"href":"https:\/\/aixgroup.ch\/fr\/wp-json\/wp\/v2\/pages"}],"about":[{"href":"https:\/\/aixgroup.ch\/fr\/wp-json\/wp\/v2\/types\/page"}],"author":[{"embeddable":true,"href":"https:\/\/aixgroup.ch\/fr\/wp-json\/wp\/v2\/users\/3"}],"replies":[{"embeddable":true,"href":"https:\/\/aixgroup.ch\/fr\/wp-json\/wp\/v2\/comments?post=17554"}],"version-history":[{"count":6,"href":"https:\/\/aixgroup.ch\/fr\/wp-json\/wp\/v2\/pages\/17554\/revisions"}],"predecessor-version":[{"id":17711,"href":"https:\/\/aixgroup.ch\/fr\/wp-json\/wp\/v2\/pages\/17554\/revisions\/17711"}],"wp:featuredmedia":[{"embeddable":true,"href":"https:\/\/aixgroup.ch\/fr\/wp-json\/wp\/v2\/media\/17545"}],"wp:attachment":[{"href":"https:\/\/aixgroup.ch\/fr\/wp-json\/wp\/v2\/media?parent=17554"}],"curies":[{"name":"wp","href":"https:\/\/api.w.org\/{rel}","templated":true}]}}