{"id":17544,"date":"2020-01-21T13:12:23","date_gmt":"2020-01-21T13:12:23","guid":{"rendered":"https:\/\/aixgroup.ch\/privacy-policy\/"},"modified":"2024-10-21T15:35:25","modified_gmt":"2024-10-21T11:35:25","slug":"privacy-policy","status":"publish","type":"page","link":"https:\/\/aixgroup.ch\/fr\/privacy-policy\/","title":{"rendered":"Politique de Confidentialit\u00e9"},"content":{"rendered":"<h2>POLITIQUE DE CONFIDENTIALIT\u00c9<\/h2>\n<p>AIX Group AG et ses filiales et succursales (collectivement d\u00e9sign\u00e9s &#8220;AIX&#8221;, &#8220;nous&#8221;, &#8220;nos&#8221;, &#8220;notre&#8221;) d\u00e9tient et g\u00e8re <a href=\"https:\/\/aixgroup.ch\/fr\/\">https:\/\/aixgroup.ch\/<\/a> et ses sous-domaines, sites, applications en ligne, services et outils (&#8220;Plateforme&#8221;). La Plateforme et les services aux membres (&#8220;Services&#8221;) sont fournis en tant que services \u00e0 destination des utilisateurs (&#8220;vous&#8221;, &#8220;vos&#8221; ou &#8220;votre&#8221;).<\/p>\n<p>Cette Politique de confidentialit\u00e9 vous informe de nos politiques en mati\u00e8re de recueil, utilisation et divulgation de vos donn\u00e9es personnelles lorsque vous utilisez nos Services.<\/p>\n<p>En utilisant nos Services, vous consentez au recueil et \u00e0 l\u2019utilisation de vos donn\u00e9es personnelles conform\u00e9ment \u00e0 cette Politique de confidentialit\u00e9. Sauf d\u00e9finition contraire dans cette Politique de confidentialit\u00e9, les termes utilis\u00e9s dans cette Politique de confidentialit\u00e9 ont les m\u00eames significations que celles dans nos <a href=\"https:\/\/aixgroup.ch\/fr\/terms-and-conditions\/\" target=\"_blank\" rel=\"noopener\">Conditions G\u00e9n\u00e9rales<\/a>.<\/p>\n<p>Nous pourrions \u00eatre amen\u00e9s \u00e0 modifier cette Politique de confidentialit\u00e9 de temps en temps. Veuillez consulter cette page.<\/p>\n<p>En cas de modifications consid\u00e9rables \u00e0 notre Politique de confidentialit\u00e9 et \u00e0 la fa\u00e7on dont nous traitons vos donn\u00e9es personnelles, nous vous en informerons par e-mail et nous pourrions demander votre accord.<\/p>\n<h2>CONSENTEMENT<\/h2>\n<p>En utilisant nos Services, vous consentez et nous autorisez \u00e0 traiter vos donn\u00e9es personnelles conform\u00e9ment \u00e0 cette Politique de confidentialit\u00e9.<\/p>\n<h2>TYPES DE DONN\u00c9ES RECUEILLIES<\/h2>\n<p>Nous recueillons plusieurs types d\u2019informations diff\u00e9rentes pour diverses raisons, afin de vous fournir nos Services et les am\u00e9liorer.<\/p>\n<h2>Donn\u00e9es personnelles<\/h2>\n<p>Dans le cadre de l\u2019utilisation de nos Services, nous pourrions vous demander certains renseignements personnels qui pourraient \u00eatre utilis\u00e9s pour vous contacter ou vous identifier (&#8220;Donn\u00e9es personnelles&#8221;). Les donn\u00e9es personnelles que nous recueillons peuvent inclure, sans s\u2019y limiter, les donn\u00e9es suivantes:<\/p>\n<ul class=\"disc-ul\">\n<li>Votre nom<\/li>\n<li>Adresse e-mail<\/li>\n<li>Num\u00e9ro de t\u00e9l\u00e9phone; et<\/li>\n<li>Emplacement<\/li>\n<\/ul>\n<p>Notre Plateforme est reli\u00e9e \u00e0 d\u2019autres sites web partout dans le monde. Les politiques de confidentialit\u00e9 de ces sites web ne sont pas sous notre contr\u00f4le. Lorsque vous quittez nos serveurs, l\u2019utilisation de toute informations que vous auriez fournies d\u00e9pend de la politique de confidentialit\u00e9 de l\u2019op\u00e9rateur du site que vous visitez. Nous vous conseillons de lire leurs politiques de confidentialit\u00e9 pour obtenir de plus amples informations.<\/p>\n<h2>Donn\u00e9es d\u2019utilisation<\/h2>\n<p>Nous pourrions \u00e9galement recueillir des informations sur la fa\u00e7on d\u2019acc\u00e9der au service et la fa\u00e7on de l\u2019utiliser (&#8220;Donn\u00e9es d\u2019Utilisation&#8221;). Ces Donn\u00e9es d\u2019Utilisation peuvent inclure des informations telles que votre adresse de protocole internet (par exemple, adresse IP), le type de navigateur, la version du navigateur, les pages de notre service que vous visitez, l\u2019heure et la date de votre visite, le temps pass\u00e9 sur ces pages, les identifiants uniques de votre appareil et d\u2019autres donn\u00e9es de diagnostic.<\/p>\n<h2>Cookies et donn\u00e9es de suivi<\/h2>\n<p>Nous utilisons des cookies et des technologies de suivi similaires pour am\u00e9liorer votre exp\u00e9rience lorsque vous b\u00e9n\u00e9ficiez de nos Services.<\/p>\n<p>Les cookies sont des fichiers contenant de petites quantit\u00e9s de donn\u00e9es qui pourraient inclure un identifiant unique anonyme. Les cookies sont envoy\u00e9s \u00e0 votre navigateur par un site web et sont stock\u00e9s sur votre appareil. Les technologies de suivi utilis\u00e9es sont des balises, des badges et des scripts pour recueillir et suivre les informations et pour am\u00e9liorer et analyser nos Services.<\/p>\n<p>Vous pouvez choisir que votre navigateur refuse tous les cookies ou qu\u2019il vous indique \u00e0 chaque fois qu\u2019un cookie est envoy\u00e9. Cependant, si vous n\u2019acceptez pas les cookies, vous pourriez ne plus pouvoir utiliser certaines parties de nos Services.<\/p>\n<p>Les types de cookies que nous utilisons sont les suivants:<\/p>\n<ul class=\"disc-ul\">\n<li>Les cookies essentiels \u2013 Il s\u2019agit des cookies n\u00e9cessaires pour fournir, g\u00e9rer et acc\u00e9der \u00e0 nos Services.<\/li>\n<li>Les cookies fonctionnels et analytiques \u2013 Nous utilisons ces cookies pour nous rappeler de vos pr\u00e9f\u00e9rences et des r\u00e9glages, fournir un contenu et des recommandations personnalis\u00e9s et \u00e0 des fins analytiques.<\/li>\n<li>Les cookies publicitaires \u2013 Nous &#8211; ou les fournisseurs tiers &#8211; utilisons ces cookies pour cr\u00e9er un profil qui regroupe vos centres d\u2019int\u00e9r\u00eat et afficher des publicit\u00e9 pertinentes sur notre Plateforme.<\/li>\n<\/ul>\n<h2>UTILISATION DES DONN\u00c9ES<\/h2>\n<p>Conform\u00e9ment \u00e0 la l\u00e9gislation en mati\u00e8re de protection des donn\u00e9es, nous pouvons uniquement utiliser vos Donn\u00e9es Personnelles en cas de raison valable, comme suit:<\/p>\n<ul class=\"disc-ul\">\n<li>si vous avez donn\u00e9 votre accord;<\/li>\n<li>pour respecter nos obligations l\u00e9gales et r\u00e9glementaires; ou<\/li>\n<li>pour ex\u00e9cuter un contrat avec vous ou prendre des mesures sur votre demande avant de conclure un contrat.<\/li>\n<\/ul>\n<p>Nous utilisons vos Donn\u00e9es Personnelles aux fins suivantes:<\/p>\n<ul class=\"disc-ul\">\n<li>Fournir et entretenir nos Services.<\/li>\n<li>Vous informer des changements concernant nos Services.<\/li>\n<li>Vous permettre de b\u00e9n\u00e9ficier des fonctionnalit\u00e9s interactives de nos Services lorsque vous le souhaitez.<\/li>\n<li>Fournir un service et une assistance client.<\/li>\n<li>Fournir des analyses ou des informations utiles pour am\u00e9liorer nos Services.<\/li>\n<li>Surveiller l\u2019utilisation des Services.<\/li>\n<li>D\u00e9tecter, pr\u00e9venir et r\u00e9gler les probl\u00e8mes techniques.<\/li>\n<\/ul>\n<h2>LA S\u00c9CURIT\u00c9 DES DONN\u00c9ES<\/h2>\n<p>Nous avons mis en place des mesures organisationnelles et techniques pour prot\u00e9ger vos Donn\u00e9es Personnelles au sein de notre entreprise contre la perte, le mauvais usage, l\u2019acc\u00e8s sans autorisation, la divulgation, la modification ou la destruction. Ces mesures incluent des examens internes approfondis de nos pratiques en mati\u00e8re de collecte, stockage et traitement des donn\u00e9es et en mati\u00e8re de protocoles de s\u00e9curit\u00e9, ainsi que la mise en place de m\u00e9thodes de chiffrement adapt\u00e9es et des protections physiques pour pr\u00e9venir l\u2019acc\u00e8s sans autorisation aux syst\u00e8mes qui contiennent vos Donn\u00e9es Personnelles.<\/p>\n<p>Toutes les donn\u00e9es recueillies via la Plateforme d\u2019AIX sont stock\u00e9es de fa\u00e7on s\u00e9curis\u00e9e dans une base de donn\u00e9es chiffr\u00e9e qui est h\u00e9berg\u00e9e sur des serveurs prot\u00e9g\u00e9s par des firewalls et accessibles uniquement via des canaux prot\u00e9g\u00e9s par des mots de passe et contr\u00f4l\u00e9s de mani\u00e8re stricte.<\/p>\n<p>Malgr\u00e9 nos mesures de s\u00e9curit\u00e9 rigoureuses, il est primordial de reconna\u00eetre qu\u2019aucun syst\u00e8me de s\u00e9curit\u00e9 n\u2019est enti\u00e8rement imp\u00e9n\u00e9trable. Nous ne pouvons pas garantir la s\u00e9curit\u00e9 de la base de donn\u00e9es de mani\u00e8re absolue et nous ne pouvons pas garantir que les informations qui nous sont transmises par internet ne pourront pas \u00eatre intercept\u00e9es. De plus, des individus ayant une connexion internet pourraient acc\u00e9der \u00e0 tout information communiqu\u00e9e dans les espaces interactifs.<\/p>\n<h2>LE TRANSFERT ET LE PARTAGE DES DONN\u00c9ES<\/h2>\n<h2>Transfert<\/h2>\n<p>Nous devons parfois transf\u00e9rer vos Donn\u00e9es Personnelles \u00e0 des pays en dehors des \u00c9mirats arabes unis. Dans ces cas-l\u00e0, nous nous conformerons aux lois applicables concernant la protection des donn\u00e9es afin de garantir la confidentialit\u00e9 de vos Donn\u00e9es Personnelles.<\/p>\n<p>En vertu des lois applicables concernant la protection des donn\u00e9es, nous pouvons transf\u00e9rer vos Donn\u00e9es Personnelles uniquement \u00e0 un pays en dehors des \u00c9mirats arabes unis lorsque:<\/p>\n<ul class=\"disc-ul\">\n<li>le pays garantit un niveau ad\u00e9quat de protection des donn\u00e9es personnelles;<\/li>\n<li>il existe des mesures de protection convenables, ainsi que des droits ex\u00e9cutoires et des recours judiciaires efficaces pour vous; ou<\/li>\n<li>une exception sp\u00e9cifique s\u2019applique conform\u00e9ment \u00e0 la loi concernant la protection des donn\u00e9es.<\/li>\n<\/ul>\n<p>Nous vous informerons de toute modification concernant les destinations auxquelles nous transf\u00e9rons vos Donn\u00e9es Personnelles ou les m\u00e9canismes de transfert que nous utilisons pour transf\u00e9rer vos Donn\u00e9es Personnelles \u00e0 l\u2019international.<\/p>\n<h2>Partage<\/h2>\n<p>Nous partageons vos Donn\u00e9es Personnelles de mani\u00e8re r\u00e9guli\u00e8re avec:<\/p>\n<ul class=\"disc-ul\">\n<li>nos filiales, succursales et fournisseurs tiers pour vous fournir nos Services; et<\/li>\n<li>d\u2019autres tiers auxquels nous avons recours pour nous aider \u00e0 g\u00e9rer nos activit\u00e9s, tels que des agences de marketing ou des plateformes d\u2019h\u00e9bergement de sites web.<\/li>\n<\/ul>\n<p>Nous autorisons ces entreprises \u00e0 traiter vos Donn\u00e9es Personnelles mais seulement si nous estimons qu\u2019elles prennent des mesures ad\u00e9quates pour prot\u00e9ger vos Donn\u00e9es Personnelles. Nous leur imposons \u00e9galement des obligations contractuelles pour qu\u2019elles puissent utiliser vos Donn\u00e9es Personnelles mais uniquement pour fournir des Services \u00e0 vous et \u00e0 nous-m\u00eame.<\/p>\n<p>De temps \u00e0 autre, nous pourrions \u00eatre amen\u00e9s \u00e0 divulguer certaines informations qui pourraient inclure vos Donn\u00e9es Personnelles \u00e0 nos conseilleurs juridiques et professionnels, afin de nous conformer \u00e0 des obligations l\u00e9gales ou en r\u00e9ponse \u00e0 une demande formul\u00e9e par les forces de l\u2019ordre.<\/p>\n<p>En cas de changement au niveau du contr\u00f4le de notre entreprise (par le biais d\u2019une fusion, d\u2019une vente, d\u2019un transfert d\u2019actifs ou autre), les informations clients &#8211; qui pourraient inclure vos Donn\u00e9es Personnelles &#8211; pourraient \u00eatre transf\u00e9r\u00e9e \u00e0 un acheter dans le cadre d\u2019un accord de confidentialit\u00e9. Nous ne divulguerons vos Donn\u00e9es Personnelles que de bonne foi et lorsque les conditions susmentionn\u00e9es l\u2019exigent.<\/p>\n<h2>LE STOCKAGE DES DONN\u00c9ES<\/h2>\n<p>Vos Donn\u00e9es Personnelles sont stock\u00e9es et prot\u00e9g\u00e9es dans des syst\u00e8mes s\u00e9curis\u00e9s fournis par nos fournisseurs tiers dignes de confiance. Cette mesure vise \u00e0 pr\u00e9venir toute utilisation ou tout acc\u00e8s non autoris\u00e9s pour garantir la confidentialit\u00e9 et l\u2019int\u00e9grit\u00e9 de vos Donn\u00e9es Personnelles<\/p>\n<p>Nous gardons vos Donn\u00e9es Personnelles aussi longtemps que n\u00e9cessaire pour vous fournir nos Service et pour respecter les obligations l\u00e9gales, r\u00e9gler les litiges et faire appliquer nos accords d\u2019une mani\u00e8re efficace.<\/p>\n<p>En cas d\u2019atteinte \u00e0 la s\u00e9curit\u00e9 qui compromet vos Donn\u00e9es Personnelles, nous nous engageons \u00e0 vous en informer rapidement, conform\u00e9ment aux lois sur la protection des donn\u00e9es.<\/p>\n<p>Dans le cadre de notre engagement continu envers le respect de la confidentialit\u00e9, nous adoptons des pratiques responsables dans la gestion des donn\u00e9es. Toute donn\u00e9e personnelle qui n\u2019est plus n\u00e9cessaire sera d\u00e9truite ou d\u00e9personnalis\u00e9e, dans la mesure du possible, pour prot\u00e9ger votre confidentialit\u00e9 de mani\u00e8re continue.<\/p>\n<h2>VOS DROITS<\/h2>\n<p>Nous reconnaissons et respectons les droits octroy\u00e9s aux individus en vertu de la l\u00e9gislation applicable en mati\u00e8re de protection des donn\u00e9es. Vous pouvez vous pr\u00e9valoir de ces droits concernant vos Donn\u00e9es Personnelles, le cas \u00e9ch\u00e9ant, en nous contactant \u00e0 l\u2019adresse indiqu\u00e9e. Ces droits comprennent:<\/p>\n<ul class=\"number-ul\">\n<li>Le droit de retirer votre consentement \u00e0 des fins de marketing. Si vous nous aviez donn\u00e9 votre consentement pour utiliser vos Donn\u00e9es Personnelles, vous avez le droit de retirer votre consentement facilement et \u00e0 tout moment. Le retrait du consentement n\u2019aura pas d\u2019effet sur la l\u00e9galit\u00e9 de l\u2019utilisation de vos Donn\u00e9es Personnelles en vertu de votre consentement avant son retrait.<\/li>\n<li>Le droit d\u2019acc\u00e9der aux Donn\u00e9es Personnelles que nous recueillons de votre part.<\/li>\n<li>Le droit de rectifier ou supprimer vos Donn\u00e9es Personnelles erron\u00e9es ou incompl\u00e8tes.<\/li>\n<li>Le droit de limiter l\u2019utilisation de vos Donn\u00e9es Personnelles.<\/li>\n<li>Le droit d\u2019exercer vos droits en mati\u00e8re de portabilit\u00e9 des donn\u00e9es.<\/li>\n<li>Le droit de vous opposer au traitement que nous faisons de vos Donn\u00e9es Personnelles dans certaines situations.<\/li>\n<li>Le droit de vous opposer aux interventions humaines dans les d\u00e9cisions automatis\u00e9es ou d\u2019en faire la demande.<\/li>\n<li>Le droit de d\u00e9poser une plainte aupr\u00e8s de l\u2019organisme r\u00e9glementaire local pour la protection des donn\u00e9es.<\/li>\n<\/ul>\n<p>Si vous souhaitez exercer l\u2019un des ces droits, veuillez nous envoyer un e-mail ou nous appeler.<\/p>\n<h2>LES LIENS VERS D\u2019AUTRES SITES<\/h2>\n<p>Nos Services pourraient contenir des liens vers d\u2019autres sites qui ne sont pas g\u00e9r\u00e9s par nous. Si vous cliquez sur un lien vers un site tiers, vous serez dirig\u00e9 vers le site tiers. Nous vous recommandons vivement de consulter la politique de confidentialit\u00e9 de chaque site que vous visitez.<\/p>\n<p>Nous n\u2019avons aucun contr\u00f4le sur le contenu, les politiques de confidentialit\u00e9 ou les pratiques de tout site ou service tiers et nous n\u2019assumons aucune responsabilit\u00e9 \u00e0 leur \u00e9gard.<\/p>\n<h2>NOUS CONTACTER<\/h2>\n<p>Pour toute question concernant cette Politique de confidentialit\u00e9, veuillez nous contacter par e-mail: <a href=\"mailto:info@aixgroup.ch\">info@aixgroup.ch<\/a><\/p>\n","protected":false},"excerpt":{"rendered":"<p>POLITIQUE DE CONFIDENTIALIT\u00c9 AIX Group AG et ses filiales et succursales (collectivement d\u00e9sign\u00e9s &#8220;AIX&#8221;, &#8220;nous&#8221;, &#8220;nos&#8221;, &#8220;notre&#8221;) d\u00e9tient et g\u00e8re https:\/\/aixgroup.ch\/ et ses sous-domaines, sites, applications en ligne, services et outils (&#8220;Plateforme&#8221;). La Plateforme et les services aux membres (&#8220;Services&#8221;)&#8230;<\/p>\n","protected":false},"author":1,"featured_media":17545,"parent":0,"menu_order":174,"comment_status":"closed","ping_status":"closed","template":"","meta":{"inline_featured_image":false,"footnotes":""},"acf":[],"yoast_head":"<!-- This site is optimized with the Yoast SEO Premium plugin v22.6 (Yoast SEO v22.6) - https:\/\/yoast.com\/wordpress\/plugins\/seo\/ -->\n<title>Privacy Policy | AIX Group AG<\/title>\n<meta name=\"description\" content=\"This Privacy Policy informs you of our policies regarding the collection, use, and disclosure of your personal data when you use our Services.\" \/>\n<meta name=\"robots\" content=\"noindex, follow, max-snippet:-1, max-image-preview:large, max-video-preview:-1\" \/>\n<meta property=\"og:locale\" content=\"fr_FR\" \/>\n<meta property=\"og:type\" content=\"article\" \/>\n<meta property=\"og:title\" content=\"Politique de Confidentialit\u00e9\" \/>\n<meta property=\"og:description\" content=\"This Privacy Policy informs you of our policies regarding the collection, use, and disclosure of your personal data when you use our Services.\" \/>\n<meta property=\"og:url\" content=\"https:\/\/aixgroup.ch\/fr\/privacy-policy\/\" \/>\n<meta property=\"og:site_name\" content=\"AIX Group AG\" \/>\n<meta property=\"article:modified_time\" content=\"2024-10-21T11:35:25+00:00\" \/>\n<meta property=\"og:image\" content=\"https:\/\/aixgroup.ch\/wp-content\/uploads\/2020\/02\/insight-banner-1200x162.jpg\" \/>\n\t<meta property=\"og:image:width\" content=\"1700\" \/>\n\t<meta property=\"og:image:height\" content=\"230\" \/>\n\t<meta property=\"og:image:type\" content=\"image\/jpeg\" \/>\n<meta name=\"twitter:card\" content=\"summary_large_image\" \/>\n<meta name=\"twitter:label1\" content=\"Dur\u00e9e de lecture estim\u00e9e\" \/>\n\t<meta name=\"twitter:data1\" content=\"8 minutes\" \/>\n<!-- \/ Yoast SEO Premium plugin. -->","yoast_head_json":{"title":"Privacy Policy | AIX Group AG","description":"This Privacy Policy informs you of our policies regarding the collection, use, and disclosure of your personal data when you use our Services.","robots":{"index":"noindex","follow":"follow","max-snippet":"max-snippet:-1","max-image-preview":"max-image-preview:large","max-video-preview":"max-video-preview:-1"},"og_locale":"fr_FR","og_type":"article","og_title":"Politique de Confidentialit\u00e9","og_description":"This Privacy Policy informs you of our policies regarding the collection, use, and disclosure of your personal data when you use our Services.","og_url":"https:\/\/aixgroup.ch\/fr\/privacy-policy\/","og_site_name":"AIX Group AG","article_modified_time":"2024-10-21T11:35:25+00:00","og_image":[{"width":1700,"height":230,"url":"https:\/\/aixgroup.ch\/wp-content\/uploads\/2020\/02\/insight-banner-1200x162.jpg","type":"image\/jpeg"}],"twitter_card":"summary_large_image","twitter_misc":{"Dur\u00e9e de lecture estim\u00e9e":"8 minutes"},"schema":{"@context":"https:\/\/schema.org","@graph":[{"@type":"WebPage","@id":"https:\/\/aixgroup.ch\/fr\/privacy-policy\/","url":"https:\/\/aixgroup.ch\/fr\/privacy-policy\/","name":"Privacy Policy | AIX Group AG","isPartOf":{"@id":"https:\/\/aixgroup.ch\/#website"},"primaryImageOfPage":{"@id":"https:\/\/aixgroup.ch\/fr\/privacy-policy\/#primaryimage"},"image":{"@id":"https:\/\/aixgroup.ch\/fr\/privacy-policy\/#primaryimage"},"thumbnailUrl":"https:\/\/aixgroup.ch\/wp-content\/uploads\/2020\/02\/insight-banner.jpg","datePublished":"2020-01-21T13:12:23+00:00","dateModified":"2024-10-21T11:35:25+00:00","description":"This Privacy Policy informs you of our policies regarding the collection, use, and disclosure of your personal data when you use our Services.","breadcrumb":{"@id":"https:\/\/aixgroup.ch\/fr\/privacy-policy\/#breadcrumb"},"inLanguage":"fr-FR","potentialAction":[{"@type":"ReadAction","target":["https:\/\/aixgroup.ch\/fr\/privacy-policy\/"]}]},{"@type":"ImageObject","inLanguage":"fr-FR","@id":"https:\/\/aixgroup.ch\/fr\/privacy-policy\/#primaryimage","url":"https:\/\/aixgroup.ch\/wp-content\/uploads\/2020\/02\/insight-banner.jpg","contentUrl":"https:\/\/aixgroup.ch\/wp-content\/uploads\/2020\/02\/insight-banner.jpg","width":1700,"height":230},{"@type":"BreadcrumbList","@id":"https:\/\/aixgroup.ch\/fr\/privacy-policy\/#breadcrumb","itemListElement":[{"@type":"ListItem","position":1,"name":"Home","item":"https:\/\/aixgroup.ch\/"},{"@type":"ListItem","position":2,"name":"Politique de Confidentialit\u00e9"}]},{"@type":"WebSite","@id":"https:\/\/aixgroup.ch\/#website","url":"https:\/\/aixgroup.ch\/","name":"AIX Group AG","description":"Our proven track record allows us to offer investors fixed returns via AIX BOND, while minimizing the risk and helping them invest in a safe way.","publisher":{"@id":"https:\/\/aixgroup.ch\/#organization"},"potentialAction":[{"@type":"SearchAction","target":{"@type":"EntryPoint","urlTemplate":"https:\/\/aixgroup.ch\/?s={search_term_string}"},"query-input":"required name=search_term_string"}],"inLanguage":"fr-FR"},{"@type":"Organization","@id":"https:\/\/aixgroup.ch\/#organization","name":"AIX Group AG","url":"https:\/\/aixgroup.ch\/","logo":{"@type":"ImageObject","inLanguage":"fr-FR","@id":"https:\/\/aixgroup.ch\/#\/schema\/logo\/image\/","url":"https:\/\/aixgroup.ch\/wp-content\/uploads\/2024\/05\/aix-group-logo.png","contentUrl":"https:\/\/aixgroup.ch\/wp-content\/uploads\/2024\/05\/aix-group-logo.png","width":549,"height":304,"caption":"AIX Group AG"},"image":{"@id":"https:\/\/aixgroup.ch\/#\/schema\/logo\/image\/"}}]}},"_links":{"self":[{"href":"https:\/\/aixgroup.ch\/fr\/wp-json\/wp\/v2\/pages\/17544"}],"collection":[{"href":"https:\/\/aixgroup.ch\/fr\/wp-json\/wp\/v2\/pages"}],"about":[{"href":"https:\/\/aixgroup.ch\/fr\/wp-json\/wp\/v2\/types\/page"}],"author":[{"embeddable":true,"href":"https:\/\/aixgroup.ch\/fr\/wp-json\/wp\/v2\/users\/1"}],"replies":[{"embeddable":true,"href":"https:\/\/aixgroup.ch\/fr\/wp-json\/wp\/v2\/comments?post=17544"}],"version-history":[{"count":7,"href":"https:\/\/aixgroup.ch\/fr\/wp-json\/wp\/v2\/pages\/17544\/revisions"}],"predecessor-version":[{"id":17691,"href":"https:\/\/aixgroup.ch\/fr\/wp-json\/wp\/v2\/pages\/17544\/revisions\/17691"}],"wp:featuredmedia":[{"embeddable":true,"href":"https:\/\/aixgroup.ch\/fr\/wp-json\/wp\/v2\/media\/17545"}],"wp:attachment":[{"href":"https:\/\/aixgroup.ch\/fr\/wp-json\/wp\/v2\/media?parent=17544"}],"curies":[{"name":"wp","href":"https:\/\/api.w.org\/{rel}","templated":true}]}}