{"id":17540,"date":"2023-12-11T14:39:46","date_gmt":"2023-12-11T10:39:46","guid":{"rendered":"https:\/\/aixgroup.ch\/fixed-rate-bonds\/"},"modified":"2024-11-18T12:45:25","modified_gmt":"2024-11-18T08:45:25","slug":"fixed-rate-bonds","status":"publish","type":"page","link":"https:\/\/aixgroup.ch\/fr\/fixed-rate-bonds\/","title":{"rendered":"What are Fixed Rate Bonds? Guides\u00a0To\u00a0Investing"},"content":{"rendered":"<h3 id=\"what-bonds\" class=\"link-header\">Qu\u2019est-ce qu\u2019une obligation \u00e0 taux fixe ? Guides de placement<\/h3>\n<p>Les obligations ont toujours fait partie des options privil\u00e9gi\u00e9es par les investisseurs \u00e0 la recherche de titres \u00e0 revenu fixe stables et s\u00fbrs en p\u00e9riode d\u2019incertitude. Les \u00e9v\u00e9nements r\u00e9cents, tels que les ralentissements \u00e9conomiques mondiaux et les tensions g\u00e9opolitiques, ont renforc\u00e9 cet int\u00e9r\u00eat et cette pr\u00e9f\u00e9rence pour les obligations, de sorte qu\u2019elles constituent aujourd\u2019hui une classe d\u2019actifs tr\u00e8s recherch\u00e9e.<\/p>\n<p><img decoding=\"async\" src=\"https:\/\/aixgroup.ch\/wp-content\/uploads\/2024\/01\/real-estate-maon-image.jpg\" width=\"100%\" \/><\/p>\n<div class=\"\">\n<h3><\/h3>\n<h3 id=\"bond-concept\" class=\"link-header\">La simplicit\u00e9 du concept des obligations et leur fonctionnement<\/h3>\n<p>Une obligation est un instrument financier \u00e0 revenu fixe qui reproduit le concept du pr\u00eat. Elle repr\u00e9sente un accord formalis\u00e9 entre un investisseur appel\u00e9 &#8220;pr\u00eateur&#8221; et une entit\u00e9 emprunteuse appel\u00e9e &#8220;\u00e9metteur&#8221;.<\/p>\n<p>L\u2019\u00e9metteur de l\u2019obligation peut \u00eatre un gouvernement, une entreprise, une ville ou une municipalit\u00e9. Les obligations sont g\u00e9n\u00e9ralement \u00e9mises pour lever des fonds pour des projets sp\u00e9cifiques. Si vous choisissez d\u2019investir dans des obligations, cela revient \u00e0 pr\u00eater de l\u2019argent en tant que cr\u00e9ancier.<\/p>\n<p>Les obligations ont une terminologie sp\u00e9cifique qui d\u00e9finit leur structure et leurs caract\u00e9ristiques. La connaissance de ces termes permet de bien comprendre les subtilit\u00e9s de cet instrument financier et son fonctionnement.<\/p>\n<p>Vous trouverez ci-dessous quelques termes cl\u00e9s associ\u00e9s au concept d\u2019obligations.<\/p>\n<ul>\n<li>\n<div><strong>Valeur nominale ou capital<\/strong> &#8211; Il s\u2019agit du montant initial pay\u00e9 par l\u2019obligataire \u00e0 l\u2019\u00e9metteur pour acheter l\u2019obligation. La valeur nominale ou le capital sera rembours\u00e9(e) \u00e0 la fin de la p\u00e9riode de l\u2019obligation (\u00e9ch\u00e9ance).<\/div>\n<\/li>\n<li>\n<div><strong>Date d\u2019\u00e9ch\u00e9ance<\/strong> &#8211; Les obligations sont \u00e9mises pour une p\u00e9riode pr\u00e9d\u00e9finie. La fin de cette p\u00e9riode est appel\u00e9e date d\u2019\u00e9ch\u00e9ance. Il s\u2019agit de la date \u00e0 laquelle l\u2019\u00e9metteur est tenu de rembourser le capital ou la valeur nominale \u00e0 l\u2019obligataire.<\/div>\n<\/li>\n<li>\n<div><strong>Taux du coupon\u00a0<\/strong> &#8211; D\u00e9signe le taux d\u2019int\u00e9r\u00eat p\u00e9riodique que l\u2019\u00e9metteur s\u2019engage \u00e0 payer \u00e0 l\u2019obligataire pendant la dur\u00e9e de l\u2019obligation. Le montant du capital qu\u2019ils devra rembourser \u00e0 l\u2019\u00e9ch\u00e9ance n\u2019est pas pris en compte. Les taux de coupon sont exprim\u00e9s en pourcentage de la valeur nominale de l\u2019obligation et sont pay\u00e9s semestriellement ou annuellement.<\/div>\n<\/li>\n<li>\n<div><strong>Rendement<\/strong> &#8211; Il s\u2019agit du rendement total du placement en obligations, qui tient compte des paiements d\u2019int\u00e9r\u00eats et de toute plus-value ou moins-value potentielle.<\/div>\n<\/li>\n<li>\n<div><strong>Prix du march\u00e9<\/strong> &#8211; Prix actuel de l\u2019obligation sur le march\u00e9 secondaire. Ce prix est souvent fluctuant en fonction des conditions du march\u00e9.<\/div>\n<\/li>\n<li>\n<div><strong>Notation financi\u00e8re<\/strong> &#8211; Cette notation est attribu\u00e9e \u00e0 une obligation par les agences de notation. Elle permet aux investisseurs de se faire une id\u00e9e de la solvabilit\u00e9 de l\u2019\u00e9metteur et de la probabilit\u00e9 qu\u2019il rembourse ses obligations en temps voulu.<\/div>\n<\/li>\n<li>\n<div><strong>Option d\u2019achat<\/strong> &#8211; Disposition qui permet \u00e0 l\u2019\u00e9metteur de \u00ab racheter \u00bb ou de rappeler les obligations \u00e9mises avant l\u2019\u00e9ch\u00e9ance.<\/div>\n<\/li>\n<li>\n<div><strong>Option de vente<\/strong> &#8211; Disposition qui permet \u00e0 l\u2019obligataire de revendre les obligations \u00e0 l\u2019\u00e9metteur avant l\u2019\u00e9ch\u00e9ance.<\/div>\n<\/li>\n<\/ul>\n<p>Pour les investisseurs, le principe de base des obligations consiste \u00e0 pr\u00eater de l\u2019argent \u00e0 l\u2019\u00e9metteur de l\u2019obligation en \u00e9change de paiements d\u2019int\u00e9r\u00eats r\u00e9guliers (taux du coupon) pendant une p\u00e9riode donn\u00e9e et d\u2019un engagement \u00e0 rembourser le capital \u00e0 l\u2019\u00e9ch\u00e9ance.<\/p>\n<h3><\/h3>\n<h3 id=\"bond-type\" class=\"link-header\">Les types d\u2019obligations<\/h3>\n<p>Il existe principalement deux types d\u2019obligations :<\/p>\n<h5>Les obligations d\u2019\u00c9tat<\/h5>\n<p>Ce sont les obligations \u00e9mises uniquement par le gouvernement d\u2019un pays donn\u00e9. Elles pr\u00e9sentent un faible risque, car elles sont garanties par le cr\u00e9dit souverain d\u2019un gouvernement national. Elles garantissent \u00e9galement la stabilit\u00e9 du placement, car la probabilit\u00e9 de d\u00e9faut de paiement est nettement plus faible.<\/p>\n<p>Cependant, elles d\u00e9pendent fortement des politiques \u00e9conomiques et fiscales du gouvernement. Les obligations d\u2019\u00c9tat supportent \u00e9galement le co\u00fbt d\u2019opportunit\u00e9 des rendements plus \u00e9lev\u00e9s offerts par les obligations d\u2019entreprise et les classes d\u2019actifs plus risqu\u00e9es.<\/p>\n<h5>Les obligations d\u2019entreprise<\/h5>\n<p>Ce sont les obligations \u00e9mises par des entreprises ou des organisations afin de lever des fonds pour leurs initiatives telles que leur expansion ou pour la recherche et le d\u00e9veloppement. Elles offrent un rendement plus \u00e9lev\u00e9 que les obligations d\u2019\u00c9tat pour compenser leur profil de risque \u00e9lev\u00e9. C\u2019est l\u2019une des principales raisons pour lesquelles de nombreux investisseurs privil\u00e9gient les obligations d\u2019entreprise.<\/p>\n<p>Les obligations d\u2019entreprise couvrent un large \u00e9ventail de secteurs, ce qui permet aux investisseurs de diversifier leurs portefeuilles. Les performances de march\u00e9 des diff\u00e9rents secteurs \u00e9tant variables, cette diversification permet d\u2019att\u00e9nuer davantage les risques.<\/p>\n<p>En outre, les obligations d\u2019entreprise peuvent \u00e9galement offrir une appr\u00e9ciation du capital en fonction des conditions du march\u00e9 et des performances de la soci\u00e9t\u00e9 \u00e9mettrice. Cela \u00e9largit la port\u00e9e du rendement global du placement.<\/p>\n<h3><\/h3>\n<h3 id=\"bond-second\" class=\"link-header\">Les obligations sur le march\u00e9 secondaire<\/h3>\n<p>Les obligations peuvent \u00eatre n\u00e9goci\u00e9es sur le march\u00e9 secondaire. Le rendement constitue une mesure fondamentale de leur demande. Pour le dire simplement, le rendement est le retour sur investissement qu\u2019un obligataire peut obtenir en conservant une obligation donn\u00e9e jusqu\u2019\u00e0 son \u00e9ch\u00e9ance. Il comprend les paiements relatifs aux coupons ou aux int\u00e9r\u00eats, le prix actuel du march\u00e9 et la dur\u00e9e restante jusqu\u2019\u00e0 l\u2019\u00e9ch\u00e9ance de l\u2019obligation. Il est calcul\u00e9 en divisant le taux du coupon par le prix actuel (coupon \u00f7 prix actuel = rendement).<\/p>\n<p>Les taux d\u2019int\u00e9r\u00eat ont une relation inverse \u00e0 la valeur des obligations. Si les taux d\u2019int\u00e9r\u00eat actuels baissent, les obligations plus anciennes seront plus attrayantes (forte demande), car elles ont \u00e9t\u00e9 vendues \u00e0 un taux d\u2019int\u00e9r\u00eat plus \u00e9lev\u00e9 auparavant et ont donc des coupons plus \u00e9lev\u00e9s. Lorsque ces conditions de march\u00e9 sont r\u00e9unies, les investisseurs qui d\u00e9tiennent des obligations plus anciennes peuvent demander une &#8220;prime&#8221; pour les vendre sur le march\u00e9 secondaire.<\/p>\n<p>En revanche, lorsque les taux d\u2019int\u00e9r\u00eat augmentent, les obligations plus anciennes perdent de leur valeur (moins de demande), car les coupons ont un taux relativement bas par rapport au moment o\u00f9 ils ont \u00e9t\u00e9 achet\u00e9s. Cela permet aux obligations plus anciennes d\u2019\u00eatre n\u00e9goci\u00e9es \u00e0 un taux d\u2019escompte.<\/p>\n<p>Quelle que soit la situation, il est toujours essentiel de conserver une perspective \u00e0 long terme. Lorsque les prix des obligations sont escompt\u00e9s, les investisseurs peuvent b\u00e9n\u00e9ficier de rendements plus \u00e9lev\u00e9s \u00e0 mesure que les obligations arrivent \u00e0 \u00e9ch\u00e9ance. Le r\u00e9\u00e9quilibrage des portefeuilles en cas de ralentissement du march\u00e9 permet d\u2019acheter des obligations \u00e0 des prix inf\u00e9rieurs.<\/p>\n<h3><\/h3>\n<h3 id=\"bond-stable\" class=\"link-header\">Pourquoi les obligations constituent-elles une option de placement stable ?<\/h3>\n<h5>1. Pr\u00e9servation du capital<\/h5>\n<p>Les obligations sont un placement fixe qui promet le remboursement de votre capital \u00e0 l\u2019\u00e9ch\u00e9ance. Vous avez ainsi l\u2019assurance de pr\u00e9server la valeur nominale de votre placement. C\u2019est un excellent choix pour les investisseurs ayant une moindre tol\u00e9rance au risque.<\/p>\n<h5>2. Revenus stables et r\u00e9guliers<\/h5>\n<p>Outre le capital garanti \u00e0 l\u2019\u00e9ch\u00e9ance, les obligations g\u00e9n\u00e8rent un revenu fixe par le biais de coupons vers\u00e9s \u00e0 intervalles r\u00e9guliers. Le taux du coupon n\u2019est pas affect\u00e9 par les conditions du march\u00e9, garantissant ainsi un revenu stable et r\u00e9gulier.<\/p>\n<h5>3. Diversification<\/h5>\n<p>D\u2019une mani\u00e8re g\u00e9n\u00e9rale, investir dans une vari\u00e9t\u00e9 d\u2019obligations et dans d\u2019autres cat\u00e9gories d\u2019actifs contribue \u00e0 la diversification de votre portefeuille et l\u2019aide \u00e0 r\u00e9sister \u00e0 toutes les conditions de march\u00e9. Cette approche strat\u00e9gique permet de respecter un principe d\u2019investissement bien \u00e9tabli qui consiste \u00e0 ne pas mettre tous ses \u0153ufs dans le m\u00eame panier. Ainsi, m\u00eame si une cat\u00e9gorie d\u2019obligations n\u2019obtient pas de bons r\u00e9sultats, les autres peuvent conserver des rendements stables ou favorables.<\/p>\n<h5>4. Gestion des risques<\/h5>\n<p>Il est g\u00e9n\u00e9ralement admis que les placements \u00e0 revenu fixe sont moins risqu\u00e9s que de nombreuses autres cat\u00e9gories de placements. En effet, les risques macro\u00e9conomiques tels que les ralentissements \u00e9conomiques et les \u00e9v\u00e9nements g\u00e9opolitiques ont g\u00e9n\u00e9ralement moins d\u2019impact sur les actifs \u00e0 revenu fixe.<\/p>\n<h5>5. Rendements pr\u00e9visibles<\/h5>\n<p>L\u2019\u00e9ch\u00e9ance pr\u00e9d\u00e9termin\u00e9e et les paiements de coupons fixes (int\u00e9r\u00eats) permettent aux rendements des obligations d\u2019\u00eatre plus pr\u00e9visibles que d\u2019autres options d\u2019investissement dynamiques. En outre, l\u2019assurance d\u2019un remboursement du capital \u00e0 l\u2019\u00e9ch\u00e9ance permet de mieux planifier les finances et les d\u00e9cisions de placement \u00e0 l\u2019avance.<\/p>\n<h3><\/h3>\n<h3 id=\"bond-risk\" class=\"link-header\">Risques courants associ\u00e9s aux obligations<\/h3>\n<h5>Taux d\u2019int\u00e9r\u00eat<\/h5>\n<p>La valeur marchande des obligations sur le march\u00e9 secondaire est affect\u00e9e par les fluctuations des taux d\u2019int\u00e9r\u00eat. En g\u00e9n\u00e9ral, les taux d&#8217;int\u00e9r\u00eat et le prix des obligations ont une relation inverse.<\/p>\n<h5>Inflation<\/h5>\n<p>Le pouvoir d\u2019achat diminue en cas d\u2019inflation. Les obligations \u00e0 taux d\u2019int\u00e9r\u00eat fixe risquent donc de ne pas pouvoir suivre l\u2019augmentation du co\u00fbt de la vie, ce qui peut r\u00e9duire les b\u00e9n\u00e9fices r\u00e9els des investisseurs.<\/p>\n<h5>Risque de cr\u00e9dit<\/h5>\n<p>Il s\u2019agit du risque associ\u00e9 \u00e0 la possibilit\u00e9 que l\u2019\u00e9metteur d\u2019une obligation cesse de payer les int\u00e9r\u00eats ou ne rembourse pas le capital.<\/p>\n<h5>Liquidit\u00e9<\/h5>\n<p>En fonction des conditions du march\u00e9, les obligations peuvent parfois perdre leur liquidit\u00e9, ce qui rend difficile leur vente sur le march\u00e9 aux prix pr\u00e9vus. Une faible n\u00e9gociabilit\u00e9 peut rendre difficile la conversion des obligations en liquidit\u00e9s en cas d\u2019urgence.<\/p>\n<h5>Obligation remboursable par anticipation<\/h5>\n<p>Les obligations remboursables par anticipation permettent \u00e0 l\u2019\u00e9metteur de racheter les obligations \u00e0 l\u2019obligataire avant l\u2019\u00e9ch\u00e9ance. Les investisseurs risquent ainsi de devoir r\u00e9investir lorsque les taux d\u2019int\u00e9r\u00eat baissent et que les conditions du march\u00e9 semblent d\u00e9favorables pendant une longue p\u00e9riode.<\/p>\n<h3><\/h3>\n<h3 id=\"checklist\" class=\"link-header\">Liste de contr\u00f4le avant le placement<\/h3>\n<h5>\u00c9valuer votre situation financi\u00e8re actuelle<\/h5>\n<p>Faites un bilan d\u00e9taill\u00e9 de votre situation financi\u00e8re actuelle. \u00c9valuez vos revenus, vos d\u00e9penses, vos actifs et vos passifs. Conna\u00eetre votre situation financi\u00e8re vous donne des informations importantes sur les ressources que vous pouvez r\u00e9investir et vous aide \u00e0 d\u00e9finir des objectifs r\u00e9alistes.<\/p>\n<h5>D\u00e9finir vos objectifs et votre calendrier<\/h5>\n<p>\u00c9noncez clairement vos objectifs financiers \u00e0 court et \u00e0 long terme. Que vous souhaitiez pr\u00e9parer votre retraite, \u00e9conomiser pour un achat important ou constituer un fonds d\u2019urgence, il est essentiel de fixer des objectifs financiers assortis d\u2019un calendrier.<\/p>\n<h5>Comprendre votre tol\u00e9rance au risque<\/h5>\n<p>\u00c9valuez votre app\u00e9tit pour le risque ou votre degr\u00e9 de tol\u00e9rance aux fluctuations du march\u00e9 et \u00e0 une \u00e9ventuelle volatilit\u00e9. Cela permet d\u2019\u00e9tablir un cadre fiable pour l\u2019\u00e9laboration d\u2019un programme de placement sp\u00e9cifique \u00e0 vos objectifs financiers.<\/p>\n<h5>V\u00e9rifier la solvabilit\u00e9<\/h5>\n<p>La notation d\u2019une obligation indique sa solvabilit\u00e9. Plus la note est basse, plus la probabilit\u00e9 que l\u2019obligation ne soit pas rembours\u00e9e et que vous perdiez votre investissement augmente. Selon le syst\u00e8me de notation de Standard &#038; Poor\u2019s, la note la plus \u00e9lev\u00e9e pour une obligation est AAA. Le risque de d\u00e9faut le plus important est associ\u00e9 aux obligations de faible qualit\u00e9 ou \u00e0 haut risque, qui sont d\u00e9finies comme toute obligation ayant une note inf\u00e9rieure ou \u00e9gale \u00e0 C.<\/p>\n<h5>Prendre en compte les risques macro\u00e9conomiques<\/h5>\n<p>Les obligations perdent de la valeur lorsque les taux d\u2019int\u00e9r\u00eat augmentent. La possibilit\u00e9 que les taux d\u2019int\u00e9r\u00eat \u00e9voluent avant l\u2019\u00e9ch\u00e9ance de l\u2019obligation est connue sous le nom de risque de taux d\u2019int\u00e9r\u00eat. Cependant, il est difficile de pr\u00e9voir le march\u00e9 en temps voulu. Par cons\u00e9quent, lorsque vous analysez le march\u00e9 ou les conditions \u00e9conomiques, concentrez-vous toujours sur vos objectifs financiers \u00e0 long terme.<\/p>\n<h3><\/h3>\n<p>D\u00e9couvrez notre <a href=\"https:\/\/aixgroup.ch\/fr\" class=\"promoted-pdt-link\">produit phare<\/a> qui alloue des fonds dans des classes d\u2019actifs tr\u00e8s performantes et vous aide \u00e0 construire le portefeuille de placements id\u00e9al qui s\u2019aligne sur vos objectifs financiers. Contactez l\u2019un de nos associ\u00e9s pour obtenir des conseils personnalis\u00e9s qui vous aideront \u00e0 faire des choix \u00e9clair\u00e9s en toute confiance sur le chemin qui vous m\u00e8nera \u00e0 la libert\u00e9 financi\u00e8re.<\/p>\n<p><a href=\"https:\/\/aixgroup.ch\/fr\/contact-us\/#contact-form-main\" class=\"sched-meet-btn\">PRENDRE RENDEZ-VOUS <\/a><\/p>\n<\/div>\n","protected":false},"excerpt":{"rendered":"<p>Qu\u2019est-ce qu\u2019une obligation \u00e0 taux fixe ? Guides de placement Les obligations ont toujours fait partie des options privil\u00e9gi\u00e9es par les investisseurs \u00e0 la recherche de titres \u00e0 revenu fixe stables et s\u00fbrs en p\u00e9riode d\u2019incertitude. Les \u00e9v\u00e9nements r\u00e9cents, tels&#8230;<\/p>\n","protected":false},"author":3,"featured_media":17541,"parent":0,"menu_order":60,"comment_status":"closed","ping_status":"closed","template":"page-fixed-rate-bonds-sight-nav.php","meta":{"inline_featured_image":false,"footnotes":""},"acf":[],"yoast_head":"<!-- This site is optimized with the Yoast SEO Premium plugin v22.6 (Yoast SEO v22.6) - https:\/\/yoast.com\/wordpress\/plugins\/seo\/ -->\n<title>What are Fixed Rate Bonds? Guides\u00a0To\u00a0Investing | AIX Group AG<\/title>\n<meta name=\"description\" content=\"Navigate the bond investment market confidently with AIX. Here is a simple guide to help you make informed decisions and achieve financial freedom.\" \/>\n<meta name=\"robots\" content=\"noindex, follow, max-snippet:-1, max-image-preview:large, max-video-preview:-1\" \/>\n<meta property=\"og:locale\" content=\"fr_FR\" \/>\n<meta property=\"og:type\" content=\"article\" \/>\n<meta property=\"og:title\" content=\"What are Fixed Rate Bonds? Guides\u00a0To\u00a0Investing\" \/>\n<meta property=\"og:description\" content=\"Navigate the bond investment market confidently with AIX. Here is a simple guide to help you make informed decisions and achieve financial freedom.\" \/>\n<meta property=\"og:url\" content=\"https:\/\/aixgroup.ch\/fr\/fixed-rate-bonds\/\" \/>\n<meta property=\"og:site_name\" content=\"AIX Group AG\" \/>\n<meta property=\"article:modified_time\" content=\"2024-11-18T08:45:25+00:00\" \/>\n<meta property=\"og:image\" content=\"https:\/\/aixgroup.ch\/wp-content\/uploads\/2024\/01\/real-estate-maon-image.jpg\" \/>\n\t<meta property=\"og:image:width\" content=\"1140\" \/>\n\t<meta property=\"og:image:height\" content=\"530\" \/>\n\t<meta property=\"og:image:type\" content=\"image\/jpeg\" \/>\n<meta name=\"twitter:card\" content=\"summary_large_image\" \/>\n<meta name=\"twitter:image\" content=\"https:\/\/aixgroup.ch\/wp-content\/uploads\/2023\/12\/4-copy.jpg\" \/>\n<meta name=\"twitter:label1\" content=\"Dur\u00e9e de lecture estim\u00e9e\" \/>\n\t<meta name=\"twitter:data1\" content=\"8 minutes\" \/>\n<!-- \/ Yoast SEO Premium plugin. -->","yoast_head_json":{"title":"What are Fixed Rate Bonds? Guides\u00a0To\u00a0Investing | AIX Group AG","description":"Navigate the bond investment market confidently with AIX. Here is a simple guide to help you make informed decisions and achieve financial freedom.","robots":{"index":"noindex","follow":"follow","max-snippet":"max-snippet:-1","max-image-preview":"max-image-preview:large","max-video-preview":"max-video-preview:-1"},"og_locale":"fr_FR","og_type":"article","og_title":"What are Fixed Rate Bonds? Guides\u00a0To\u00a0Investing","og_description":"Navigate the bond investment market confidently with AIX. Here is a simple guide to help you make informed decisions and achieve financial freedom.","og_url":"https:\/\/aixgroup.ch\/fr\/fixed-rate-bonds\/","og_site_name":"AIX Group AG","article_modified_time":"2024-11-18T08:45:25+00:00","og_image":[{"width":1140,"height":530,"url":"https:\/\/aixgroup.ch\/wp-content\/uploads\/2024\/01\/real-estate-maon-image.jpg","type":"image\/jpeg"}],"twitter_card":"summary_large_image","twitter_image":"https:\/\/aixgroup.ch\/wp-content\/uploads\/2023\/12\/4-copy.jpg","twitter_misc":{"Dur\u00e9e de lecture estim\u00e9e":"8 minutes"},"schema":{"@context":"https:\/\/schema.org","@graph":[{"@type":"WebPage","@id":"https:\/\/aixgroup.ch\/fr\/fixed-rate-bonds\/","url":"https:\/\/aixgroup.ch\/fr\/fixed-rate-bonds\/","name":"Bond Investments with AIX: A Simple Guide","isPartOf":{"@id":"https:\/\/aixgroup.ch\/#website"},"primaryImageOfPage":{"@id":"https:\/\/aixgroup.ch\/fr\/fixed-rate-bonds\/#primaryimage"},"image":{"@id":"https:\/\/aixgroup.ch\/fr\/fixed-rate-bonds\/#primaryimage"},"thumbnailUrl":"https:\/\/aixgroup.ch\/wp-content\/uploads\/2024\/01\/real-estate-maon-image.jpg","datePublished":"2023-12-11T10:39:46+00:00","dateModified":"2024-11-18T08:45:25+00:00","description":"Navigate the bond investment market confidently with AIX. Here is a simple guide to help you make informed decisions and achieve financial freedom.","breadcrumb":{"@id":"https:\/\/aixgroup.ch\/fr\/fixed-rate-bonds\/#breadcrumb"},"inLanguage":"fr-FR","potentialAction":[{"@type":"ReadAction","target":["https:\/\/aixgroup.ch\/fr\/fixed-rate-bonds\/"]}]},{"@type":"ImageObject","inLanguage":"fr-FR","@id":"https:\/\/aixgroup.ch\/fr\/fixed-rate-bonds\/#primaryimage","url":"https:\/\/aixgroup.ch\/wp-content\/uploads\/2024\/01\/real-estate-maon-image.jpg","contentUrl":"https:\/\/aixgroup.ch\/wp-content\/uploads\/2024\/01\/real-estate-maon-image.jpg","width":1142,"height":530},{"@type":"BreadcrumbList","@id":"https:\/\/aixgroup.ch\/fr\/fixed-rate-bonds\/#breadcrumb","itemListElement":[{"@type":"ListItem","position":1,"name":"Home","item":"https:\/\/aixgroup.ch\/"},{"@type":"ListItem","position":2,"name":"What are Fixed Rate Bonds? Guides\u00a0To\u00a0Investing"}]},{"@type":"WebSite","@id":"https:\/\/aixgroup.ch\/#website","url":"https:\/\/aixgroup.ch\/","name":"AIX Group AG","description":"Our proven track record allows us to offer investors fixed returns via AIX BOND, while minimizing the risk and helping them invest in a safe way.","publisher":{"@id":"https:\/\/aixgroup.ch\/#organization"},"potentialAction":[{"@type":"SearchAction","target":{"@type":"EntryPoint","urlTemplate":"https:\/\/aixgroup.ch\/?s={search_term_string}"},"query-input":"required name=search_term_string"}],"inLanguage":"fr-FR"},{"@type":"Organization","@id":"https:\/\/aixgroup.ch\/#organization","name":"AIX Group AG","url":"https:\/\/aixgroup.ch\/","logo":{"@type":"ImageObject","inLanguage":"fr-FR","@id":"https:\/\/aixgroup.ch\/#\/schema\/logo\/image\/","url":"https:\/\/aixgroup.ch\/wp-content\/uploads\/2024\/05\/aix-group-logo.png","contentUrl":"https:\/\/aixgroup.ch\/wp-content\/uploads\/2024\/05\/aix-group-logo.png","width":549,"height":304,"caption":"AIX Group AG"},"image":{"@id":"https:\/\/aixgroup.ch\/#\/schema\/logo\/image\/"}}]}},"_links":{"self":[{"href":"https:\/\/aixgroup.ch\/fr\/wp-json\/wp\/v2\/pages\/17540"}],"collection":[{"href":"https:\/\/aixgroup.ch\/fr\/wp-json\/wp\/v2\/pages"}],"about":[{"href":"https:\/\/aixgroup.ch\/fr\/wp-json\/wp\/v2\/types\/page"}],"author":[{"embeddable":true,"href":"https:\/\/aixgroup.ch\/fr\/wp-json\/wp\/v2\/users\/3"}],"replies":[{"embeddable":true,"href":"https:\/\/aixgroup.ch\/fr\/wp-json\/wp\/v2\/comments?post=17540"}],"version-history":[{"count":5,"href":"https:\/\/aixgroup.ch\/fr\/wp-json\/wp\/v2\/pages\/17540\/revisions"}],"predecessor-version":[{"id":17763,"href":"https:\/\/aixgroup.ch\/fr\/wp-json\/wp\/v2\/pages\/17540\/revisions\/17763"}],"wp:featuredmedia":[{"embeddable":true,"href":"https:\/\/aixgroup.ch\/fr\/wp-json\/wp\/v2\/media\/17541"}],"wp:attachment":[{"href":"https:\/\/aixgroup.ch\/fr\/wp-json\/wp\/v2\/media?parent=17540"}],"curies":[{"name":"wp","href":"https:\/\/api.w.org\/{rel}","templated":true}]}}