{"id":6381,"date":"2020-01-21T13:12:23","date_gmt":"2020-01-21T13:12:23","guid":{"rendered":"https:\/\/aixgroup.ch\/privacy-policy\/"},"modified":"2024-10-18T15:22:20","modified_gmt":"2024-10-18T11:22:20","slug":"privacy-policy","status":"publish","type":"page","link":"https:\/\/aixgroup.ch\/de\/privacy-policy\/","title":{"rendered":"Datenschutzbestimmungen"},"content":{"rendered":"<h2>DATENSCHUTZBESTIMMUNGEN<\/h2>\n<p>Die AIX Group AG sowie ihre Tochtergesellschaften und verbundenen Unternehmen (gemeinsam &#8220;AIX&#8221;, &#8220;wir&#8221;, oder &#8220;unser&#8221;) besitzen und betreiben die Website <a href=\"https:\/\/aixgroup.ch\/de\/\">https:\/\/aixgroup.ch\/<\/a> sowie die damit verbundenen Sub-Domains, Online-Anwendungen, Dienstleistungen und Tools (gemeinsam als &#8220;Plattform&#8221; bezeichnet). Die Plattform und die Mitgliederleistungen (&#8220;Services&#8221;) werden den Nutzern (&#8220;Sie&#8221; oder &#8220;Ihr&#8221;) als Dienstleistung bereitgestellt.<\/p>\n<p>Diese Datenschutzbestimmungen informieren Sie \u00fcber unsere Richtlinien zur Erhebung, Nutzung und Offenlegung Ihrer personenbezogenen Daten, wenn Sie unsere Services nutzen.<\/p>\n<p>Inden Sie unsere Services nutzen stimmen Sie der Erhebung und Verwendung Ihrer personenbezogenen Daten gem\u00e4\u00df dieser Datenschutzbestimmungen zu. Sofern in diesen Datenschutzbestimmungen nicht anders definiert, haben die in diesen Datenschutzbestimmungen verwendeten Begriffe die gleiche Bedeutung wie in unseren <a href=\"https:\/\/aixgroup.ch\/de\/terms-and-conditions\/\" target=\"_blank\" rel=\"noopener\">Allgemeinen Gesch\u00e4ftsbedingungen<\/a>.<\/p>\n<p>Diese Datenschutzbestimmungen unterliegen gelegentlichen \u00c4nderungen. Bitte \u00fcberpr\u00fcfen Sie diese Seite regelm\u00e4\u00dfig.<\/p>\n<p>Im Falle wesentlicher \u00c4nderungen an unseren Datenschutzbestimmungen und unserer Verarbeitung Ihrer personenbezogenen Daten, bitten wir Sie m\u00f6glicherweise per E-Mail um Ihre Zustimmung.<\/p>\n<h2>ZUSTIMMUNG<\/h2>\n<p>Indem Sie unsere Dienste nutzen, stimmen Sie der Verarbeitung Ihrer personenbezogenen Daten gem\u00e4\u00df diesen Datenschutzbestimmungen zu und genehmigen sie.<\/p>\n<h2>ARTEN DER ERFASSTEN DATEN<\/h2>\n<p>Wir erfassen verschiedene Arten von Informationen zu verschiedenen Zwecken, um Ihnen unsere Dienste anzubieten und diese zu verbessern.<\/p>\n<h2>Personenbezogene Daten<\/h2>\n<p>Bei der Nutzung unserer Dienste bitten wir Sie m\u00f6glicherweise, uns bestimmte personenbezogene Informationen bereitzustellen, die zur Kontaktaufnahme mit Ihnen oder zur Identifizierung Ihrer Person verwendet werden k\u00f6nnen (&#8220;personenbezogene Daten&#8221;). Die personenbezogenen Daten, die wir erfassen k\u00f6nnten, umfassen unter anderem:<\/p>\n<ul class=\"disc-ul\">\n<li>Ihren Namen<\/li>\n<li>Ihre E-Mail-Adresse<\/li>\n<li>Ihre Telefonnummer; und<\/li>\n<li>Ihren Standort<\/li>\n<\/ul>\n<p>Unsere Plattform enth\u00e4lt Links zu anderen Websites weltweit. Die Datenschutzbestimmungen dieser Websites unterliegen nicht unserer Kontrolle. Sobald Sie unsere Server verlassen, unterliegt die Nutzung aller von Ihnen angegebenen Informationen den Datenschutzbestimmungen des Betreibers der Website, die Sie besuchen. Es ist ratsam, deren Datenschutzbestimmungen f\u00fcr weitere Informationen zu lesen.<\/p>\n<h2>Nutzungsdaten<\/h2>\n<p>M\u00f6glicherweise erfassen wir auch Informationen dar\u00fcber, wie Sie auf den Dienst zugreifen und ihn nutzen (&#8220;Nutzungsdaten&#8221;). Diese Nutzungsdaten k\u00f6nnen Informationen enthalten, wie die Internetprotokolladresse (z. B. IP-Adresse) Ihres Computers, den Browsertyp, die Browserversion, die Seiten unseres Dienstes, die Sie besuchen, das Datum und die Uhrzeit Ihres Besuchs, die auf diesen Seiten verbrachte Zeit, eindeutige Ger\u00e4teidentifikatoren und andere Diagnosedaten.<\/p>\n<h2>Cookies und Tracking-Daten<\/h2>\n<p>Wir nutzen Cookies und \u00e4hnliche Tracking-Technologien, um Ihr Erlebnis zu verbessern, w\u00e4hrend wir Ihnen unsere Dienste bereitstellen.<\/p>\n<p>Cookies sind Dateien mit kleinen Datenmengen, die einen anonymen, einzigartigen Identifikator enthalten k\u00f6nnen. Cookies werden von einer Website an Ihren Browser gesendet und auf Ihrem Ger\u00e4t gespeichert. Die verwendeten Tracking-Technologien sind Beacons, Tags und Skripte, um Informationen zu sammeln und zu verfolgen sowie unsere Services zu verbessern und zu analysieren.<\/p>\n<p>Sie k\u00f6nnen Ihren Browser anweisen, alle Cookies abzulehnen oder anzuzeigen, wenn ein Cookie gesendet wird. Wenn Sie jedoch keine Cookies akzeptieren, k\u00f6nnen Sie m\u00f6glicherweise einige Teile unserer Dienste nicht nutzen. <\/p>\n<p>Die Arten von Cookies, die wir verwenden, sind:<\/p>\n<ul class=\"disc-ul\">\n<li>Notwendige Cookies \u2013 Cookies, die erforderlich sind, um unsere Dienste bereitzustellen, zu betreiben und darauf zuzugreifen.<\/li>\n<li>Funktionale und analytische Cookies \u2013 Wir verwenden diese Cookies, um Ihre Pr\u00e4ferenzen und verschiedene Einstellungen zu speichern, angepasste Inhalte und Empfehlungen bereitzustellen sowie f\u00fcr analytische Zwecke.<\/li>\n<li>Werbe-Cookies \u2013 Wir oder Drittanbieter verwenden diese Cookies, um ein Profil Ihrer Interessen zu erstellen und relevante Werbung auf unserer Plattform anzuzeigen.<\/ul>\n<h2>VERWENDUNG DER DATEN<\/h2>\n<p>Entsprechend den geltenden Datenschutzgesetzen k\u00f6nnen wir Ihre personenbezogenen Daten nur verwenden, wenn ein angemessener Grund vorliegt, wie folgt:<\/p>\n<ul class=\"disc-ul\">\n<li>Sie haben Ihre Zustimmung erteilt;<\/li>\n<li>Zur Einhaltung unserer gesetzlichen und regulatorischen Verpflichtungen; oder<\/li>\n<li>zur Durchf\u00fchrung eines Vertrags mit Ihnen oder zur Ergreifung von Schritten auf Ihre Anfrage, bevor ein Vertrag abgeschlossen wird.<\/li>\n<\/ul>\n<p>Wir nutzen Ihre personenbezogenen Daten f\u00fcr die folgenden Zwecke:<\/p>\n<ul class=\"disc-ul\">\n<li>Zur Bereitstellung und Pflege unserer Dienste.<\/li>\n<li>Um Sie \u00fcber \u00c4nderungen an unseren Diensten zu informieren.<\/li>\n<li>Um Ihnen die Teilnahme an interaktiven Funktionen unserer Dienste zu erm\u00f6glichen, sofern Sie sich dazu entscheiden.<\/li>\n<li>Zur Bereitstellung von Kundenservice und Support.<\/li>\n<li>Zur Bereitstellung von Analysen und anderen wertvollen Informationen, damit wir unsere Dienste verbessern k\u00f6nnen.<\/li>\n<li>Zur \u00dcberwachung der Nutzung der Dienste.<\/li>\n<li>Zur Erkennung, Verhinderung und Behebung technischer Probleme<\/li>\n<\/ul>\n<h2>DATENSICHERHEIT<\/h2>\n<p>Wir haben umfassende organisatorische und technische Sicherheitsma\u00dfnahmen getroffen, um Ihre personenbezogenen Daten innerhalb unserer Organisation vor Verlust, Missbrauch, unautorisiertem Zugriff, unautorisierter Ver\u00f6ffentlichung, unautorisierter \u00c4nderung oder unautorisierter Vernichtung zu sch\u00fctzen. Alle \u00fcber die Plattform von AIX erfassten Daten werden sicher in einer verschl\u00fcsselten Datenbank gespeichert, die auf durch Firewalls gesch\u00fctzten Servern gehostet wird und nur \u00fcber kennwortgesch\u00fctzte sowie stark kontrollierte Kan\u00e4le zug\u00e4nglich ist.<\/p>\n<p>Alle \u00fcber die Plattform von AIX erfassten Daten werden sicher in einer verschl\u00fcsselten Datenbank gespeichert, die auf durch Firewalls gesch\u00fctzten Server gehostet wird und nur \u00fcber kennwortgesch\u00fctzte und stark kontrollierte Kan\u00e4le zug\u00e4nglich ist.<\/p>\n<p>Obwohl wir robuste Sicherheitsma\u00dfnahmen implementieren, ist es wichtig zu erkennen, dass kein Sicherheitssystem vollkommen undurchdringlich ist. Wir k\u00f6nnen die absolute Sicherheit der Datenbank nicht garantieren. Ebenso k\u00f6nnen wir nicht zusichern, dass die an uns \u00fcber das Internet \u00fcbertragenen Informationen nicht abgefangen werden k\u00f6nnen. Au\u00dferdem k\u00f6nnen Informationen, die in interaktiven Bereichen freigegeben werden, von allen Personen mit einem Internetzugang eingesehen werden.<\/p>\n<h2>\u00dcBERTRAGUNG UND FREIGABE VON DATEN<\/h2>\n<h2>\u00dcbertragung<\/h2>\n<p>Gelegentlich ist es notwendig, dass wir Ihre personenbezogenen Daten in L\u00e4nder au\u00dferhalb der Vereinigten Arabischen Emirate \u00fcbertragen. In diesen F\u00e4llen beachten wir die geltenden Datenschutzgesetze, die darauf abzielen, die Privatsph\u00e4re Ihrer personenbezogenen Daten zu gew\u00e4hrleisten.<\/p>\n<p>Gem\u00e4\u00df den geltenden Datenschutzgesetzen d\u00fcrfen wir Ihre personenbezogenen Daten nur dann in ein Land au\u00dferhalb der Vereinigten Arabischen Emirate \u00fcbertragen, wenn:<\/p>\n<ul class=\"disc-ul\">\n<li>das betreffende Land einen angemessenen Schutz personenbezogener Daten gew\u00e4hrleistet;<\/li>\n<li>angemessene Sicherheitsma\u00dfnahmen sowie durchsetzbare Rechte und wirksame Rechtsmittel f\u00fcr Sie bestehen; oder<\/li>\n<li>gem\u00e4\u00df dem geltenden Datenschutzgesetz eine bestimmte Ausnahme Anwendung findet.<\/li>\n<\/ul>\n<p>Bei \u00c4nderungen der Ziele, an die wir personenbezogene Daten senden, oder der \u00dcbertragungsmechanismen, die wir bei der internationalen \u00dcbertragung personenbezogener Daten verwenden, werden Sie benachrichtigt.<\/p>\n<h2>Freigabe<\/h2>\n<p>Wir geben Ihre personenbezogenen Daten routinem\u00e4\u00dfig an unsere<\/p>\n<ul class=\"disc-ul\">\n<li>verbundenen Unternehmen, Tochtergesellschaften und Drittanbieter weiter, um die Bereitstellung unserer Dienste f\u00fcr Sie zu unterst\u00fctzen; und<\/li>\n<li>andere Drittanbieter, die uns bei der Durchf\u00fchrung unseres Gesch\u00e4fts unterst\u00fctzen, wie zum Beispiel Marketingagenturen oder Webhosting-Anbieter.<\/li>\n<\/ul>\n<p>Wir erlauben diesen Organisationen die Verarbeitung Ihrer personenbezogenen Daten nur, wenn wir \u00fcberzeugt sind, dass sie angemessene Ma\u00dfnahmen zum Schutz Ihrer Daten ergreifen. Dar\u00fcber hinaus verpflichten wir sie vertraglich, Ihre personenbezogenen Daten ausschlie\u00dflich zur Bereitstellung von Dienstleistungen f\u00fcr uns und f\u00fcr Sie zu verwenden.<\/p>\n<p>Gelegentlich m\u00fcssen wir bestimmten Informationen, die m\u00f6glicherweise Ihre personenbezogenen Daten enthalten, unseren Rechts- und Fachberatern offenlegen, um gesetzliche Anforderungen zu erf\u00fcllen oder auf Anfragen von Strafverfolgungsbeh\u00f6rden zu reagieren.<\/p>\n<p>Im Falle einer \u00c4nderung der Kontrolle in unserem Unternehmen (aufgrund Fusion, Verkauf, \u00dcbertragung von Verm\u00f6genswerten oder auf andere Weise), k\u00f6nnten Kundeninformationen, die Ihre personenbezogenen Daten enthalten, im Rahmen einer Geheimhaltungsvereinbarung an einen K\u00e4ufer weitergegeben werden. Wir geben Ihre personenbezogenen Daten nur nach bestem Wissen und Gewissen und bei Bedarf unter den oben genannten Umst\u00e4nden frei.<\/p>\n<h2>DATENSPEICHERUNG<\/h2>\n<p>Ihre personenbezogenen Daten werden in sicheren Systemen gespeichert und gesch\u00fctzt, die von unseren vertrauensw\u00fcrdigen Drittanbietern bereitgestellt werden. Diese Ma\u00dfnahmen werden implementiert, um unautorisierte Verwendung und Zugriff zu verhindern sowie die Vertraulichkeit und Integrit\u00e4t Ihrer personenbezogenen Daten zu gew\u00e4hrleisten.<\/p>\n<p>Wir bewahren Ihre personenbezogenen Daten nur so lange auf, wie es zur Bereitstellung unserer Dienste, zur Einhaltung gesetzlicher Verpflichtungen, zur Beilegung von Streitigkeiten und zur effektiven Durchsetzung unserer Vereinbarungen erforderlich ist.<\/p>\n<p>Im Falle eines Sicherheitsvorfalls, der Ihre personenbezogenen Daten gef\u00e4hrdet, verpflichten wir uns, Sie umgehend gem\u00e4\u00df den geltenden Datenschutzgesetzen zu informieren.<\/p>\n<p>Im Rahmen unseres kontinuierlichen Engagements f\u00fcr den Datenschutz befolgen wir verantwortungsvolle Praktiken im Umgang mit Ihren Daten. Alle personenbezogenen Daten, die nicht mehr ben\u00f6tigt werden, werden nach M\u00f6glichkeit entweder gel\u00f6scht oder anonymisiert, um den fortw\u00e4hrenden Schutz Ihrer Privatsph\u00e4re zu gew\u00e4hrleisten.<\/p>\n<h2>IHRE RECHTE<\/h2>\n<p>Wir erkennen die Rechte an, die Einzelpersonen gem\u00e4\u00df den geltenden Datenschutzgesetzen zustehen, und setzen uns daf\u00fcr ein, diese zu wahren. Sofern zutreffend, k\u00f6nnen Sie Ihre Rechte in Bezug auf Ihre personenbezogenen Daten aus\u00fcben, indem Sie uns \u00fcber die angegebene Adresse kontaktieren. Diese Rechte umfassen:<\/p>\n<ul class=\"number-ul\">\n<li>Das Recht, Ihre Zustimmung zu Marketingzwecken jederzeit zu widerrufen. Wenn Sie uns Ihre Zustimmung zur Nutzung Ihrer personenbezogenen Daten gegeben haben, k\u00f6nnen Sie diese jederzeit und unkompliziert widerrufen. Der Widerruf Ihrer Zustimmung hat keinen Einfluss auf die Rechtm\u00e4\u00dfigkeit unserer Nutzung Ihrer personenbezogenen Daten, die auf dieser Zustimmung vor ihrem Widerruf basierte.<\/li>\n<li>Das Recht, auf die personenbezogenen Daten zuzugreifen, die wir von Ihnen erfasst haben.<\/li>\n<li>Das Recht, Ihre unrichtigen oder unvollst\u00e4ndigen personenbezogenen Daten zu korrigieren oder zu l\u00f6schen.<\/li>\n<li>Das Recht, die Nutzung Ihrer personenbezogenen Daten einzuschr\u00e4nken.<\/li>\n<li>Das Recht, die Datenportabilit\u00e4t auszu\u00fcben.<\/li>\n<li>Das Recht, der Verarbeitung Ihrer personenbezogenen Daten durch uns in bestimmten Situationen zu widersprechen.<\/li>\n<li>Das Recht, automatisierten Entscheidungen zu widersprechen oder menschliches Eingreifen bei automatisierten Entscheidungen zu verlangen.<\/li>\n<li>Das Recht, eine Beschwerde bei der zust\u00e4ndigen Datenschutzbeh\u00f6rde einzureichen.<\/li>\n<\/ul>\n<p>Wenn Sie eines dieser Rechte aus\u00fcben m\u00f6chten, kontaktieren Sie uns bitte per E-Mail oder Telefon.<\/p>\n<h2>LINKS ZU ANDEREN SITES<\/h2>\n<p>Unsere Dienste k\u00f6nnen Links zu anderen Websites enthalten, die nicht von uns betrieben werden. Wenn Sie auf einen Link zu einem Drittanbieter klicken, werden Sie zur Website dieses Drittanbieters weitergeleitet. Wir empfehlen Ihnen dringend, die Datenschutzbestimmungen jeder Website, die Sie besuchen, zu lesen.<\/p>\n<p>Wir haben keinen Einfluss auf die Inhalte, Datenschutzbestimmungen oder Praktiken anderer Websites oder Dienste von Drittanbietern und \u00fcbernehmen keine Verantwortung daf\u00fcr.<\/p>\n<h2>KONTAKTIEREN SIE UNS<\/h2>\n<p>Wenn Sie Fragen zu diesen Datenschutzbestimmungen haben, kontaktieren Sie uns bitte per E-Mail unter: <a href=\"mailto:info@aixgroup.ch\">info@aixgroup.ch<\/a><\/p>\n","protected":false},"excerpt":{"rendered":"<p>DATENSCHUTZBESTIMMUNGEN Die AIX Group AG sowie ihre Tochtergesellschaften und verbundenen Unternehmen (gemeinsam &#8220;AIX&#8221;, &#8220;wir&#8221;, oder &#8220;unser&#8221;) besitzen und betreiben die Website https:\/\/aixgroup.ch\/ sowie die damit verbundenen Sub-Domains, Online-Anwendungen, Dienstleistungen und Tools (gemeinsam als &#8220;Plattform&#8221; bezeichnet). Die Plattform und die Mitgliederleistungen&#8230;<\/p>\n","protected":false},"author":1,"featured_media":6320,"parent":0,"menu_order":173,"comment_status":"closed","ping_status":"closed","template":"","meta":{"inline_featured_image":false,"footnotes":""},"acf":[],"yoast_head":"<!-- This site is optimized with the Yoast SEO Premium plugin v22.6 (Yoast SEO v22.6) - https:\/\/yoast.com\/wordpress\/plugins\/seo\/ -->\n<title>Privacy Policy | AIX Group AG<\/title>\n<meta name=\"description\" content=\"This Privacy Policy informs you of our policies regarding the collection, use, and disclosure of your personal data when you use our Services.\" \/>\n<meta name=\"robots\" content=\"noindex, follow, max-snippet:-1, max-image-preview:large, max-video-preview:-1\" \/>\n<meta property=\"og:locale\" content=\"de_DE\" \/>\n<meta property=\"og:type\" content=\"article\" \/>\n<meta property=\"og:title\" content=\"Datenschutzbestimmungen\" \/>\n<meta property=\"og:description\" content=\"This Privacy Policy informs you of our policies regarding the collection, use, and disclosure of your personal data when you use our Services.\" \/>\n<meta property=\"og:url\" content=\"https:\/\/aixgroup.ch\/de\/privacy-policy\/\" \/>\n<meta property=\"og:site_name\" content=\"AIX Group AG\" \/>\n<meta property=\"article:modified_time\" content=\"2024-10-18T11:22:20+00:00\" \/>\n<meta property=\"og:image\" content=\"https:\/\/aixgroup.ch\/wp-content\/uploads\/2020\/02\/insight-banner-1200x162.jpg\" \/>\n\t<meta property=\"og:image:width\" content=\"1700\" \/>\n\t<meta property=\"og:image:height\" content=\"230\" \/>\n\t<meta property=\"og:image:type\" content=\"image\/jpeg\" \/>\n<meta name=\"twitter:card\" content=\"summary_large_image\" \/>\n<meta name=\"twitter:label1\" content=\"Gesch\u00e4tzte Lesezeit\" \/>\n\t<meta name=\"twitter:data1\" content=\"7\u00a0Minuten\" \/>\n<!-- \/ Yoast SEO Premium plugin. -->","yoast_head_json":{"title":"Privacy Policy | AIX Group AG","description":"This Privacy Policy informs you of our policies regarding the collection, use, and disclosure of your personal data when you use our Services.","robots":{"index":"noindex","follow":"follow","max-snippet":"max-snippet:-1","max-image-preview":"max-image-preview:large","max-video-preview":"max-video-preview:-1"},"og_locale":"de_DE","og_type":"article","og_title":"Datenschutzbestimmungen","og_description":"This Privacy Policy informs you of our policies regarding the collection, use, and disclosure of your personal data when you use our Services.","og_url":"https:\/\/aixgroup.ch\/de\/privacy-policy\/","og_site_name":"AIX Group AG","article_modified_time":"2024-10-18T11:22:20+00:00","og_image":[{"width":1700,"height":230,"url":"https:\/\/aixgroup.ch\/wp-content\/uploads\/2020\/02\/insight-banner-1200x162.jpg","type":"image\/jpeg"}],"twitter_card":"summary_large_image","twitter_misc":{"Gesch\u00e4tzte Lesezeit":"7\u00a0Minuten"},"schema":{"@context":"https:\/\/schema.org","@graph":[{"@type":"WebPage","@id":"https:\/\/aixgroup.ch\/de\/privacy-policy\/","url":"https:\/\/aixgroup.ch\/de\/privacy-policy\/","name":"Privacy Policy | AIX Group AG","isPartOf":{"@id":"https:\/\/aixgroup.ch\/#website"},"primaryImageOfPage":{"@id":"https:\/\/aixgroup.ch\/de\/privacy-policy\/#primaryimage"},"image":{"@id":"https:\/\/aixgroup.ch\/de\/privacy-policy\/#primaryimage"},"thumbnailUrl":"https:\/\/aixgroup.ch\/wp-content\/uploads\/2020\/02\/insight-banner.jpg","datePublished":"2020-01-21T13:12:23+00:00","dateModified":"2024-10-18T11:22:20+00:00","description":"This Privacy Policy informs you of our policies regarding the collection, use, and disclosure of your personal data when you use our Services.","breadcrumb":{"@id":"https:\/\/aixgroup.ch\/de\/privacy-policy\/#breadcrumb"},"inLanguage":"de","potentialAction":[{"@type":"ReadAction","target":["https:\/\/aixgroup.ch\/de\/privacy-policy\/"]}]},{"@type":"ImageObject","inLanguage":"de","@id":"https:\/\/aixgroup.ch\/de\/privacy-policy\/#primaryimage","url":"https:\/\/aixgroup.ch\/wp-content\/uploads\/2020\/02\/insight-banner.jpg","contentUrl":"https:\/\/aixgroup.ch\/wp-content\/uploads\/2020\/02\/insight-banner.jpg","width":1700,"height":230},{"@type":"BreadcrumbList","@id":"https:\/\/aixgroup.ch\/de\/privacy-policy\/#breadcrumb","itemListElement":[{"@type":"ListItem","position":1,"name":"Home","item":"https:\/\/aixgroup.ch\/"},{"@type":"ListItem","position":2,"name":"Datenschutzbestimmungen"}]},{"@type":"WebSite","@id":"https:\/\/aixgroup.ch\/#website","url":"https:\/\/aixgroup.ch\/","name":"AIX Group AG","description":"Our proven track record allows us to offer investors fixed returns via AIX BOND, while minimizing the risk and helping them invest in a safe way.","publisher":{"@id":"https:\/\/aixgroup.ch\/#organization"},"potentialAction":[{"@type":"SearchAction","target":{"@type":"EntryPoint","urlTemplate":"https:\/\/aixgroup.ch\/?s={search_term_string}"},"query-input":"required name=search_term_string"}],"inLanguage":"de"},{"@type":"Organization","@id":"https:\/\/aixgroup.ch\/#organization","name":"AIX Group AG","url":"https:\/\/aixgroup.ch\/","logo":{"@type":"ImageObject","inLanguage":"de","@id":"https:\/\/aixgroup.ch\/#\/schema\/logo\/image\/","url":"https:\/\/aixgroup.ch\/wp-content\/uploads\/2024\/05\/aix-group-logo.png","contentUrl":"https:\/\/aixgroup.ch\/wp-content\/uploads\/2024\/05\/aix-group-logo.png","width":549,"height":304,"caption":"AIX Group AG"},"image":{"@id":"https:\/\/aixgroup.ch\/#\/schema\/logo\/image\/"}}]}},"_links":{"self":[{"href":"https:\/\/aixgroup.ch\/de\/wp-json\/wp\/v2\/pages\/6381"}],"collection":[{"href":"https:\/\/aixgroup.ch\/de\/wp-json\/wp\/v2\/pages"}],"about":[{"href":"https:\/\/aixgroup.ch\/de\/wp-json\/wp\/v2\/types\/page"}],"author":[{"embeddable":true,"href":"https:\/\/aixgroup.ch\/de\/wp-json\/wp\/v2\/users\/1"}],"replies":[{"embeddable":true,"href":"https:\/\/aixgroup.ch\/de\/wp-json\/wp\/v2\/comments?post=6381"}],"version-history":[{"count":8,"href":"https:\/\/aixgroup.ch\/de\/wp-json\/wp\/v2\/pages\/6381\/revisions"}],"predecessor-version":[{"id":17634,"href":"https:\/\/aixgroup.ch\/de\/wp-json\/wp\/v2\/pages\/6381\/revisions\/17634"}],"wp:featuredmedia":[{"embeddable":true,"href":"https:\/\/aixgroup.ch\/de\/wp-json\/wp\/v2\/media\/6320"}],"wp:attachment":[{"href":"https:\/\/aixgroup.ch\/de\/wp-json\/wp\/v2\/media?parent=6381"}],"curies":[{"name":"wp","href":"https:\/\/api.w.org\/{rel}","templated":true}]}}