{"id":16883,"date":"2024-05-24T15:08:21","date_gmt":"2024-05-24T11:08:21","guid":{"rendered":"https:\/\/aixgroup.ch\/?page_id=16883"},"modified":"2024-10-21T17:32:58","modified_gmt":"2024-10-21T13:32:58","slug":"terms-of-use","status":"publish","type":"page","link":"https:\/\/aixgroup.ch\/de\/terms-of-use\/","title":{"rendered":"Nutzungsbedingungen"},"content":{"rendered":"<div class=\"terms-and-conditions\">\n<p>Durch den Zugriff auf die Website <a class=\"brand-link\" href=\"https:\/\/aixgroup.ch\/de\/\">https:\/\/aixgroup.ch\/<\/a> (Eigentum und betrieben von der AIX Group AG, Schweiz, Firmennummer CHE-308.054.834, oder einem anderen, auf der Website genannten verbundenen Unternehmen) (die &#8220;Website&#8221;) best\u00e4tigen Sie, dass Sie die Nutzungsbedingungen sowie die Datenschutzbestimmungen der Website gelesen und verstanden haben und damit einverstanden sind, an diese gebunden zu sein. Wenn Sie mit den Bedingungen nicht einverstanden sind, d\u00fcrfen Sie die Website nicht nutzen.<\/p>\n<p class=\"sub-title\">1. RECHTM\u00c4SSIGE NUTZUNG<\/p>\n<p>Die Inhalte unserer Website d\u00fcrfen nur im Rahmen der geltenden Gesetze verwendet werden. Es ist insbesondere untersagt, ver\u00f6ffentlichte Postanschriften, Telefon- oder Faxnummern sowie E-Mail-Adressen f\u00fcr Marketingzwecke zu verwenden. Personen, die dagegen versto\u00dfen und unerw\u00fcnschte Spam-Nachrichten versenden, werden bestraft.<\/p>\n<p class=\"sub-title\">2. ZUGRIFFSBESCHR\u00c4NKUNG<\/p>\n<p>Durch den Zugriff auf diese Website best\u00e4tigen Sie zudem, dass Sie Ihren Wohnsitz dauerhaft in der Schweiz haben und als professioneller Kunde gelten im Sinne von Art. 4 (3) bis (5) oder Art. 5 (1) und (4) des Finanzdienstleistungsgesetzes (FinSA).<\/p>\n<p>Keines der auf der Website erw\u00e4hnten Finanzinstrumente wird Personen, die in L\u00e4ndern, Staaten oder Jurisdiktionen, in denen der Vertrieb dieser Finanzinstrumente mit den dort geltenden Gesetzen oder Richtlinien in Konflikt steht, zur Verf\u00fcgung gestellt, auch werden keine entsprechenden Term Sheets, Prospekte oder anderen Informationsdokumente verteilt. Personen, auf die solche Beschr\u00e4nkungen zutreffen, d\u00fcrfen nicht auf die Website zugreifen. Die Nutzer der Website sind daf\u00fcr verantwortlich, zu \u00fcberpr\u00fcfen, dass sie rechtlich zum Zugriff auf die Website berechtigt sind. Gem\u00e4\u00df dem Securities Act von 1933 in der jeweils geltenden Fassung sind oder werden keines der auf der Website genannten Finanzinstrumente in den Vereinigten Staaten von Amerika registriert. Aufgrund dessen sind keine der Finanzinstrumente daf\u00fcr vorgesehen, direkt oder indirekt in den Vereinigten Staaten von Amerika (einschlie\u00dflich ihrer Territorien und Kolonien) an Staatsangeh\u00f6rige und Einwohner der Vereinigten Staaten von Amerika, an Personen, die gew\u00f6hnlich in den Vereinigten Staaten von Amerika wohnen, oder an Personen zum Vorteil oder im Interesse von US-Staatsangeh\u00f6rigen (wie in Regulation S unter dem Securities Act von 1933 definiert) angeboten zu werden. Personen, auf die solche Beschr\u00e4nkungen zutreffen, ist der Zugriff auf die Website untersagt.<\/p>\n<p>Die auf unserer Website bereitgestellten Informationen stellen Werbung dar f\u00fcr Finanzinstrumente im Sinne von Art. 68 FinSA. Sie dienen ausschlie\u00dflich Informationszwecken und stellen keine Investment-Beratung, keine Aufforderung und keine Empfehlung zum Kaufen oder Verkaufen von Finanzinstrumenten dar, auch stellen Sie keine Empfehlung oder Entscheidungshilfe f\u00fcr Investments dar und sind nicht das Ergebnis objektiver oder unabh\u00e4ngiger Recherchen. Die Inhalte der Website erheben keinen Anspruch auf Vollst\u00e4ndigkeit und stellen lediglich bestimmte Merkmale des beschriebenen Instruments dar. Die Inhalte basieren auf Informationen und Daten, die vom Emittenten des jeweiligen Finanzinstruments bereitgestellt werden. Obwohl die AIX Group AG angemessene Anstrengungen unternommen hat, um sicherzustellen, dass die Informationen auf der Website aktuell und pr\u00e4zise sind, und alle erforderliche Sorgfalt bei der Zusammenstellung und Aktualisierung dieser Informationen walten l\u00e4sst, hat sie die Informationen nicht \u00fcberpr\u00fcft und kann die Pr\u00e4zision und Vollst\u00e4ndigkeit der auf der Website dargestellten Inhalte nicht garantieren. Die AIX Group AG gibt keine ausdr\u00fccklichen, gesetzlichen oder stillschweigenden Zusicherungen oder Gew\u00e4hrleistungen hinsichtlich der auf der Website enthaltenen Informationen, eines Teils davon oder der daraus erzielten Ergebnisse. Die auf der Website bereitgestellten Informationen wurden ohne Ber\u00fccksichtigung der Ziele, finanziellen Situation, pers\u00f6nlichen Umst\u00e4nde oder Bed\u00fcrfnisse eines bestimmten Anlegers zusammengestellt. Obwohl interessierten Anlegern dringend empfohlen wird, alle relevanten Investmentinformationen auf der Website sorgf\u00e4ltig zu pr\u00fcfen, sollten sie in jedem Fall auch ihre eigenen Finanz- und Steuerberater hinsichtlich der Risiken und Vorteile der dort pr\u00e4sentierten Finanzinstrumente konsultieren, bevor sie eine Investitionsentscheidung treffen.<\/p>\n<p class=\"sub-title\">3. NUTZERVERHALTEN<\/p>\n<p>Nutzer d\u00fcrfen die Website nicht verwenden, wenn eine der in Abschnitt 2 genannten Beschr\u00e4nkungen f\u00fcr sie zutrifft. Dar\u00fcber hinaus ist es Nutzern untersagt, die Website missbr\u00e4uchlich zu verwenden, und es ist ihnen untersagt, Materialien \u00fcber die Website zu verarbeiten:<\/p>\n<p>\u2013 Das bedrohlich, diffamierend, obsz\u00f6n, unanst\u00e4ndig, aufr\u00fchrerisch, beleidigend, pornografisch, gewaltt\u00e4tig, rassistisch, diskriminierend, bedrohlich, skandal\u00f6s, blasphemisch, vertraulich oder die Privatsph\u00e4re verletzend ist oder \u00c4rger oder Unannehmlichkeiten verursachen k\u00f6nnte; oder<\/p>\n<p>\u2013 F\u00fcr die sie nicht \u00fcber alle erforderlichen Lizenzen und\/oder Genehmigungen verf\u00fcgen; oder<\/p>\n<p>\u2013 Das ein Verhalten darstellt oder zu einem Verhalten ermutigt, das in irgendeiner Gerichtsbarkeit als Straftat gilt, zivilrechtliche Haftung nach sich ziehen kann oder anderweitig gegen das Gesetz verst\u00f6\u00dft oder die Rechte Dritter verletzt; oder<\/p>\n<p>\u2013 Das technisch sch\u00e4dlich ist, einschlie\u00dflich, aber nicht beschr\u00e4nkt auf Computerviren, Logikbomben, Trojaner, W\u00fcrmer, schadhafte Komponenten, besch\u00e4digte Daten oder andere sch\u00e4dliche Software oder Daten.<\/p>\n<p class=\"sub-title\">4. HAFTUNG<\/p>\n<p>Die Inhalte dieser Website wurden mit Sorgfalt erstellt. Dennoch kann die AIX Group AG deren Vollst\u00e4ndigkeit und Richtigkeit nicht garantieren. Die Website bietet Informationen \u00fcber die Dienstleistungen der AIX Group AG, die sich jederzeit ohne Vorank\u00fcndigung \u00e4ndern k\u00f6nnen. Die auf der Website bereitgestellten Informationen stellen keine Finanzberatung dar. Die Informationen auf der Website sind allgemeiner Natur und ersetzen nicht die Beratung durch einen Finanz- oder Steuerberater.<\/p>\n<p>Insbesondere haftet die AIX Group AG nicht f\u00fcr Sch\u00e4den, die aus nicht oder versp\u00e4tet zugestellten E-Mail-Nachrichten entstehen. Dies gilt auch f\u00fcr andere ungesch\u00fctzte Kommunikationsformen, die hinsichtlich ihrer Funktion und Risikohaftung mit E-Mail-Nachrichten vergleichbar sind.<\/p>\n<p>Die AIX Group AG und ihre Vertragspartner schlie\u00dfen jegliche Haftung (einschlie\u00dflich Fahrl\u00e4ssigkeit) f\u00fcr direkte, indirekte oder Folgesch\u00e4den aus, die aus dem Vertrauen auf diese Website, den bereitgestellten Informationen, Leistungsdaten und anderen Einzelheiten, Links oder Kommunikationsinhalten auf der Website sowie aus den Risiken der dort pr\u00e4sentierten Finanzinstrumente oder den Risiken der Finanzm\u00e4rkte resultieren.<\/p>\n<p>In diesem Zusammenhang sind alle Zusicherungen und Garantien ausgeschlossen, einschlie\u00dflich der Gew\u00e4hrleistung der Eignung f\u00fcr einen bestimmten Zweck.<\/p>\n<p>Weder die AIX Group AG noch ihre verbundenen Unternehmen, Vertreter, Auftragnehmer oder Lizenzgeber haften f\u00fcr Verluste, Verletzungen oder Sch\u00e4den jeglicher Art, einschlie\u00dflich, aber nicht beschr\u00e4nkt auf direkte, indirekte, Straf- oder Folgesch\u00e4den, sowie Verluste von Einkommen, Gewinnen, Gesch\u00e4ftswert, Daten, Vertr\u00e4gen, Nutzung von Geld oder andere Verluste, die sich aus oder in Verbindung mit einer Gesch\u00e4ftsunterbrechung ergeben. Dies gilt unabh\u00e4ngig davon, ob solche Sch\u00e4den vorhersehbar, bekannt oder auf andere Weise offensichtlich waren, oder ob auf die M\u00f6glichkeit solcher Sch\u00e4den hingewiesen wurde. Die AIX Group AG haftet nicht deliktsrechtlich (einschlie\u00dflich und ohne Einschr\u00e4nkung wegen Fahrl\u00e4ssigkeit), vertraglich oder auf andere Weise. Dar\u00fcber hinaus haftet die AIX Group AG uneingeschr\u00e4nkt nicht f\u00fcr Eventualit\u00e4ten bei der Beschaffung, Zusammenstellung, Auslegung, Meldung oder Lieferung von Daten, die au\u00dferhalb ihrer Kontrolle liegen, noch f\u00fcr die Schlussfolgerungen, Entscheidungen oder Ma\u00dfnahmen, die aus der Nutzung der Website oder eines Teils davon resultieren.<\/p>\n<p>Sie verpflichten sich, die AIX Group AG sowie ihre verbundenen Unternehmen, Vertreter, Auftragnehmer und Lizenzgeber und deren jeweilige Leiter, leitenden Angestellten, Mitarbeiter, Vertreter und unabh\u00e4ngigen Auftragnehmer von s\u00e4mtlichen Sch\u00e4den, Klagen und Kosten, einschlie\u00dflich angemessener Anwaltskosten, freizustellen und schadlos zu halten, die sich aus oder in Verbindung mit Ihrem Missbrauch der Website ergeben, d.h. aus jeglicher Nutzung der Website entgegen diesen Nutzungsbedingungen oder geltenden Gesetzen oder Richtlinien.<\/p>\n<p class=\"sub-title\">5. WEBSITES DRITTER (LINKS)<\/p>\n<p>Bestimmte Links auf der Website f\u00fchren zu Websites Dritter. Die AIX Group AG hat keinen Einfluss auf diese Websites und \u00fcbernimmt keine Haftung f\u00fcr die Richtigkeit, Vollst\u00e4ndigkeit und Rechtm\u00e4\u00dfigkeit der Inhalte dieser Websites sowie f\u00fcr die dort angebotenen Produkte und Dienstleistungen.<\/p>\n<p class=\"sub-title\">6. GEISTIGE EIGENTUMSRECHTE, VERTRAULICHE INFORMATIONEN UND GESCH\u00c4FTSGEHEIMNISSE<\/p>\n<p>Sie erkennen an und stimmen zu, dass die Website und alle Teile davon durch Urheberrechte oder andere Gesetze zum Schutz des geistigen Eigentums sowie gegen unlauteren Wettbewerb gesch\u00fctzt sein k\u00f6nnen und im Eigentum der AIX Group AG und\/oder ihrer Lizenzgeber verbleiben. Solche Inhalte d\u00fcrfen nur in \u00dcbereinstimmung mit diesen Nutzungsbedingungen oder einer bestehenden Vereinbarung zwischen Ihnen und der AIX Group AG sowie im Einklang mit allen geltenden Gesetzen und Richtlinien verwendet werden. Jegliche unbefugte Nutzung ist strengstens untersagt.<\/p>\n<p>Alle Markennamen, Markenzeichen, Dienstleistungszeichen sowie anderen Produkt- und Dienstnamen und -Logos auf der Website, unabh\u00e4ngig davon, ob sie registriert sind oder nicht, sind Eigentum ihrer jeweiligen Inhaber und werden durch geltendes Recht gesch\u00fctzt.<\/p>\n<p>Die Vervielf\u00e4ltigung, Verbreitung, Modifikation, Verlinkung oder Nutzung, ganz oder teilweise, zu kommerziellen oder \u00f6ffentlichen Zwecken sowie jede Form der Kommerzialisierung au\u00dferhalb der Grenzen des Urheberrechts erfordert die vorherige schriftliche Zustimmung der AIX Group AG. Diese Website gew\u00e4hrt keine Lizenz zur Nutzung des geistigen Eigentums Dritter. Alle Rechte, die nicht ausdr\u00fccklich in diesen Allgemeinen Gesch\u00e4ftsbedingungen gew\u00e4hrt werden, sind vorbehalten.<\/p>\n<p class=\"sub-title\">7. VERTRAULICHKEIT UND DATENSCHUTZRICHTLINIEN<\/p>\n<p>Sofern auf dieser Website personenbezogene Daten verarbeitet werden, beachten Sie bitte die Datenschutzbestimmungen der AIX Group AG zur Handhabung dieser Daten.<\/p>\n<p class=\"sub-title\">8. \u00c4NDERUNGEN<\/p>\n<p>Wir behalten uns das Recht vor, jederzeit und ohne Vorank\u00fcndigung \u00c4nderungen und Verbesserungen an diesen Nutzungsbedingungen sowie an den Inhalten dieser Website vorzunehmen. Diese Website wurde zuletzt am 10. Januar 2023 aktualisiert.<\/p>\n<p class=\"sub-title\">9. SCHLUSSBESTIMMUNGEN<\/p>\n<p>Sollte eine Bestimmung dieser Nutzungsbedingungen f\u00fcr ung\u00fcltig oder nicht durchsetzbar erkl\u00e4rt werden, verbleiben die \u00fcbrigen Bestimmungen vollst\u00e4ndig in Kraft und wirksam. Wenn Sie der Meinung sind, dass Ihre Rechte aufgrund zwingenden Rechts von den in diesen Nutzungsbedingungen genannten Rechten abweichen oder diese erg\u00e4nzen, kontaktieren Sie uns bitte umgehend, damit wir eine alternative L\u00f6sung finden k\u00f6nnen.<\/p>\n<p>Unser Vers\u00e4umnis, die strikte Einhaltung dieser Nutzungsbedingungen durchzusetzen, gilt nicht als Verzicht auf Rechte und\/oder Pflichten.<\/p>\n<p class=\"sub-title\">10. GELTENDES RECHT UND GERICHTSSTAND<\/p>\n<p>Diese Nutzungsbedingungen unterliegen dem materiellen Recht der Schweiz, es sei denn, zwingende Gesetze eines anderen Landes finden Anwendung.<\/p>\n<p>Der Gerichtsstand f\u00fcr alle aus dieser Website resultierenden und im Zusammenhang stehenden Streitigkeiten ist der Sitz der AIX Group AG, es sei denn, ein anderer Gerichtsstand ist zwingend vorgeschrieben.<\/p>\n<p class=\"sub-title\">11. KONTAKTIEREN SIE UNS!<\/p>\n<p>Wenn Sie Anmerkungen oder Fragen zu diesen Nutzungsbedingungen oder unserer Website haben, wenden Sie sich bitte per E-Mail an <a class=\"mailto-terms-of-use\" href=\"mailto:info@aixgroup.ch\" target=\"_blank\" rel=\"noopener\">info@aixgroup.ch<\/a>.<\/p>\n<\/div>\n","protected":false},"excerpt":{"rendered":"<p>Durch den Zugriff auf die Website https:\/\/aixgroup.ch\/ (Eigentum und betrieben von der AIX Group AG, Schweiz, Firmennummer CHE-308.054.834, oder einem anderen, auf der Website genannten verbundenen Unternehmen) (die &#8220;Website&#8221;) best\u00e4tigen Sie, dass Sie die Nutzungsbedingungen sowie die Datenschutzbestimmungen der Website&#8230;<\/p>\n","protected":false},"author":3,"featured_media":6320,"parent":0,"menu_order":14,"comment_status":"closed","ping_status":"closed","template":"","meta":{"inline_featured_image":false,"footnotes":""},"acf":[],"yoast_head":"<!-- This site is optimized with the Yoast SEO Premium plugin v22.6 (Yoast SEO v22.6) - https:\/\/yoast.com\/wordpress\/plugins\/seo\/ -->\n<title>Terms of Use | AIX Group AG<\/title>\n<meta name=\"description\" content=\"All the information on this website https:\/\/aixgroup.ch\/ is published in good faith and for general information purpose only\" \/>\n<meta name=\"robots\" content=\"noindex, follow, max-snippet:-1, max-image-preview:large, max-video-preview:-1\" \/>\n<meta property=\"og:locale\" content=\"de_DE\" \/>\n<meta property=\"og:type\" content=\"article\" \/>\n<meta property=\"og:title\" content=\"Nutzungsbedingungen\" \/>\n<meta property=\"og:description\" content=\"All the information on this website https:\/\/aixgroup.ch\/ is published in good faith and for general information purpose only\" \/>\n<meta property=\"og:url\" content=\"https:\/\/aixgroup.ch\/de\/terms-of-use\/\" \/>\n<meta property=\"og:site_name\" content=\"AIX Group AG\" \/>\n<meta property=\"article:modified_time\" content=\"2024-10-21T13:32:58+00:00\" \/>\n<meta property=\"og:image\" content=\"https:\/\/aixgroup.ch\/wp-content\/uploads\/2020\/02\/insight-banner-1200x162.jpg\" \/>\n\t<meta property=\"og:image:width\" content=\"1700\" \/>\n\t<meta property=\"og:image:height\" content=\"230\" \/>\n\t<meta property=\"og:image:type\" content=\"image\/jpeg\" \/>\n<meta name=\"twitter:card\" content=\"summary_large_image\" \/>\n<meta name=\"twitter:label1\" content=\"Gesch\u00e4tzte Lesezeit\" \/>\n\t<meta name=\"twitter:data1\" content=\"7\u00a0Minuten\" \/>\n<!-- \/ Yoast SEO Premium plugin. -->","yoast_head_json":{"title":"Terms of Use | AIX Group AG","description":"All the information on this website https:\/\/aixgroup.ch\/ is published in good faith and for general information purpose only","robots":{"index":"noindex","follow":"follow","max-snippet":"max-snippet:-1","max-image-preview":"max-image-preview:large","max-video-preview":"max-video-preview:-1"},"og_locale":"de_DE","og_type":"article","og_title":"Nutzungsbedingungen","og_description":"All the information on this website https:\/\/aixgroup.ch\/ is published in good faith and for general information purpose only","og_url":"https:\/\/aixgroup.ch\/de\/terms-of-use\/","og_site_name":"AIX Group AG","article_modified_time":"2024-10-21T13:32:58+00:00","og_image":[{"width":1700,"height":230,"url":"https:\/\/aixgroup.ch\/wp-content\/uploads\/2020\/02\/insight-banner-1200x162.jpg","type":"image\/jpeg"}],"twitter_card":"summary_large_image","twitter_misc":{"Gesch\u00e4tzte Lesezeit":"7\u00a0Minuten"},"schema":{"@context":"https:\/\/schema.org","@graph":[{"@type":"WebPage","@id":"https:\/\/aixgroup.ch\/de\/terms-of-use\/","url":"https:\/\/aixgroup.ch\/de\/terms-of-use\/","name":"Terms of Use | AIX Group AG","isPartOf":{"@id":"https:\/\/aixgroup.ch\/#website"},"primaryImageOfPage":{"@id":"https:\/\/aixgroup.ch\/de\/terms-of-use\/#primaryimage"},"image":{"@id":"https:\/\/aixgroup.ch\/de\/terms-of-use\/#primaryimage"},"thumbnailUrl":"https:\/\/aixgroup.ch\/wp-content\/uploads\/2020\/02\/insight-banner.jpg","datePublished":"2024-05-24T11:08:21+00:00","dateModified":"2024-10-21T13:32:58+00:00","description":"All the information on this website https:\/\/aixgroup.ch\/ is published in good faith and for general information purpose only","breadcrumb":{"@id":"https:\/\/aixgroup.ch\/de\/terms-of-use\/#breadcrumb"},"inLanguage":"de","potentialAction":[{"@type":"ReadAction","target":["https:\/\/aixgroup.ch\/de\/terms-of-use\/"]}]},{"@type":"ImageObject","inLanguage":"de","@id":"https:\/\/aixgroup.ch\/de\/terms-of-use\/#primaryimage","url":"https:\/\/aixgroup.ch\/wp-content\/uploads\/2020\/02\/insight-banner.jpg","contentUrl":"https:\/\/aixgroup.ch\/wp-content\/uploads\/2020\/02\/insight-banner.jpg","width":1700,"height":230},{"@type":"BreadcrumbList","@id":"https:\/\/aixgroup.ch\/de\/terms-of-use\/#breadcrumb","itemListElement":[{"@type":"ListItem","position":1,"name":"Home","item":"https:\/\/aixgroup.ch\/"},{"@type":"ListItem","position":2,"name":"Nutzungsbedingungen"}]},{"@type":"WebSite","@id":"https:\/\/aixgroup.ch\/#website","url":"https:\/\/aixgroup.ch\/","name":"AIX Group AG","description":"Our proven track record allows us to offer investors fixed returns via AIX BOND, while minimizing the risk and helping them invest in a safe way.","publisher":{"@id":"https:\/\/aixgroup.ch\/#organization"},"potentialAction":[{"@type":"SearchAction","target":{"@type":"EntryPoint","urlTemplate":"https:\/\/aixgroup.ch\/?s={search_term_string}"},"query-input":"required name=search_term_string"}],"inLanguage":"de"},{"@type":"Organization","@id":"https:\/\/aixgroup.ch\/#organization","name":"AIX Group AG","url":"https:\/\/aixgroup.ch\/","logo":{"@type":"ImageObject","inLanguage":"de","@id":"https:\/\/aixgroup.ch\/#\/schema\/logo\/image\/","url":"https:\/\/aixgroup.ch\/wp-content\/uploads\/2024\/05\/aix-group-logo.png","contentUrl":"https:\/\/aixgroup.ch\/wp-content\/uploads\/2024\/05\/aix-group-logo.png","width":549,"height":304,"caption":"AIX Group AG"},"image":{"@id":"https:\/\/aixgroup.ch\/#\/schema\/logo\/image\/"}}]}},"_links":{"self":[{"href":"https:\/\/aixgroup.ch\/de\/wp-json\/wp\/v2\/pages\/16883"}],"collection":[{"href":"https:\/\/aixgroup.ch\/de\/wp-json\/wp\/v2\/pages"}],"about":[{"href":"https:\/\/aixgroup.ch\/de\/wp-json\/wp\/v2\/types\/page"}],"author":[{"embeddable":true,"href":"https:\/\/aixgroup.ch\/de\/wp-json\/wp\/v2\/users\/3"}],"replies":[{"embeddable":true,"href":"https:\/\/aixgroup.ch\/de\/wp-json\/wp\/v2\/comments?post=16883"}],"version-history":[{"count":9,"href":"https:\/\/aixgroup.ch\/de\/wp-json\/wp\/v2\/pages\/16883\/revisions"}],"predecessor-version":[{"id":17720,"href":"https:\/\/aixgroup.ch\/de\/wp-json\/wp\/v2\/pages\/16883\/revisions\/17720"}],"wp:featuredmedia":[{"embeddable":true,"href":"https:\/\/aixgroup.ch\/de\/wp-json\/wp\/v2\/media\/6320"}],"wp:attachment":[{"href":"https:\/\/aixgroup.ch\/de\/wp-json\/wp\/v2\/media?parent=16883"}],"curies":[{"name":"wp","href":"https:\/\/api.w.org\/{rel}","templated":true}]}}