{"id":16873,"date":"2024-05-24T13:29:20","date_gmt":"2024-05-24T09:29:20","guid":{"rendered":"https:\/\/aixgroup.ch\/?page_id=16873"},"modified":"2024-10-18T17:07:32","modified_gmt":"2024-10-18T13:07:32","slug":"risk-warning","status":"publish","type":"page","link":"https:\/\/aixgroup.ch\/de\/risk-warning\/","title":{"rendered":"Risikowarnung"},"content":{"rendered":"<h2>ALLGEMEINE RISIKOINFORMATIONEN<\/h2>\n<p>Jede Investition birgt ein gewisses Risiko. Die Bedingungen jedes Finanzinstruments basieren ausschlie\u00dflich auf dem offiziellen Prospekt (sofern zutreffend) oder dem Termsheet (sofern anwendbar). Bevor Sie eine Investition t\u00e4tigen, lesen Sie die Risikohinweise in den rechtlichen Dokumenten sorgf\u00e4ltig und ziehen Sie im Zweifelsfall einen vertrauensw\u00fcrdigen Finanzexperten zurate.<\/p>\n<p>Bitte beachten Sie, dass historische oder prognostizierte Leistungsdaten keine verl\u00e4sslichen Indikatoren f\u00fcr zuk\u00fcnftige Ertr\u00e4ge oder Verluste darstellen. Keine Anlageberatung: Die genannten Erl\u00e4uterungen stellen weder eine Anlageberatung noch eine Empfehlung zum Kauf oder Verkauf von Finanzinstrumenten dar. Die Aufz\u00e4hlung der Risiken ist nicht abschlie\u00dfend.<\/p>\n<h2>M\u00d6GLICHER VERLUST<\/h2>\n<p>Ein festverzinsliches Wertpapier kann vor F\u00e4lligkeit unter seinem Nennwert gehandelt werden. Sie k\u00f6nnten einen Verlust erleiden, wenn der Emittent, d.h. der Darlehensnehmer, seinen Zahlungsverpflichtungen nicht nachkommt.<\/p>\n<h2>ZINSSATZRISIKO<\/h2>\n<p>Zinss\u00e4tze k\u00f6nnen den Wert eines festverzinslichen Wertpapiers beeinflussen und zu einer Abwertung f\u00fchren. Als Anleiheinvestor tragen Sie dieses Risiko selbst.<\/p>\n<h2>EMITTENT UND KREDITRISIKO<\/h2>\n<p>Als Investor sind Sie dem Kreditrisiko des Emittenten eines festverzinslichen Wertpapiers ausgesetzt. Kreditrisiko bezieht sich auf das Risiko, dass der Schuldner seine Zahlungen nicht leistet.<\/p>\n<h2>B\u00dcRGENRISIKO<\/h2>\n<p>Ein Garant verpflichtet sich, den gesamten oder einen Teil des Nennwerts der Anleihe zu zahlen, wenn der Emittent Insolvenz anmeldet. Als Anleiheinvestor tragen Sie das Risiko, dass der Garant seinen Verpflichtungen nicht nachkommt.<\/p>\n<h2>LIQUIDIT\u00c4TSRISIKO<\/h2>\n<p>Sie k\u00f6nnen Anleihen vor F\u00e4lligkeit nur verkaufen, wenn Sie einen interessierten K\u00e4ufer finden. Daher tragen Sie das Risiko, die Anleihe bis zur F\u00e4lligkeit halten oder sie vor F\u00e4lligkeit zu einem Verlust verkaufen zu m\u00fcssen.<\/p>\n<h2>W\u00c4HRUNGSRISIKO<\/h2>\n<p>Schwankende Wechselkurse k\u00f6nnen den Wert eines in Fremdw\u00e4hrung denominierten festverzinslichen Wertpapiers beeinflussen. Das Risiko tr\u00e4gt der Anleger.<\/p>\n<h2>KONZENTRATIONSRISIKO<\/h2>\n<p>Wenn Sie eine betr\u00e4chtliche Menge an Anleihen eines Emittenten erwerben, k\u00f6nnten Sie erhebliche Verluste erleiden, falls der Emittent Insolvenz anmeldet. Sie k\u00f6nnen dieses Risiko durch eine Diversifikation Ihrer Anlagen vermeiden.<\/p>\n","protected":false},"excerpt":{"rendered":"<p>ALLGEMEINE RISIKOINFORMATIONEN Jede Investition birgt ein gewisses Risiko. Die Bedingungen jedes Finanzinstruments basieren ausschlie\u00dflich auf dem offiziellen Prospekt (sofern zutreffend) oder dem Termsheet (sofern anwendbar). Bevor Sie eine Investition t\u00e4tigen, lesen Sie die Risikohinweise in den rechtlichen Dokumenten sorgf\u00e4ltig und&#8230;<\/p>\n","protected":false},"author":3,"featured_media":6320,"parent":0,"menu_order":190,"comment_status":"closed","ping_status":"closed","template":"","meta":{"inline_featured_image":false,"footnotes":""},"acf":[],"yoast_head":"<!-- This site is optimized with the Yoast SEO Premium plugin v22.6 (Yoast SEO v22.6) - https:\/\/yoast.com\/wordpress\/plugins\/seo\/ -->\n<title>Risk Warning | AIX Group AG<\/title>\n<meta name=\"description\" content=\"This website\u2019s standard terms and conditions written on this web page shall manage your use of our website.\" \/>\n<meta name=\"robots\" content=\"noindex, follow, max-snippet:-1, max-image-preview:large, max-video-preview:-1\" \/>\n<meta property=\"og:locale\" content=\"de_DE\" \/>\n<meta property=\"og:type\" content=\"article\" \/>\n<meta property=\"og:title\" content=\"Risikowarnung\" \/>\n<meta property=\"og:description\" content=\"This website\u2019s standard terms and conditions written on this web page shall manage your use of our website.\" \/>\n<meta property=\"og:url\" content=\"https:\/\/aixgroup.ch\/de\/risk-warning\/\" \/>\n<meta property=\"og:site_name\" content=\"AIX Group AG\" \/>\n<meta property=\"article:modified_time\" content=\"2024-10-18T13:07:32+00:00\" \/>\n<meta property=\"og:image\" content=\"https:\/\/aixgroup.ch\/wp-content\/uploads\/2020\/02\/insight-banner-1200x162.jpg\" \/>\n\t<meta property=\"og:image:width\" content=\"1700\" \/>\n\t<meta property=\"og:image:height\" content=\"230\" \/>\n\t<meta property=\"og:image:type\" content=\"image\/jpeg\" \/>\n<meta name=\"twitter:card\" content=\"summary_large_image\" \/>\n<meta name=\"twitter:label1\" content=\"Gesch\u00e4tzte Lesezeit\" \/>\n\t<meta name=\"twitter:data1\" content=\"2\u00a0Minuten\" \/>\n<!-- \/ Yoast SEO Premium plugin. -->","yoast_head_json":{"title":"Risk Warning | AIX Group AG","description":"This website\u2019s standard terms and conditions written on this web page shall manage your use of our website.","robots":{"index":"noindex","follow":"follow","max-snippet":"max-snippet:-1","max-image-preview":"max-image-preview:large","max-video-preview":"max-video-preview:-1"},"og_locale":"de_DE","og_type":"article","og_title":"Risikowarnung","og_description":"This website\u2019s standard terms and conditions written on this web page shall manage your use of our website.","og_url":"https:\/\/aixgroup.ch\/de\/risk-warning\/","og_site_name":"AIX Group AG","article_modified_time":"2024-10-18T13:07:32+00:00","og_image":[{"width":1700,"height":230,"url":"https:\/\/aixgroup.ch\/wp-content\/uploads\/2020\/02\/insight-banner-1200x162.jpg","type":"image\/jpeg"}],"twitter_card":"summary_large_image","twitter_misc":{"Gesch\u00e4tzte Lesezeit":"2\u00a0Minuten"},"schema":{"@context":"https:\/\/schema.org","@graph":[{"@type":"WebPage","@id":"https:\/\/aixgroup.ch\/de\/risk-warning\/","url":"https:\/\/aixgroup.ch\/de\/risk-warning\/","name":"Risk Warning | AIX Group AG","isPartOf":{"@id":"https:\/\/aixgroup.ch\/#website"},"primaryImageOfPage":{"@id":"https:\/\/aixgroup.ch\/de\/risk-warning\/#primaryimage"},"image":{"@id":"https:\/\/aixgroup.ch\/de\/risk-warning\/#primaryimage"},"thumbnailUrl":"https:\/\/aixgroup.ch\/wp-content\/uploads\/2020\/02\/insight-banner.jpg","datePublished":"2024-05-24T09:29:20+00:00","dateModified":"2024-10-18T13:07:32+00:00","description":"This website\u2019s standard terms and conditions written on this web page shall manage your use of our website.","breadcrumb":{"@id":"https:\/\/aixgroup.ch\/de\/risk-warning\/#breadcrumb"},"inLanguage":"de","potentialAction":[{"@type":"ReadAction","target":["https:\/\/aixgroup.ch\/de\/risk-warning\/"]}]},{"@type":"ImageObject","inLanguage":"de","@id":"https:\/\/aixgroup.ch\/de\/risk-warning\/#primaryimage","url":"https:\/\/aixgroup.ch\/wp-content\/uploads\/2020\/02\/insight-banner.jpg","contentUrl":"https:\/\/aixgroup.ch\/wp-content\/uploads\/2020\/02\/insight-banner.jpg","width":1700,"height":230},{"@type":"BreadcrumbList","@id":"https:\/\/aixgroup.ch\/de\/risk-warning\/#breadcrumb","itemListElement":[{"@type":"ListItem","position":1,"name":"Home","item":"https:\/\/aixgroup.ch\/"},{"@type":"ListItem","position":2,"name":"Risikowarnung"}]},{"@type":"WebSite","@id":"https:\/\/aixgroup.ch\/#website","url":"https:\/\/aixgroup.ch\/","name":"AIX Group AG","description":"Our proven track record allows us to offer investors fixed returns via AIX BOND, while minimizing the risk and helping them invest in a safe way.","publisher":{"@id":"https:\/\/aixgroup.ch\/#organization"},"potentialAction":[{"@type":"SearchAction","target":{"@type":"EntryPoint","urlTemplate":"https:\/\/aixgroup.ch\/?s={search_term_string}"},"query-input":"required name=search_term_string"}],"inLanguage":"de"},{"@type":"Organization","@id":"https:\/\/aixgroup.ch\/#organization","name":"AIX Group AG","url":"https:\/\/aixgroup.ch\/","logo":{"@type":"ImageObject","inLanguage":"de","@id":"https:\/\/aixgroup.ch\/#\/schema\/logo\/image\/","url":"https:\/\/aixgroup.ch\/wp-content\/uploads\/2024\/05\/aix-group-logo.png","contentUrl":"https:\/\/aixgroup.ch\/wp-content\/uploads\/2024\/05\/aix-group-logo.png","width":549,"height":304,"caption":"AIX Group AG"},"image":{"@id":"https:\/\/aixgroup.ch\/#\/schema\/logo\/image\/"}}]}},"_links":{"self":[{"href":"https:\/\/aixgroup.ch\/de\/wp-json\/wp\/v2\/pages\/16873"}],"collection":[{"href":"https:\/\/aixgroup.ch\/de\/wp-json\/wp\/v2\/pages"}],"about":[{"href":"https:\/\/aixgroup.ch\/de\/wp-json\/wp\/v2\/types\/page"}],"author":[{"embeddable":true,"href":"https:\/\/aixgroup.ch\/de\/wp-json\/wp\/v2\/users\/3"}],"replies":[{"embeddable":true,"href":"https:\/\/aixgroup.ch\/de\/wp-json\/wp\/v2\/comments?post=16873"}],"version-history":[{"count":5,"href":"https:\/\/aixgroup.ch\/de\/wp-json\/wp\/v2\/pages\/16873\/revisions"}],"predecessor-version":[{"id":17657,"href":"https:\/\/aixgroup.ch\/de\/wp-json\/wp\/v2\/pages\/16873\/revisions\/17657"}],"wp:featuredmedia":[{"embeddable":true,"href":"https:\/\/aixgroup.ch\/de\/wp-json\/wp\/v2\/media\/6320"}],"wp:attachment":[{"href":"https:\/\/aixgroup.ch\/de\/wp-json\/wp\/v2\/media?parent=16873"}],"curies":[{"name":"wp","href":"https:\/\/api.w.org\/{rel}","templated":true}]}}