{"id":16105,"date":"2023-12-11T14:39:46","date_gmt":"2023-12-11T10:39:46","guid":{"rendered":"https:\/\/aixgroup.ch\/?page_id=16105"},"modified":"2024-11-18T11:25:42","modified_gmt":"2024-11-18T07:25:42","slug":"fixed-rate-bonds","status":"publish","type":"page","link":"https:\/\/aixgroup.ch\/de\/fixed-rate-bonds\/","title":{"rendered":"What are Fixed Rate Bonds? Guides\u00a0To\u00a0Investing"},"content":{"rendered":"<h3 id=\"what-bonds\" class=\"link-header\">Was sind festverzinsliche Anleihen? Investitionsleitf\u00e4den<\/h3>\n<p>Anleihen waren schon immer die bevorzugte Wahl f\u00fcr Anleger, die in Zeiten der Unsicherheit stabile und sichere festverzinsliche Wertpapiere suchen. J\u00fcngste Ereignisse wie weltweite wirtschaftliche Abschw\u00fcnge und geopolitische Spannungen haben diese Wertsch\u00e4tzung und Pr\u00e4ferenz f\u00fcr Anleihen verst\u00e4rkt, wodurch sie heute eine sehr gefragte Anlageklasse sind.<\/p>\n<p><img decoding=\"async\" src=\"https:\/\/aixgroup.ch\/wp-content\/uploads\/2024\/01\/real-estate-maon-image.jpg\" width=\"100%\" \/><\/p>\n<div class=\"\">\n<h3><\/h3>\n<h3 id=\"bond-concept\" class=\"link-header\">Das einfache Konzept von Anleihen und wie es funktioniert<\/h3>\n<p>Eine Anleihe ist ein festverzinsliches Finanzinstrument, welches das gleiche Konzept wie ein Darlehen nachbildet. Es stellt eine formalisierte Vereinbarung zwischen einem Investor, der als &#8220;Darlehensgeber&#8221; bezeichnet wird, und einer entleihenden Stelle, die als &#8220;Emittent&#8221; bezeichnet wird, dar.<\/p>\n<p>Der Anleiheemittent kann eine Regierung, ein Unternehmen, eine Stadt oder eine Gemeinde sein. Anleihen werden typischerweise emittiert, um Mittel f\u00fcr spezifische Projekte zu beschaffen. Wenn Sie sich f\u00fcr eine Investition in Anleihen entscheiden, verleihen Sie effektiv Geld als Kreditgeber.<\/p>\n<p>Anleihen weisen spezifische Begriffe auf, die ihre Struktur und Eigenschaften definieren. Ihr Verst\u00e4ndnis erm\u00f6glicht einen gr\u00fcndlichen Einblick in die Feinheiten dieses Finanzinstruments und dessen Funktionsweise.<\/p>\n<p>Hier sind einige wichtige Begriffe, die sich auf das Konzept der Anleihen beziehen.<\/p>\n<ul>\n<li>\n<div><strong>Nennwert oder Kapital<\/strong> &#8211; Dies bezieht sich auf den urspr\u00fcnglichen Betrag, den der Anleihegl\u00e4ubiger an den Emittenten zahlt, um die Anleihe zu erwerben. Der Nennwert oder die Hauptsumme wird am Ende der Anleiheperiode (F\u00e4lligkeit) zur\u00fcckgezahlt.<\/div>\n<\/li>\n<li>\n<div><strong>F\u00e4lligkeitsdatum<\/strong> &#8211; Anleihen werden f\u00fcr einen zuvor festgelegten Zeitraum emittiert. Das Ende der Anleihefrist oder -periode wird als F\u00e4lligkeitsdatum bezeichnet, an dem der Emittent verpflichtet ist, den Nennwert oder die Hauptsumme an den Anleihegl\u00e4ubiger zur\u00fcckzuzahlen.<\/div>\n<\/li>\n<li>\n<div><strong>Kuponzinssatz<\/strong> &#8211; Bezieht sich auf den periodischen Zinssatz, der vom Emittenten w\u00e4hrend der Anleiheperiode an den Anleihegl\u00e4ubiger gezahlt wird. Dies schlie\u00dft den Kapitalbetrag aus, den sie bei F\u00e4lligkeit zur\u00fcckzahlen m\u00fcssen. Kuponzinss\u00e4tze werden als Prozentsatz des Nennwerts der Anleihe ausgedr\u00fcckt und halbj\u00e4hrlich oder j\u00e4hrlich gezahlt.<\/div>\n<\/li>\n<li>\n<div><strong>Ertrag<\/strong> &#8211; Dies bezieht sich auf die Gesamtrendite der Anleiheinvestition, die sowohl Zinszahlungen als auch m\u00f6gliche Kapitalgewinne oder -verluste ber\u00fccksichtigt.<\/div>\n<\/li>\n<li>\n<div><strong>Marktpreis<\/strong> &#8211; Der aktuelle Anleihenpreis auf dem Sekund\u00e4rmarkt. Dieser Preis schwankt h\u00e4ufig je nach Marktlage.<\/div>\n<\/li>\n<li>\n<div><strong>Kreditrating<\/strong> &#8211; Diese Bewertung wird einer Anleihe von Ratingagenturen zugewiesen, wodurch Anleger einen Eindruck von der Bonit\u00e4t und der Wahrscheinlichkeit einer p\u00fcnktlichen R\u00fcckzahlung durch den Emittenten erhalten.<\/div>\n<\/li>\n<li>\n<div><strong>Kaufoption<\/strong> &#8211; Eine Bestimmung, die dem Emittenten den \u201eR\u00fcckkauf\u201c oder den R\u00fcckruf der Anleihen vor der F\u00e4lligkeit erm\u00f6glicht.<\/div>\n<\/li>\n<li>\n<div><strong>Verkaufsoption<\/strong> &#8211; Eine Klausel, die den Anleihegl\u00e4ubiger dazu berechtigt, die Anleihen vor der F\u00e4lligkeit an den Emittenten zur\u00fcckzuverkaufen.<\/div>\n<\/li>\n<\/ul>\n<p>Das Grundkonzept hinter Anleihen besteht darin, dass Investoren dem Anleiheemittenten Geld leihen im Austausch f\u00fcr regelm\u00e4\u00dfige Zinszahlungen (Kuponzinssatz) \u00fcber einen festgelegten Zeitraum und einer Vereinbarung, das Kapital bei F\u00e4lligkeit zur\u00fcckzuzahlen.<\/p>\n<h3><\/h3>\n<h3 id=\"bond-type\" class=\"link-header\">Arten von Anleihen<\/h3>\n<p>Es bestehen grunds\u00e4tzlich zwei Arten von Anleihen:<\/p>\n<h5>Staatsanleihen<\/h5>\n<p>Dies sind Anleihearten, die ausschlie\u00dflich von der Regierung eines bestimmten Landes emittiert werden. Sie sind mit einem niedrigen Risiko verbunden, da sie durch die Staatskredite eines nationalen Staates abgesichert sind. Es gew\u00e4hrleistet auch die Stabilit\u00e4t der Investition da die Wahrscheinlichkeit eines Zahlungsausfalls deutlich geringer ist.<\/p>\n<p>Sie sind jedoch stark von den wirtschaftlichen und fiskalischen Politiken der Regierung abh\u00e4ngig. Staatsanleihen weisen dar\u00fcber hinaus die Opportunit\u00e4tskosten h\u00f6herer Renditen von Unternehmensanleihen und riskanteren Asset-Klassen auf.<\/p>\n<h5>Unternehmensanleihen<\/h5>\n<p>Anleihen, die von Unternehmen oder Organisationen emittiert werden, um Mittel f\u00fcr ihre Initiativen wie Expansion, Forschung und Entwicklung zu beschaffen, werden als Unternehmensanleihen bezeichnet. Als Ausgleich f\u00fcr ihr riskantes Profil bieten sie im Vergleich zu Staatsanleihen einen h\u00f6heren Ertrag. Dies ist einer der Hauptgr\u00fcnde, warum viele Anleger st\u00e4rker in Unternehmensanleihen investieren.<\/p>\n<p>Unternehmensanleihen decken eine Vielzahl von Branchen ab und erm\u00f6glichen es den Anlegern, ihre Portfolios zu diversifizieren. Aufgrund der unterschiedlichen Marktperformance verschiedener Branchen bietet diese Diversifikation ein h\u00f6heres Ma\u00df an Risikominderung.<\/p>\n<p>Zus\u00e4tzlich dazu k\u00f6nnen Unternehmensanleihen auch eine Kapitalwertsteigerung bieten, abh\u00e4ngig von den Marktbedingungen und der Leistung des ausstellenden Unternehmens. Dies erweitert den Umfang der Gesamtrendite der Investition.<\/p>\n<h3><\/h3>\n<h3 id=\"bond-second\" class=\"link-header\">Anleihen im Sekund\u00e4rmarkt<\/h3>\n<p>Anleihen k\u00f6nnen auf dem Sekund\u00e4rmarkt gehandelt werden und der Ertrag ist ein wesentlicher Ma\u00dfstab f\u00fcr ihre Nachfrage. Einfach gesagt stellt die Rendite die Kapitalrendite dar, die ein Anleiheinhaber durch das Halten einer bestimmten Anleihe bis zur F\u00e4lligkeit erzielen kann. Dies umfasst die Kupon- oder Zinszahlungen, den aktuellen Marktpreis und die verbleibende Zeit bis zur F\u00e4lligkeit der Anleihe. Die Rendite wird berechnet, indem der Kuponzinssatz durch den aktuellen Preis geteilt wird (Kupon \u00f7 aktueller Preis = Rendite).<\/p>\n<p>Bei Zinss\u00e4tzen besteht eine inverse Beziehung zu den Anleihewerten. Wenn die aktuellen Zinss\u00e4tze sinken, werden \u00e4ltere Anleihen attraktiver (hohe Nachfrage), da sie fr\u00fcher zu einem h\u00f6heren Zinssatz ausgegeben wurden und daher h\u00f6here Kupons bieten. Unter solchen Marktbedingungen k\u00f6nnen Anleger mit \u00e4lteren Anleihen einen &#8216;Aufpreis&#8217; verlangen, um diese auf dem Sekund\u00e4rmarkt zu verkaufen.<\/p>\n<p>Wenn die Zinss\u00e4tze hingegen steigen, verlieren \u00e4ltere Anleihen an Wert (geringe Nachfrage), da die Kupons einen relativ geringen Satz gegen\u00fcber dem Zeitpunkt ihres Kaufs aufweisen. Dies erm\u00f6glicht es, dass \u00e4ltere Anleihen zu einem &#8216;Rabatt&#8217;-Preis gehandelt werden.<\/p>\n<p>Unabh\u00e4ngig von den jeweiligen Umst\u00e4nden ist eine langfristige Perspektive entscheidend. Wenn Anleihekurse fallen, k\u00f6nnen Anleger bei F\u00e4lligkeit der Anleihen von h\u00f6heren Renditen profitieren. Das erneute Ausbalancieren von Portfolios w\u00e4hrend Marktr\u00fcckg\u00e4ngen erm\u00f6glicht den Kauf von Anleihen zu niedrigeren Preisen.<\/p>\n<h3><\/h3>\n<h3 id=\"bond-stable\" class=\"link-header\">Warum Anleihen eine stabile Investitionsoption sind<\/h3>\n<h5>1. Kapitalschutz<\/h5>\n<p>Anleihen sind eine feste Anlageform, welche die R\u00fcckzahlung des eingesetzten Kapitals am Ende der Laufzeit versprechen. Dies gew\u00e4hrleistet die Erhaltung des Nennwerts Ihrer Investition und ist eine ausgezeichnete Wahl f\u00fcr Anleger mit geringerer Risikobereitschaft.<\/p>\n<h5>2. Stabiles und regelm\u00e4\u00dfiges Einkommen<\/h5>\n<p>Neben dem bei F\u00e4lligkeit garantierten Nennwert erzeugen Anleihen ein festes Einkommen durch Kuponzahlungen in regelm\u00e4\u00dfigen Abst\u00e4nden. Der Kuponzinssatz bleibt von den Marktbedingungen unbeeinflusst und gew\u00e4hrleistet ein stabiles und regelm\u00e4\u00dfiges Einkommen.<\/p>\n<h5>3. Diversifizierung<\/h5>\n<p>Investieren in eine Vielzahl von Anleihen und anderen Anlageklassen tr\u00e4gt zur Diversifizierung Ihres Portfolios bei und hilft, es in allen Marktbedingungen widerstandsf\u00e4hig zu halten. Dies erm\u00f6glicht einen strategischen Ansatz f\u00fcr das bew\u00e4hrte Investmentprinzip, nicht alle Eier in denselben Korb zu legen. Selbst wenn eine Kategorie von Anleihen nicht gut abschneidet, k\u00f6nnen die anderen mit ihren Renditen stabil oder vorteilhaft bleiben.<\/p>\n<h5>4. Risikomanagement<\/h5>\n<p>Es ist allgemein anerkannt, dass festverzinsliche Anlagen weniger riskant sind als viele andere Anlageklassen. Dies liegt daran, dass makro\u00f6konomische Risiken wie wirtschaftliche Abschw\u00fcnge und geopolitische Ereignisse in der Regel weniger Einfluss auf festverzinsliche Anlagen haben.<\/p>\n<h5>5. Vorhersehbare Renditen<\/h5>\n<p>Die festgelegte Laufzeit und die festen Kuponzahlungen (Zinsen) machen die Renditen von Anleihen vorhersehbarer als die anderer dynamischer Anlageoptionen. Zus\u00e4tzlich hilft die Garantie der Kapitalr\u00fcckzahlung bei F\u00e4lligkeit, Finanzen und Investitionsentscheidungen besser im Voraus zu planen.<\/p>\n<h3><\/h3>\n<h3 id=\"bond-risk\" class=\"link-header\">Allgemeine Risiken in Verbindung mit Anleihen<\/h3>\n<h5>Zinssatz<\/h5>\n<p>Die Marktwerte von Anleihen im Sekund\u00e4rmarkt werden durch Zinsschwankungen beeinflusst. In der Regel besteht eine umgekehrte Beziehung zwischen Zinss\u00e4tzen und dem Anleihenpreis.<\/p>\n<h5>Inflation<\/h5>\n<p>Da die Kaufkraft w\u00e4hrend der Inflation sinkt, k\u00f6nnten Anleihen mit festen Zinss\u00e4tzen nicht mit den steigenden Lebenshaltungskosten mithalten, was die tats\u00e4chlichen Gewinne f\u00fcr Anleger m\u00f6glicherweise verringert.<\/p>\n<h5>Kreditrisiko<\/h5>\n<p>Dies stellt das Risiko dar, das mit der M\u00f6glichkeit verbunden ist, dass der Anleiheemittent die Zinszahlungen einstellt oder das Kapital nicht zur\u00fcckzahlt.<\/p>\n<h5>Liquidit\u00e4t<\/h5>\n<p>Je nach Marktentwicklung k\u00f6nnen Anleihen ihre Liquidit\u00e4t verlieren, wodurch es schwierig wird, sie zum erwarteten Preis auf dem Markt zu verkaufen. Eine geringe Marktg\u00e4ngigkeit kann es erschweren, Anleihen im Notfall schnell in Bargeld umzuwandeln.<\/p>\n<h5>K\u00fcndbare Anleihe<\/h5>\n<p>Anleihen mit K\u00fcndigungsoption erm\u00f6glichen es dem Emittenten, die Anleihen vor F\u00e4lligkeit vom Inhaber zur\u00fcckzukaufen. Dies birgt das Risiko, dass Anleger ihr Kapital neu anlegen m\u00fcssen, wenn die Zinss\u00e4tze sinken und die Marktbedingungen \u00fcber einen l\u00e4ngeren Zeitraum ung\u00fcnstig erscheinen.<\/p>\n<h3><\/h3>\n<h3 id=\"checklist\" class=\"link-header\">Checkliste vor der Investition<\/h3>\n<h5>Bewerten Sie Ihre aktuelle finanzielle Situation<\/h5>\n<p>Nehmen Sie eine detaillierte Bewertung Ihrer aktuellen finanziellen Lage vor. Bewerten Sie Ihr Einkommen, Ihre Ausgaben, Ihr Verm\u00f6gen und Ihre Verbindlichkeiten. Ein klares Verst\u00e4ndnis der eigenen finanziellen Situation gibt Aufschluss \u00fcber die verf\u00fcgbaren Ressourcen f\u00fcr Reinvestitionen und unterst\u00fctzt bei der Festlegung realistischer Ziele.<\/p>\n<h5>Definieren Sie Ihre Ziele und den Zeitrahmen<\/h5>\n<p>Formulieren Sie Ihre lang- und kurzfristigen Finanzziele klar. Ob Sie f\u00fcr den Ruhestand vorsorgen, f\u00fcr einen gr\u00f6\u00dferen Kauf sparen oder ein Notfallfonds aufbauen m\u00f6chten \u2013 das Festlegen finanzieller Ziele im Einklang mit einem Zeitrahmen ist entscheidend.<\/p>\n<h5>Verstehen Sie Ihre Risikobereitschaft<\/h5>\n<p>Bewerten Sie Ihre Risikobereitschaft und inwieweit Sie mit Marktschwankungen und m\u00f6glicher Volatilit\u00e4t umgehen k\u00f6nnen. Dies schafft eine verl\u00e4ssliche Grundlage f\u00fcr die Entwicklung eines Investitionsplans, der auf Ihre finanziellen Ziele zugeschnitten ist.<\/p>\n<h5>\u00dcberpr\u00fcfen Sie die Kreditw\u00fcrdigkeit<\/h5>\n<p>Die Bewertung einer Anleihe gibt Auskunft \u00fcber ihre Kreditw\u00fcrdigkeit. Die Wahrscheinlichkeit, dass die Anleihe ausf\u00e4llt und Sie Ihre Investition verlieren, steigt mit einer niedrigeren Bonit\u00e4tseinstufung. Das Bewertungssystem von Standard &#038; Poor\u2019s besagt, dass die h\u00f6chste Anleihenbewertung AAA ist. Das gr\u00f6\u00dfte Ausfallrisiko ist mit Anleihen von niedriger Qualit\u00e4t oder sogenannten Junk Bonds verbunden, die als Anleihen mit einer Bewertung von C oder darunter definiert werden.<\/p>\n<h5>Ber\u00fccksichtigen Sie makro\u00f6konomische Risiken<\/h5>\n<p>Anleihen verlieren an Wert, wenn die Zinss\u00e4tze steigen. Die M\u00f6glichkeit, dass sich die Zinss\u00e4tze vor F\u00e4lligkeit der Anleihe \u00e4ndern, wird als Zinsrisiko bezeichnet. Es ist jedoch schwierig, den Markt rechtzeitig vorherzusagen. Bei der Analyse von Markt- oder Wirtschaftsbedingungen sollten Sie immer auf Ihre langfristigen finanziellen Ziele fokussiert bleiben.<\/p>\n<h3><\/h3>\n<p>Entdecken Sie unser <a href=\"https:\/\/aixgroup.ch\/de\" class=\"promoted-pdt-link\">empfohlenes Produkt<\/a>, das Ihr Kapital in renditestarke Anlageklassen investiert und Ihnen dabei hilft, ein ma\u00dfgeschneidertes Investmentportfolio zu erstellen, das Ihre finanziellen Ziele optimal unterst\u00fctzt. Sprechen Sie mit einem unserer Berater, um ma\u00dfgeschneiderte Unterst\u00fctzung zu erhalten, die Ihnen hilft, selbstbewusste und fundierte Entscheidungen auf dem Weg zu finanzieller Freiheit zu treffen.<\/p>\n<p><a href=\"https:\/\/aixgroup.ch\/de\/contact-us\/#contact-form-main\" class=\"sched-meet-btn\">VEREINBAREN SIE EINEN TERMIN <\/a><\/p>\n<\/div>\n","protected":false},"excerpt":{"rendered":"<p>Was sind festverzinsliche Anleihen? Investitionsleitf\u00e4den Anleihen waren schon immer die bevorzugte Wahl f\u00fcr Anleger, die in Zeiten der Unsicherheit stabile und sichere festverzinsliche Wertpapiere suchen. J\u00fcngste Ereignisse wie weltweite wirtschaftliche Abschw\u00fcnge und geopolitische Spannungen haben diese Wertsch\u00e4tzung und Pr\u00e4ferenz f\u00fcr&#8230;<\/p>\n","protected":false},"author":3,"featured_media":16241,"parent":0,"menu_order":61,"comment_status":"closed","ping_status":"closed","template":"page-fixed-rate-bonds-sight-nav.php","meta":{"inline_featured_image":false,"footnotes":""},"acf":[],"yoast_head":"<!-- This site is optimized with the Yoast SEO Premium plugin v22.6 (Yoast SEO v22.6) - https:\/\/yoast.com\/wordpress\/plugins\/seo\/ -->\n<title>What are Fixed Rate Bonds? Guides\u00a0To\u00a0Investing | AIX Group AG<\/title>\n<meta name=\"description\" content=\"Navigate the bond investment market confidently with AIX. Here is a simple guide to help you make informed decisions and achieve financial freedom.\" \/>\n<meta name=\"robots\" content=\"noindex, follow, max-snippet:-1, max-image-preview:large, max-video-preview:-1\" \/>\n<meta property=\"og:locale\" content=\"de_DE\" \/>\n<meta property=\"og:type\" content=\"article\" \/>\n<meta property=\"og:title\" content=\"What are Fixed Rate Bonds? Guides\u00a0To\u00a0Investing\" \/>\n<meta property=\"og:description\" content=\"Navigate the bond investment market confidently with AIX. Here is a simple guide to help you make informed decisions and achieve financial freedom.\" \/>\n<meta property=\"og:url\" content=\"https:\/\/aixgroup.ch\/de\/fixed-rate-bonds\/\" \/>\n<meta property=\"og:site_name\" content=\"AIX Group AG\" \/>\n<meta property=\"article:modified_time\" content=\"2024-11-18T07:25:42+00:00\" \/>\n<meta property=\"og:image\" content=\"https:\/\/aixgroup.ch\/wp-content\/uploads\/2024\/01\/real-estate-maon-image.jpg\" \/>\n\t<meta property=\"og:image:width\" content=\"1140\" \/>\n\t<meta property=\"og:image:height\" content=\"530\" \/>\n\t<meta property=\"og:image:type\" content=\"image\/jpeg\" \/>\n<meta name=\"twitter:card\" content=\"summary_large_image\" \/>\n<meta name=\"twitter:image\" content=\"https:\/\/aixgroup.ch\/wp-content\/uploads\/2023\/12\/4-copy.jpg\" \/>\n<meta name=\"twitter:label1\" content=\"Gesch\u00e4tzte Lesezeit\" \/>\n\t<meta name=\"twitter:data1\" content=\"8\u00a0Minuten\" \/>\n<!-- \/ Yoast SEO Premium plugin. -->","yoast_head_json":{"title":"What are Fixed Rate Bonds? Guides\u00a0To\u00a0Investing | AIX Group AG","description":"Navigate the bond investment market confidently with AIX. Here is a simple guide to help you make informed decisions and achieve financial freedom.","robots":{"index":"noindex","follow":"follow","max-snippet":"max-snippet:-1","max-image-preview":"max-image-preview:large","max-video-preview":"max-video-preview:-1"},"og_locale":"de_DE","og_type":"article","og_title":"What are Fixed Rate Bonds? Guides\u00a0To\u00a0Investing","og_description":"Navigate the bond investment market confidently with AIX. Here is a simple guide to help you make informed decisions and achieve financial freedom.","og_url":"https:\/\/aixgroup.ch\/de\/fixed-rate-bonds\/","og_site_name":"AIX Group AG","article_modified_time":"2024-11-18T07:25:42+00:00","og_image":[{"width":1140,"height":530,"url":"https:\/\/aixgroup.ch\/wp-content\/uploads\/2024\/01\/real-estate-maon-image.jpg","type":"image\/jpeg"}],"twitter_card":"summary_large_image","twitter_image":"https:\/\/aixgroup.ch\/wp-content\/uploads\/2023\/12\/4-copy.jpg","twitter_misc":{"Gesch\u00e4tzte Lesezeit":"8\u00a0Minuten"},"schema":{"@context":"https:\/\/schema.org","@graph":[{"@type":"WebPage","@id":"https:\/\/aixgroup.ch\/de\/fixed-rate-bonds\/","url":"https:\/\/aixgroup.ch\/de\/fixed-rate-bonds\/","name":"Bond Investments with AIX: A Simple Guide","isPartOf":{"@id":"https:\/\/aixgroup.ch\/#website"},"primaryImageOfPage":{"@id":"https:\/\/aixgroup.ch\/de\/fixed-rate-bonds\/#primaryimage"},"image":{"@id":"https:\/\/aixgroup.ch\/de\/fixed-rate-bonds\/#primaryimage"},"thumbnailUrl":"https:\/\/aixgroup.ch\/wp-content\/uploads\/2024\/01\/real-estate-maon-image.jpg","datePublished":"2023-12-11T10:39:46+00:00","dateModified":"2024-11-18T07:25:42+00:00","description":"Navigate the bond investment market confidently with AIX. Here is a simple guide to help you make informed decisions and achieve financial freedom.","breadcrumb":{"@id":"https:\/\/aixgroup.ch\/de\/fixed-rate-bonds\/#breadcrumb"},"inLanguage":"de","potentialAction":[{"@type":"ReadAction","target":["https:\/\/aixgroup.ch\/de\/fixed-rate-bonds\/"]}]},{"@type":"ImageObject","inLanguage":"de","@id":"https:\/\/aixgroup.ch\/de\/fixed-rate-bonds\/#primaryimage","url":"https:\/\/aixgroup.ch\/wp-content\/uploads\/2024\/01\/real-estate-maon-image.jpg","contentUrl":"https:\/\/aixgroup.ch\/wp-content\/uploads\/2024\/01\/real-estate-maon-image.jpg","width":1142,"height":530},{"@type":"BreadcrumbList","@id":"https:\/\/aixgroup.ch\/de\/fixed-rate-bonds\/#breadcrumb","itemListElement":[{"@type":"ListItem","position":1,"name":"Home","item":"https:\/\/aixgroup.ch\/"},{"@type":"ListItem","position":2,"name":"What are Fixed Rate Bonds? Guides\u00a0To\u00a0Investing"}]},{"@type":"WebSite","@id":"https:\/\/aixgroup.ch\/#website","url":"https:\/\/aixgroup.ch\/","name":"AIX Group AG","description":"Our proven track record allows us to offer investors fixed returns via AIX BOND, while minimizing the risk and helping them invest in a safe way.","publisher":{"@id":"https:\/\/aixgroup.ch\/#organization"},"potentialAction":[{"@type":"SearchAction","target":{"@type":"EntryPoint","urlTemplate":"https:\/\/aixgroup.ch\/?s={search_term_string}"},"query-input":"required name=search_term_string"}],"inLanguage":"de"},{"@type":"Organization","@id":"https:\/\/aixgroup.ch\/#organization","name":"AIX Group AG","url":"https:\/\/aixgroup.ch\/","logo":{"@type":"ImageObject","inLanguage":"de","@id":"https:\/\/aixgroup.ch\/#\/schema\/logo\/image\/","url":"https:\/\/aixgroup.ch\/wp-content\/uploads\/2024\/05\/aix-group-logo.png","contentUrl":"https:\/\/aixgroup.ch\/wp-content\/uploads\/2024\/05\/aix-group-logo.png","width":549,"height":304,"caption":"AIX Group AG"},"image":{"@id":"https:\/\/aixgroup.ch\/#\/schema\/logo\/image\/"}}]}},"_links":{"self":[{"href":"https:\/\/aixgroup.ch\/de\/wp-json\/wp\/v2\/pages\/16105"}],"collection":[{"href":"https:\/\/aixgroup.ch\/de\/wp-json\/wp\/v2\/pages"}],"about":[{"href":"https:\/\/aixgroup.ch\/de\/wp-json\/wp\/v2\/types\/page"}],"author":[{"embeddable":true,"href":"https:\/\/aixgroup.ch\/de\/wp-json\/wp\/v2\/users\/3"}],"replies":[{"embeddable":true,"href":"https:\/\/aixgroup.ch\/de\/wp-json\/wp\/v2\/comments?post=16105"}],"version-history":[{"count":6,"href":"https:\/\/aixgroup.ch\/de\/wp-json\/wp\/v2\/pages\/16105\/revisions"}],"predecessor-version":[{"id":17754,"href":"https:\/\/aixgroup.ch\/de\/wp-json\/wp\/v2\/pages\/16105\/revisions\/17754"}],"wp:featuredmedia":[{"embeddable":true,"href":"https:\/\/aixgroup.ch\/de\/wp-json\/wp\/v2\/media\/16241"}],"wp:attachment":[{"href":"https:\/\/aixgroup.ch\/de\/wp-json\/wp\/v2\/media?parent=16105"}],"curies":[{"name":"wp","href":"https:\/\/api.w.org\/{rel}","templated":true}]}}