{"id":14107,"date":"2022-09-08T16:44:36","date_gmt":"2022-09-08T12:44:36","guid":{"rendered":"https:\/\/aixgroup.ch\/?page_id=14107"},"modified":"2024-10-12T13:55:03","modified_gmt":"2024-10-12T09:55:03","slug":"aix-bond","status":"publish","type":"page","link":"https:\/\/aixgroup.ch\/de\/product\/aix-bond\/","title":{"rendered":"AIX Bond"},"content":{"rendered":"","protected":false},"excerpt":{"rendered":"","protected":false},"author":3,"featured_media":6326,"parent":6325,"menu_order":55,"comment_status":"closed","ping_status":"closed","template":"page-logo-test.php","meta":{"inline_featured_image":false,"footnotes":""},"acf":[],"yoast_head":"<!-- This site is optimized with the Yoast SEO Premium plugin v22.6 (Yoast SEO v22.6) - https:\/\/yoast.com\/wordpress\/plugins\/seo\/ -->\n<title>AIX BOND - Trust &amp; Transparency I AIX Group AG<\/title>\n<meta name=\"description\" content=\"Unsere nachgewiesene Erfolgsbilanz erm\u00f6glicht es uns, Investoren feste Renditen \u00fcber AIX BOND anzubieten, w\u00e4hrend wir das gesamte Risiko selbst \u00fcbernehmen und ihnen dabei helfen, auf sichere Weise zu investieren. Festverzinsliche BONDS bieten unseren Investoren w\u00e4hrend der gesamten Laufzeit vom Bond stetige Zinsertr\u00e4ge und tragen au\u00dferdem dazu bei, das Gesamtrisiko in einem Investitionsportfolio zu verringern.\" \/>\n<meta name=\"robots\" content=\"noindex, follow, max-snippet:-1, max-image-preview:large, max-video-preview:-1\" \/>\n<meta property=\"og:locale\" content=\"de_DE\" \/>\n<meta property=\"og:type\" content=\"article\" \/>\n<meta property=\"og:title\" content=\"AIX Bond\" \/>\n<meta property=\"og:description\" content=\"Unsere nachgewiesene Erfolgsbilanz erm\u00f6glicht es uns, Investoren feste Renditen \u00fcber AIX BOND anzubieten, w\u00e4hrend wir das gesamte Risiko selbst \u00fcbernehmen und ihnen dabei helfen, auf sichere Weise zu investieren. Festverzinsliche BONDS bieten unseren Investoren w\u00e4hrend der gesamten Laufzeit vom Bond stetige Zinsertr\u00e4ge und tragen au\u00dferdem dazu bei, das Gesamtrisiko in einem Investitionsportfolio zu verringern.\" \/>\n<meta property=\"og:url\" content=\"https:\/\/aixgroup.ch\/de\/\" \/>\n<meta property=\"og:site_name\" content=\"AIX Group AG\" \/>\n<meta property=\"article:modified_time\" content=\"2024-10-12T09:55:03+00:00\" \/>\n<meta property=\"og:image\" content=\"https:\/\/aixgroup.ch\/wp-content\/uploads\/2020\/02\/product-bg1-1200x162.jpg\" \/>\n\t<meta property=\"og:image:width\" content=\"1700\" \/>\n\t<meta property=\"og:image:height\" content=\"760\" \/>\n\t<meta property=\"og:image:type\" content=\"image\/gif\" \/>\n<meta name=\"twitter:card\" content=\"summary_large_image\" \/>\n<meta name=\"twitter:image\" content=\"https:\/\/aixgroup.ch\/wp-content\/uploads\/2022\/09\/aixproperties1.gif\" \/>\n<meta name=\"twitter:label1\" content=\"Gesch\u00e4tzte Lesezeit\" \/>\n\t<meta name=\"twitter:data1\" content=\"1\u00a0Minute\" \/>\n<!-- \/ Yoast SEO Premium plugin. -->","yoast_head_json":{"title":"AIX BOND - Trust & Transparency I AIX Group AG","description":"Unsere nachgewiesene Erfolgsbilanz erm\u00f6glicht es uns, Investoren feste Renditen \u00fcber AIX BOND anzubieten, w\u00e4hrend wir das gesamte Risiko selbst \u00fcbernehmen und ihnen dabei helfen, auf sichere Weise zu investieren. Festverzinsliche BONDS bieten unseren Investoren w\u00e4hrend der gesamten Laufzeit vom Bond stetige Zinsertr\u00e4ge und tragen au\u00dferdem dazu bei, das Gesamtrisiko in einem Investitionsportfolio zu verringern.","robots":{"index":"noindex","follow":"follow","max-snippet":"max-snippet:-1","max-image-preview":"max-image-preview:large","max-video-preview":"max-video-preview:-1"},"og_locale":"de_DE","og_type":"article","og_title":"AIX Bond","og_description":"Unsere nachgewiesene Erfolgsbilanz erm\u00f6glicht es uns, Investoren feste Renditen \u00fcber AIX BOND anzubieten, w\u00e4hrend wir das gesamte Risiko selbst \u00fcbernehmen und ihnen dabei helfen, auf sichere Weise zu investieren. Festverzinsliche BONDS bieten unseren Investoren w\u00e4hrend der gesamten Laufzeit vom Bond stetige Zinsertr\u00e4ge und tragen au\u00dferdem dazu bei, das Gesamtrisiko in einem Investitionsportfolio zu verringern.","og_url":"https:\/\/aixgroup.ch\/de\/","og_site_name":"AIX Group AG","article_modified_time":"2024-10-12T09:55:03+00:00","og_image":[{"width":1700,"height":760,"url":"https:\/\/aixgroup.ch\/wp-content\/uploads\/2020\/02\/product-bg1-1200x162.jpg","type":"image\/gif"}],"twitter_card":"summary_large_image","twitter_image":"https:\/\/aixgroup.ch\/wp-content\/uploads\/2022\/09\/aixproperties1.gif","twitter_misc":{"Gesch\u00e4tzte Lesezeit":"1\u00a0Minute"},"schema":{"@context":"https:\/\/schema.org","@graph":[{"@type":"WebPage","@id":"https:\/\/aixgroup.ch\/de\/","url":"https:\/\/aixgroup.ch\/de\/","name":"AIX BOND - Trust & Transparency I AIX Group AG","isPartOf":{"@id":"https:\/\/aixgroup.ch\/#website"},"primaryImageOfPage":{"@id":"https:\/\/aixgroup.ch\/de\/#primaryimage"},"image":{"@id":"https:\/\/aixgroup.ch\/de\/#primaryimage"},"thumbnailUrl":"https:\/\/aixgroup.ch\/wp-content\/uploads\/2020\/02\/product-bg1.jpg","datePublished":"2022-09-08T12:44:36+00:00","dateModified":"2024-10-12T09:55:03+00:00","description":"Unsere nachgewiesene Erfolgsbilanz erm\u00f6glicht es uns, Investoren feste Renditen \u00fcber AIX BOND anzubieten, w\u00e4hrend wir das gesamte Risiko selbst \u00fcbernehmen und ihnen dabei helfen, auf sichere Weise zu investieren. Festverzinsliche BONDS bieten unseren Investoren w\u00e4hrend der gesamten Laufzeit vom Bond stetige Zinsertr\u00e4ge und tragen au\u00dferdem dazu bei, das Gesamtrisiko in einem Investitionsportfolio zu verringern.","breadcrumb":{"@id":"https:\/\/aixgroup.ch\/de\/#breadcrumb"},"inLanguage":"de","potentialAction":[{"@type":"ReadAction","target":["https:\/\/aixgroup.ch\/de\/"]}]},{"@type":"ImageObject","inLanguage":"de","@id":"https:\/\/aixgroup.ch\/de\/#primaryimage","url":"https:\/\/aixgroup.ch\/wp-content\/uploads\/2020\/02\/product-bg1.jpg","contentUrl":"https:\/\/aixgroup.ch\/wp-content\/uploads\/2020\/02\/product-bg1.jpg","width":1700,"height":230},{"@type":"BreadcrumbList","@id":"https:\/\/aixgroup.ch\/de\/#breadcrumb","itemListElement":[{"@type":"ListItem","position":1,"name":"Home","item":"https:\/\/aixgroup.ch\/"},{"@type":"ListItem","position":2,"name":"Unserer Produkte","item":"https:\/\/aixgroup.ch\/our-products\/"},{"@type":"ListItem","position":3,"name":"AIX Bond"}]},{"@type":"WebSite","@id":"https:\/\/aixgroup.ch\/#website","url":"https:\/\/aixgroup.ch\/","name":"AIX Group AG","description":"Our proven track record allows us to offer investors fixed returns via AIX BOND, while minimizing the risk and helping them invest in a safe way.","publisher":{"@id":"https:\/\/aixgroup.ch\/#organization"},"potentialAction":[{"@type":"SearchAction","target":{"@type":"EntryPoint","urlTemplate":"https:\/\/aixgroup.ch\/?s={search_term_string}"},"query-input":"required name=search_term_string"}],"inLanguage":"de"},{"@type":"Organization","@id":"https:\/\/aixgroup.ch\/#organization","name":"AIX Group AG","url":"https:\/\/aixgroup.ch\/","logo":{"@type":"ImageObject","inLanguage":"de","@id":"https:\/\/aixgroup.ch\/#\/schema\/logo\/image\/","url":"https:\/\/aixgroup.ch\/wp-content\/uploads\/2024\/05\/aix-group-logo.png","contentUrl":"https:\/\/aixgroup.ch\/wp-content\/uploads\/2024\/05\/aix-group-logo.png","width":549,"height":304,"caption":"AIX Group AG"},"image":{"@id":"https:\/\/aixgroup.ch\/#\/schema\/logo\/image\/"}}]}},"_links":{"self":[{"href":"https:\/\/aixgroup.ch\/de\/wp-json\/wp\/v2\/pages\/14107"}],"collection":[{"href":"https:\/\/aixgroup.ch\/de\/wp-json\/wp\/v2\/pages"}],"about":[{"href":"https:\/\/aixgroup.ch\/de\/wp-json\/wp\/v2\/types\/page"}],"author":[{"embeddable":true,"href":"https:\/\/aixgroup.ch\/de\/wp-json\/wp\/v2\/users\/3"}],"replies":[{"embeddable":true,"href":"https:\/\/aixgroup.ch\/de\/wp-json\/wp\/v2\/comments?post=14107"}],"version-history":[{"count":12,"href":"https:\/\/aixgroup.ch\/de\/wp-json\/wp\/v2\/pages\/14107\/revisions"}],"predecessor-version":[{"id":17087,"href":"https:\/\/aixgroup.ch\/de\/wp-json\/wp\/v2\/pages\/14107\/revisions\/17087"}],"up":[{"embeddable":true,"href":"https:\/\/aixgroup.ch\/de\/wp-json\/wp\/v2\/pages\/6325"}],"wp:featuredmedia":[{"embeddable":true,"href":"https:\/\/aixgroup.ch\/de\/wp-json\/wp\/v2\/media\/6326"}],"wp:attachment":[{"href":"https:\/\/aixgroup.ch\/de\/wp-json\/wp\/v2\/media?parent=14107"}],"curies":[{"name":"wp","href":"https:\/\/api.w.org\/{rel}","templated":true}]}}